{"id":4608,"date":"2025-06-28T16:47:31","date_gmt":"2025-06-28T14:47:31","guid":{"rendered":"https:\/\/uj.adatbank.ro\/lexikon\/termek\/bethlen-gergely-bethleni-gr-5\/"},"modified":"2025-06-28T16:47:31","modified_gmt":"2025-06-28T14:47:31","slug":"bethlen-gergely-bethleni-gr-5","status":"publish","type":"product","link":"https:\/\/uj.adatbank.ro\/lexikon\/termek\/bethlen-gergely-bethleni-gr-5\/","title":{"rendered":"BETHLEN Gergely; bethleni gr."},"content":{"rendered":"<p>1778. \u2020\u00a0Nagyb\u00fan, 1835. m\u00e1rc. 1. A nagyb\u00fani csal\u00e1di s\u00edrboltban nyugszik: birtokos. \u2013 Lajos \u00e9s Wessel\u00e9nyi Anna fia. Testv\u00e9rei: Rosalia, Lajos (1782\u20131867). Feles\u00e9ge: bethleni gr. Bethlen Kl\u00e1ra (1786.? \u2013 Kv., 1844. j\u00fan. 20. Nagyb\u00fanban temett\u00e9k), B. P\u00e1l \u00e9s Kem\u00e9ny Krisztina l\u00e1nya. Halotti c\u00edmere a kv.-i Farkas utcai templomban tal\u00e1lhat\u00f3. Gyermekeik: B. Lajos, L\u00e1szl\u00f3, Krisztina, Polixenia, Borb\u00e1la. <br \/><strong>Irod.:<\/strong> Entz\u2013Kov\u00e1cs; Gudenus; Gy\u00e1szjelent\u0151; Lev\u00e9lt\u00e1ri gy\u00e1szj.<\/br><\/p>\n","protected":false},"excerpt":{"rendered":"<p>1778. \u2020\u00a0Nagyb\u00fan, 1835. m\u00e1rc. 1. A nagyb\u00fani csal\u00e1di s\u00edrboltban nyugszik: birtokos. \u2013 Lajos \u00e9s Wessel\u00e9nyi Anna fia. Testv\u00e9rei: Rosalia, Lajos (1782\u20131867). Feles\u00e9ge: bethleni gr. Bethlen Kl\u00e1ra (1786.? \u2013 Kv., 1844. j\u00fan. 20. Nagyb\u00fanban temett\u00e9k), B. P\u00e1l \u00e9s Kem\u00e9ny Krisztina l\u00e1nya. Halotti c\u00edmere a kv.-i Farkas utcai templomban tal\u00e1lhat\u00f3. Gyermekeik: B. Lajos, L\u00e1szl\u00f3, Krisztina, Polixenia, Borb\u00e1la. [&hellip;]<\/p>\n","protected":false},"featured_media":0,"comment_status":"open","ping_status":"closed","template":"","meta":[],"product_brand":[],"product_cat":[137],"product_tag":[],"class_list":{"0":"post-4608","1":"product","2":"type-product","3":"status-publish","5":"product_cat-maros-megyei-eletrajzi-lexikon","7":"first","8":"instock","9":"shipping-taxable","10":"product-type-simple"},"_links":{"self":[{"href":"https:\/\/uj.adatbank.ro\/lexikon\/wp-json\/wp\/v2\/product\/4608","targetHints":{"allow":["GET"]}}],"collection":[{"href":"https:\/\/uj.adatbank.ro\/lexikon\/wp-json\/wp\/v2\/product"}],"about":[{"href":"https:\/\/uj.adatbank.ro\/lexikon\/wp-json\/wp\/v2\/types\/product"}],"replies":[{"embeddable":true,"href":"https:\/\/uj.adatbank.ro\/lexikon\/wp-json\/wp\/v2\/comments?post=4608"}],"wp:attachment":[{"href":"https:\/\/uj.adatbank.ro\/lexikon\/wp-json\/wp\/v2\/media?parent=4608"}],"wp:term":[{"taxonomy":"product_brand","embeddable":true,"href":"https:\/\/uj.adatbank.ro\/lexikon\/wp-json\/wp\/v2\/product_brand?post=4608"},{"taxonomy":"product_cat","embeddable":true,"href":"https:\/\/uj.adatbank.ro\/lexikon\/wp-json\/wp\/v2\/product_cat?post=4608"},{"taxonomy":"product_tag","embeddable":true,"href":"https:\/\/uj.adatbank.ro\/lexikon\/wp-json\/wp\/v2\/product_tag?post=4608"}],"curies":[{"name":"wp","href":"https:\/\/api.w.org\/{rel}","templated":true}]}}