{"id":4609,"date":"2025-06-28T16:47:32","date_gmt":"2025-06-28T14:47:32","guid":{"rendered":"https:\/\/uj.adatbank.ro\/lexikon\/termek\/bethlen-geza-%c2%a7-bethleni-gr\/"},"modified":"2025-06-28T16:47:32","modified_gmt":"2025-06-28T14:47:32","slug":"bethlen-geza-%c2%a7-bethleni-gr","status":"publish","type":"product","link":"https:\/\/uj.adatbank.ro\/lexikon\/termek\/bethlen-geza-%c2%a7-bethleni-gr\/","title":{"rendered":"BETHLEN G\u00e9za, \u00a7 bethleni, gr."},"content":{"rendered":"<p>Kv., 1838. m\u00e1j. 1.,\u2020 Mez\u0151szak\u00e1l, 1911. febr. 14. A kv.-i csal\u00e1di s\u00edrboltban nyugszik: f\u0151isp\u00e1n, politikus, f\u00f6ldbirtokos. \u2013 B. J\u00e1nos (1811\u20131879) korm\u00e1nybiztos, ogy. k\u00e9pvisel\u0151 \u00e9s gr. Teleki Zs\u00f3fia (1815\u20131852) fia. Testv\u00e9rei: Domokos, feles\u00e9ge gr. Mikes Sarolta; B\u00e9la; J\u00e1nos, feles\u00e9ge gr. L\u00e1z\u00e1r M\u00e1ria; J\u00f3zsef (1855.? \u2013 Kv., 1866. m\u00e1j. 11.), S\u00e1ndor (1850\u20131910). Feles\u00e9ge Ka\u00e1li Nagy Berta. Fi\u00fak: Bal\u00e1zs (1864\u20131946). \u2013 Iskol\u00e1it Bp.-en kezdte, a kv.-i ref. f\u0151tanod\u00e1ban fejezte be (1857). B\u00e9csi \u00e9s berlini egyetemeken technikai, term\u00e9szettudom\u00e1nyi \u00e9s k\u00f6zgazdas\u00e1gi el\u0151ad\u00e1sokat hallgatott. \u00c1tvette a mez\u0151szak\u00e1li csal\u00e1di birtok kezel\u00e9s\u00e9t, eredm\u00e9nyes mintagazdas\u00e1gg\u00e1 fejlesztette. R\u00e9szt vett a k\u00f6z\u00fcgyekben, a megye \u00e9let\u00e9ben (1861-), de hivatalt nem v\u00e1llalt. A t\u00f6rv\u00e9nyhat\u00f3s\u00e1gi bizotts\u00e1gok tagja, Torda-Aranyos megyei szabadelv\u0171 p\u00e1rtnak eln\u00f6ke, k\u00fcl\u00f6nb\u00f6z\u0151 t\u00e1rsadalmi egyletek t\u00e1mogat\u00f3ja, a nagyenyedi ref. koll. f\u0151gondnoka. Az EMKE alap\u00edt\u00f3 \u00e9s v\u00e1lasztott v\u00e1lasztm\u00e1nyi tagja (1885\u2013), a marosludasi k\u00f6r eln\u00f6ke volt. A marosludasi ker\u00fcletb\u0151l bejutott a parlamentbe (1891\u2013), de f\u0151isp\u00e1ni kinevez\u00e9s\u00e9t k\u00f6vet\u0151en lemondott a mand\u00e1tum\u00e1r\u00f3l. Torda-Aranyos vm. f\u0151isp\u00e1nja (1887. m\u00e1rc. 1. \u2013 1906), ut\u00e1na t\u00f6bb politikai szerepet nem v\u00e1llalt. E megy\u00e9ben 1850 hold birtoka volt. Halotti c\u00edmere a kv.-i Farkas utcai templomban van. <br \/><strong>Irod.:<\/strong> Entz\u2013Kov\u00e1cs; Gudenus; Lev\u00e9lt\u00e1ri gy\u00e1szj.; Mo. F\u0151isp\u00e1njai; P\u00e1l Judit: Erd\u00e9lyi f\u0151isp\u00e1nok a Tisza-\u00e9ra v\u00e9g\u00e9n (1890-91) (Korunk, 3.sz., 2009.; 4. sz., 2009.); S\u00e1ndor<\/br><\/p>\n","protected":false},"excerpt":{"rendered":"<p>Kv., 1838. m\u00e1j. 1.,\u2020 Mez\u0151szak\u00e1l, 1911. febr. 14. A kv.-i csal\u00e1di s\u00edrboltban nyugszik: f\u0151isp\u00e1n, politikus, f\u00f6ldbirtokos. \u2013 B. J\u00e1nos (1811\u20131879) korm\u00e1nybiztos, ogy. k\u00e9pvisel\u0151 \u00e9s gr. Teleki Zs\u00f3fia (1815\u20131852) fia. Testv\u00e9rei: Domokos, feles\u00e9ge gr. Mikes Sarolta; B\u00e9la; J\u00e1nos, feles\u00e9ge gr. L\u00e1z\u00e1r M\u00e1ria; J\u00f3zsef (1855.? \u2013 Kv., 1866. m\u00e1j. 11.), S\u00e1ndor (1850\u20131910). Feles\u00e9ge Ka\u00e1li Nagy Berta. Fi\u00fak: [&hellip;]<\/p>\n","protected":false},"featured_media":0,"comment_status":"open","ping_status":"closed","template":"","meta":[],"product_brand":[],"product_cat":[137],"product_tag":[],"class_list":{"0":"post-4609","1":"product","2":"type-product","3":"status-publish","5":"product_cat-maros-megyei-eletrajzi-lexikon","7":"first","8":"instock","9":"shipping-taxable","10":"product-type-simple"},"_links":{"self":[{"href":"https:\/\/uj.adatbank.ro\/lexikon\/wp-json\/wp\/v2\/product\/4609","targetHints":{"allow":["GET"]}}],"collection":[{"href":"https:\/\/uj.adatbank.ro\/lexikon\/wp-json\/wp\/v2\/product"}],"about":[{"href":"https:\/\/uj.adatbank.ro\/lexikon\/wp-json\/wp\/v2\/types\/product"}],"replies":[{"embeddable":true,"href":"https:\/\/uj.adatbank.ro\/lexikon\/wp-json\/wp\/v2\/comments?post=4609"}],"wp:attachment":[{"href":"https:\/\/uj.adatbank.ro\/lexikon\/wp-json\/wp\/v2\/media?parent=4609"}],"wp:term":[{"taxonomy":"product_brand","embeddable":true,"href":"https:\/\/uj.adatbank.ro\/lexikon\/wp-json\/wp\/v2\/product_brand?post=4609"},{"taxonomy":"product_cat","embeddable":true,"href":"https:\/\/uj.adatbank.ro\/lexikon\/wp-json\/wp\/v2\/product_cat?post=4609"},{"taxonomy":"product_tag","embeddable":true,"href":"https:\/\/uj.adatbank.ro\/lexikon\/wp-json\/wp\/v2\/product_tag?post=4609"}],"curies":[{"name":"wp","href":"https:\/\/api.w.org\/{rel}","templated":true}]}}