{"id":4611,"date":"2025-06-28T16:47:36","date_gmt":"2025-06-28T14:47:36","guid":{"rendered":"https:\/\/uj.adatbank.ro\/lexikon\/termek\/bethlen-gyorgy-bethleni-gr\/"},"modified":"2025-06-28T16:47:36","modified_gmt":"2025-06-28T14:47:36","slug":"bethlen-gyorgy-bethleni-gr","status":"publish","type":"product","link":"https:\/\/uj.adatbank.ro\/lexikon\/termek\/bethlen-gyorgy-bethleni-gr\/","title":{"rendered":"BETHLEN Gy\u00f6rgy, bethleni gr."},"content":{"rendered":"<p>? \u2020\u00a01778.: f\u00f6ldbirtokos. \u2013 B. Gy\u00f6rgy \u00e9s Kollatovith Kata fia. Feles\u00e9ge kisr\u00e9dei Rh\u00e9dey \u00c9va (Disznaj\u00f3, 1724 \u2013 Kv., 1750). \u2013 Kov\u00e1sznai S\u00e1ndor p\u00e1rtfog\u00f3ja. Carmin\u00e1j\u00e1ban szerepel hal\u00e1l\u00e1ra \u00edrt b\u00facs\u00faztat\u00f3ja. <br \/><strong>Irod.:<\/strong> Kov\u00e1sznai; Kov\u00e1sznai S.: Carmina exequalia 1778 (Utrecht, 1782)<\/br><\/p>\n","protected":false},"excerpt":{"rendered":"<p>? \u2020\u00a01778.: f\u00f6ldbirtokos. \u2013 B. Gy\u00f6rgy \u00e9s Kollatovith Kata fia. Feles\u00e9ge kisr\u00e9dei Rh\u00e9dey \u00c9va (Disznaj\u00f3, 1724 \u2013 Kv., 1750). \u2013 Kov\u00e1sznai S\u00e1ndor p\u00e1rtfog\u00f3ja. Carmin\u00e1j\u00e1ban szerepel hal\u00e1l\u00e1ra \u00edrt b\u00facs\u00faztat\u00f3ja. Irod.: Kov\u00e1sznai; Kov\u00e1sznai S.: Carmina exequalia 1778 (Utrecht, 1782)<\/p>\n","protected":false},"featured_media":0,"comment_status":"open","ping_status":"closed","template":"","meta":[],"product_brand":[],"product_cat":[137],"product_tag":[],"class_list":{"0":"post-4611","1":"product","2":"type-product","3":"status-publish","5":"product_cat-maros-megyei-eletrajzi-lexikon","7":"first","8":"instock","9":"shipping-taxable","10":"product-type-simple"},"_links":{"self":[{"href":"https:\/\/uj.adatbank.ro\/lexikon\/wp-json\/wp\/v2\/product\/4611","targetHints":{"allow":["GET"]}}],"collection":[{"href":"https:\/\/uj.adatbank.ro\/lexikon\/wp-json\/wp\/v2\/product"}],"about":[{"href":"https:\/\/uj.adatbank.ro\/lexikon\/wp-json\/wp\/v2\/types\/product"}],"replies":[{"embeddable":true,"href":"https:\/\/uj.adatbank.ro\/lexikon\/wp-json\/wp\/v2\/comments?post=4611"}],"wp:attachment":[{"href":"https:\/\/uj.adatbank.ro\/lexikon\/wp-json\/wp\/v2\/media?parent=4611"}],"wp:term":[{"taxonomy":"product_brand","embeddable":true,"href":"https:\/\/uj.adatbank.ro\/lexikon\/wp-json\/wp\/v2\/product_brand?post=4611"},{"taxonomy":"product_cat","embeddable":true,"href":"https:\/\/uj.adatbank.ro\/lexikon\/wp-json\/wp\/v2\/product_cat?post=4611"},{"taxonomy":"product_tag","embeddable":true,"href":"https:\/\/uj.adatbank.ro\/lexikon\/wp-json\/wp\/v2\/product_tag?post=4611"}],"curies":[{"name":"wp","href":"https:\/\/api.w.org\/{rel}","templated":true}]}}