{"id":4612,"date":"2025-06-28T16:47:38","date_gmt":"2025-06-28T14:47:38","guid":{"rendered":"https:\/\/uj.adatbank.ro\/lexikon\/termek\/bethlen-gyorgy-bethleni-gr-2\/"},"modified":"2025-06-28T16:47:38","modified_gmt":"2025-06-28T14:47:38","slug":"bethlen-gyorgy-bethleni-gr-2","status":"publish","type":"product","link":"https:\/\/uj.adatbank.ro\/lexikon\/termek\/bethlen-gyorgy-bethleni-gr-2\/","title":{"rendered":"BETHLEN Gy\u00f6rgy, bethleni gr."},"content":{"rendered":"<p>1796., \u2020 1873. j\u00fan. 8.: f\u00f6ldbirtokos. \u2013 B. Farkas (1762\u20131804) \u00e9s br. Husz\u00e1r Borb\u00e1la fia. Feles\u00e9ge br. B\u00e1nffy \u00c1gnes (1799- 1842). Gyermekei: Borb\u00e1la, Johanna, \u00c1gnes, Erzs\u00e9bet, Karolina. Teleki Samu Afrika kutat\u00f3 anyai nagyapja, Erzs\u00e9bet l\u00e1nya r\u00e9v\u00e9n. <br \/><strong>Irod.:<\/strong> Kempelen<\/br><\/p>\n","protected":false},"excerpt":{"rendered":"<p>1796., \u2020 1873. j\u00fan. 8.: f\u00f6ldbirtokos. \u2013 B. Farkas (1762\u20131804) \u00e9s br. Husz\u00e1r Borb\u00e1la fia. Feles\u00e9ge br. B\u00e1nffy \u00c1gnes (1799- 1842). Gyermekei: Borb\u00e1la, Johanna, \u00c1gnes, Erzs\u00e9bet, Karolina. Teleki Samu Afrika kutat\u00f3 anyai nagyapja, Erzs\u00e9bet l\u00e1nya r\u00e9v\u00e9n. Irod.: Kempelen<\/p>\n","protected":false},"featured_media":0,"comment_status":"open","ping_status":"closed","template":"","meta":[],"product_brand":[],"product_cat":[137],"product_tag":[],"class_list":{"0":"post-4612","1":"product","2":"type-product","3":"status-publish","5":"product_cat-maros-megyei-eletrajzi-lexikon","7":"first","8":"instock","9":"shipping-taxable","10":"product-type-simple"},"_links":{"self":[{"href":"https:\/\/uj.adatbank.ro\/lexikon\/wp-json\/wp\/v2\/product\/4612","targetHints":{"allow":["GET"]}}],"collection":[{"href":"https:\/\/uj.adatbank.ro\/lexikon\/wp-json\/wp\/v2\/product"}],"about":[{"href":"https:\/\/uj.adatbank.ro\/lexikon\/wp-json\/wp\/v2\/types\/product"}],"replies":[{"embeddable":true,"href":"https:\/\/uj.adatbank.ro\/lexikon\/wp-json\/wp\/v2\/comments?post=4612"}],"wp:attachment":[{"href":"https:\/\/uj.adatbank.ro\/lexikon\/wp-json\/wp\/v2\/media?parent=4612"}],"wp:term":[{"taxonomy":"product_brand","embeddable":true,"href":"https:\/\/uj.adatbank.ro\/lexikon\/wp-json\/wp\/v2\/product_brand?post=4612"},{"taxonomy":"product_cat","embeddable":true,"href":"https:\/\/uj.adatbank.ro\/lexikon\/wp-json\/wp\/v2\/product_cat?post=4612"},{"taxonomy":"product_tag","embeddable":true,"href":"https:\/\/uj.adatbank.ro\/lexikon\/wp-json\/wp\/v2\/product_tag?post=4612"}],"curies":[{"name":"wp","href":"https:\/\/api.w.org\/{rel}","templated":true}]}}