{"id":4616,"date":"2025-06-28T16:47:45","date_gmt":"2025-06-28T14:47:45","guid":{"rendered":"https:\/\/uj.adatbank.ro\/lexikon\/termek\/bethlen-gyorgy-bethleni-gr-5\/"},"modified":"2025-06-28T16:47:45","modified_gmt":"2025-06-28T14:47:45","slug":"bethlen-gyorgy-bethleni-gr-5","status":"publish","type":"product","link":"https:\/\/uj.adatbank.ro\/lexikon\/termek\/bethlen-gyorgy-bethleni-gr-5\/","title":{"rendered":"BETHLEN Gy\u00f6rgy; bethleni gr."},"content":{"rendered":"<p>1888. \u2020\u00a01968. \u2013 Az erd\u00e9lyi Orsz\u00e1gos Magyar P\u00e1rt (OMP) eln\u00f6ke (1926\u201338). A rom\u00e1n parlament tagja (1926\u20131937). Az erd\u0151szentgy\u00f6rgyi templon f\u0151jav\u00edt\u00e1s\u00e1t t\u00e1mogatta A m\u00e1sodik vil\u00e1gh\u00e1bor\u00fa ut\u00e1n letart\u00f3ztatt\u00e1k, Jilavan \u00e9s Nagyenyeden raboskodott, majd szabadon engedt\u00e9k. Egy faipari \u00fczemben munk\u00e1s, majd innen megy nyugd\u00edjba. <br \/><strong>Irod.:<\/strong> 1956 Erd\u00e9lyben; Bern\u00e1dy; Nagy Bod\u00f3 Tibor:<\/br><\/p>\n","protected":false},"excerpt":{"rendered":"<p>1888. \u2020\u00a01968. \u2013 Az erd\u00e9lyi Orsz\u00e1gos Magyar P\u00e1rt (OMP) eln\u00f6ke (1926\u201338). A rom\u00e1n parlament tagja (1926\u20131937). Az erd\u0151szentgy\u00f6rgyi templon f\u0151jav\u00edt\u00e1s\u00e1t t\u00e1mogatta A m\u00e1sodik vil\u00e1gh\u00e1bor\u00fa ut\u00e1n letart\u00f3ztatt\u00e1k, Jilavan \u00e9s Nagyenyeden raboskodott, majd szabadon engedt\u00e9k. Egy faipari \u00fczemben munk\u00e1s, majd innen megy nyugd\u00edjba. Irod.: 1956 Erd\u00e9lyben; Bern\u00e1dy; Nagy Bod\u00f3 Tibor:<\/p>\n","protected":false},"featured_media":0,"comment_status":"open","ping_status":"closed","template":"","meta":[],"product_brand":[],"product_cat":[137],"product_tag":[],"class_list":{"0":"post-4616","1":"product","2":"type-product","3":"status-publish","5":"product_cat-maros-megyei-eletrajzi-lexikon","7":"first","8":"instock","9":"shipping-taxable","10":"product-type-simple"},"_links":{"self":[{"href":"https:\/\/uj.adatbank.ro\/lexikon\/wp-json\/wp\/v2\/product\/4616","targetHints":{"allow":["GET"]}}],"collection":[{"href":"https:\/\/uj.adatbank.ro\/lexikon\/wp-json\/wp\/v2\/product"}],"about":[{"href":"https:\/\/uj.adatbank.ro\/lexikon\/wp-json\/wp\/v2\/types\/product"}],"replies":[{"embeddable":true,"href":"https:\/\/uj.adatbank.ro\/lexikon\/wp-json\/wp\/v2\/comments?post=4616"}],"wp:attachment":[{"href":"https:\/\/uj.adatbank.ro\/lexikon\/wp-json\/wp\/v2\/media?parent=4616"}],"wp:term":[{"taxonomy":"product_brand","embeddable":true,"href":"https:\/\/uj.adatbank.ro\/lexikon\/wp-json\/wp\/v2\/product_brand?post=4616"},{"taxonomy":"product_cat","embeddable":true,"href":"https:\/\/uj.adatbank.ro\/lexikon\/wp-json\/wp\/v2\/product_cat?post=4616"},{"taxonomy":"product_tag","embeddable":true,"href":"https:\/\/uj.adatbank.ro\/lexikon\/wp-json\/wp\/v2\/product_tag?post=4616"}],"curies":[{"name":"wp","href":"https:\/\/api.w.org\/{rel}","templated":true}]}}