{"id":4617,"date":"2025-06-28T16:47:47","date_gmt":"2025-06-28T14:47:47","guid":{"rendered":"https:\/\/uj.adatbank.ro\/lexikon\/termek\/bethlen-gyula-bethleni-gr\/"},"modified":"2025-06-28T16:47:47","modified_gmt":"2025-06-28T14:47:47","slug":"bethlen-gyula-bethleni-gr","status":"publish","type":"product","link":"https:\/\/uj.adatbank.ro\/lexikon\/termek\/bethlen-gyula-bethleni-gr\/","title":{"rendered":"BETHLEN Gyula, bethleni gr."},"content":{"rendered":"<p>\u00c1rokalja, 1835. m\u00e1j. 29. \u2020\u00a0Mv., 1902. m\u00e1j. 20., Koronk\u00e1n a csal\u00e1di s\u00edrboltban nyugszik: f\u00f6ldbirtokos Mv.-en. \u2013 B. S\u00e1ndor (1804\u20131888) \u00e9s Tholdalagi Zs\u00f3fia fia. Feles\u00e9ge: nagyercsei \u00e9s gelencei gr. Tholdalagi \u00c1d\u00e9le (Koronka, 1832. \u00e1pr. 17.-Koronka, 1893. \u00e1pr. 26.), T. Ferenc marossz\u00e9k f\u0151kir\u00e1lybir\u00e1ja \u00e9s Katona Anna le\u00e1nya; esk\u00fcv\u0151 (Koronka, 1869. nov. 20). Az EMKE Maros-Torda vm. \u00e9s Mv. sz. kir. v\u00e1rosi v\u00e1lasztm\u00e1ny\u00e1nak tagja (1885). <br \/><strong>Irod.:<\/strong> EMKE120; Gudenus; Gy\u00e1szjelent\u0151; Kempelen<\/br><\/p>\n","protected":false},"excerpt":{"rendered":"<p>\u00c1rokalja, 1835. m\u00e1j. 29. \u2020\u00a0Mv., 1902. m\u00e1j. 20., Koronk\u00e1n a csal\u00e1di s\u00edrboltban nyugszik: f\u00f6ldbirtokos Mv.-en. \u2013 B. S\u00e1ndor (1804\u20131888) \u00e9s Tholdalagi Zs\u00f3fia fia. Feles\u00e9ge: nagyercsei \u00e9s gelencei gr. Tholdalagi \u00c1d\u00e9le (Koronka, 1832. \u00e1pr. 17.-Koronka, 1893. \u00e1pr. 26.), T. Ferenc marossz\u00e9k f\u0151kir\u00e1lybir\u00e1ja \u00e9s Katona Anna le\u00e1nya; esk\u00fcv\u0151 (Koronka, 1869. nov. 20). Az EMKE Maros-Torda vm. \u00e9s [&hellip;]<\/p>\n","protected":false},"featured_media":0,"comment_status":"open","ping_status":"closed","template":"","meta":[],"product_brand":[],"product_cat":[137],"product_tag":[],"class_list":{"0":"post-4617","1":"product","2":"type-product","3":"status-publish","5":"product_cat-maros-megyei-eletrajzi-lexikon","7":"first","8":"instock","9":"shipping-taxable","10":"product-type-simple"},"_links":{"self":[{"href":"https:\/\/uj.adatbank.ro\/lexikon\/wp-json\/wp\/v2\/product\/4617","targetHints":{"allow":["GET"]}}],"collection":[{"href":"https:\/\/uj.adatbank.ro\/lexikon\/wp-json\/wp\/v2\/product"}],"about":[{"href":"https:\/\/uj.adatbank.ro\/lexikon\/wp-json\/wp\/v2\/types\/product"}],"replies":[{"embeddable":true,"href":"https:\/\/uj.adatbank.ro\/lexikon\/wp-json\/wp\/v2\/comments?post=4617"}],"wp:attachment":[{"href":"https:\/\/uj.adatbank.ro\/lexikon\/wp-json\/wp\/v2\/media?parent=4617"}],"wp:term":[{"taxonomy":"product_brand","embeddable":true,"href":"https:\/\/uj.adatbank.ro\/lexikon\/wp-json\/wp\/v2\/product_brand?post=4617"},{"taxonomy":"product_cat","embeddable":true,"href":"https:\/\/uj.adatbank.ro\/lexikon\/wp-json\/wp\/v2\/product_cat?post=4617"},{"taxonomy":"product_tag","embeddable":true,"href":"https:\/\/uj.adatbank.ro\/lexikon\/wp-json\/wp\/v2\/product_tag?post=4617"}],"curies":[{"name":"wp","href":"https:\/\/api.w.org\/{rel}","templated":true}]}}