{"id":4628,"date":"2025-06-28T16:48:04","date_gmt":"2025-06-28T14:48:04","guid":{"rendered":"https:\/\/uj.adatbank.ro\/lexikon\/termek\/bethlen-janos-bethleni-gr-2\/"},"modified":"2025-06-28T16:48:04","modified_gmt":"2025-06-28T14:48:04","slug":"bethlen-janos-bethleni-gr-2","status":"publish","type":"product","link":"https:\/\/uj.adatbank.ro\/lexikon\/termek\/bethlen-janos-bethleni-gr-2\/","title":{"rendered":"BETHLEN J\u00e1nos, bethleni gr."},"content":{"rendered":"<p>1718.?, \u2020 Bonyha, 1788. \u00e1pr. 22.: f\u00f6ldbirtokos. \u2013 Fia: \u00c1d\u00e1m. <br \/><strong>Irod.:<\/strong> Lev\u00e9lt\u00e1ri gy\u00e1szj.<\/br><\/p>\n","protected":false},"excerpt":{"rendered":"<p>1718.?, \u2020 Bonyha, 1788. \u00e1pr. 22.: f\u00f6ldbirtokos. \u2013 Fia: \u00c1d\u00e1m. Irod.: Lev\u00e9lt\u00e1ri gy\u00e1szj.<\/p>\n","protected":false},"featured_media":0,"comment_status":"open","ping_status":"closed","template":"","meta":[],"product_brand":[],"product_cat":[137],"product_tag":[],"class_list":{"0":"post-4628","1":"product","2":"type-product","3":"status-publish","5":"product_cat-maros-megyei-eletrajzi-lexikon","7":"first","8":"instock","9":"shipping-taxable","10":"product-type-simple"},"_links":{"self":[{"href":"https:\/\/uj.adatbank.ro\/lexikon\/wp-json\/wp\/v2\/product\/4628","targetHints":{"allow":["GET"]}}],"collection":[{"href":"https:\/\/uj.adatbank.ro\/lexikon\/wp-json\/wp\/v2\/product"}],"about":[{"href":"https:\/\/uj.adatbank.ro\/lexikon\/wp-json\/wp\/v2\/types\/product"}],"replies":[{"embeddable":true,"href":"https:\/\/uj.adatbank.ro\/lexikon\/wp-json\/wp\/v2\/comments?post=4628"}],"wp:attachment":[{"href":"https:\/\/uj.adatbank.ro\/lexikon\/wp-json\/wp\/v2\/media?parent=4628"}],"wp:term":[{"taxonomy":"product_brand","embeddable":true,"href":"https:\/\/uj.adatbank.ro\/lexikon\/wp-json\/wp\/v2\/product_brand?post=4628"},{"taxonomy":"product_cat","embeddable":true,"href":"https:\/\/uj.adatbank.ro\/lexikon\/wp-json\/wp\/v2\/product_cat?post=4628"},{"taxonomy":"product_tag","embeddable":true,"href":"https:\/\/uj.adatbank.ro\/lexikon\/wp-json\/wp\/v2\/product_tag?post=4628"}],"curies":[{"name":"wp","href":"https:\/\/api.w.org\/{rel}","templated":true}]}}