{"id":4629,"date":"2025-06-28T16:48:10","date_gmt":"2025-06-28T14:48:10","guid":{"rendered":"https:\/\/uj.adatbank.ro\/lexikon\/termek\/bethlen-janos-bethleni-gr-3\/"},"modified":"2025-06-28T16:48:10","modified_gmt":"2025-06-28T14:48:10","slug":"bethlen-janos-bethleni-gr-3","status":"publish","type":"product","link":"https:\/\/uj.adatbank.ro\/lexikon\/termek\/bethlen-janos-bethleni-gr-3\/","title":{"rendered":"BETHLEN J\u00e1nos, bethleni gr."},"content":{"rendered":"<p>1751.?, \u2020 \u00c1rokalja, 1812. dec. 18.: f\u00f6ldbirtokos. \u2013 Feles\u00e9ge: Wessel\u00e9nyi Zsuzs\u00e1nna. <br \/><strong>Irod.:<\/strong> Lev\u00e9lt\u00e1ri gy\u00e1szj. Lehet ki kell hagyni!!<\/br><\/p>\n","protected":false},"excerpt":{"rendered":"<p>1751.?, \u2020 \u00c1rokalja, 1812. dec. 18.: f\u00f6ldbirtokos. \u2013 Feles\u00e9ge: Wessel\u00e9nyi Zsuzs\u00e1nna. Irod.: Lev\u00e9lt\u00e1ri gy\u00e1szj. Lehet ki kell hagyni!!<\/p>\n","protected":false},"featured_media":0,"comment_status":"open","ping_status":"closed","template":"","meta":[],"product_brand":[],"product_cat":[137],"product_tag":[],"class_list":{"0":"post-4629","1":"product","2":"type-product","3":"status-publish","5":"product_cat-maros-megyei-eletrajzi-lexikon","7":"first","8":"instock","9":"shipping-taxable","10":"product-type-simple"},"_links":{"self":[{"href":"https:\/\/uj.adatbank.ro\/lexikon\/wp-json\/wp\/v2\/product\/4629","targetHints":{"allow":["GET"]}}],"collection":[{"href":"https:\/\/uj.adatbank.ro\/lexikon\/wp-json\/wp\/v2\/product"}],"about":[{"href":"https:\/\/uj.adatbank.ro\/lexikon\/wp-json\/wp\/v2\/types\/product"}],"replies":[{"embeddable":true,"href":"https:\/\/uj.adatbank.ro\/lexikon\/wp-json\/wp\/v2\/comments?post=4629"}],"wp:attachment":[{"href":"https:\/\/uj.adatbank.ro\/lexikon\/wp-json\/wp\/v2\/media?parent=4629"}],"wp:term":[{"taxonomy":"product_brand","embeddable":true,"href":"https:\/\/uj.adatbank.ro\/lexikon\/wp-json\/wp\/v2\/product_brand?post=4629"},{"taxonomy":"product_cat","embeddable":true,"href":"https:\/\/uj.adatbank.ro\/lexikon\/wp-json\/wp\/v2\/product_cat?post=4629"},{"taxonomy":"product_tag","embeddable":true,"href":"https:\/\/uj.adatbank.ro\/lexikon\/wp-json\/wp\/v2\/product_tag?post=4629"}],"curies":[{"name":"wp","href":"https:\/\/api.w.org\/{rel}","templated":true}]}}