{"id":4631,"date":"2025-06-28T16:48:14","date_gmt":"2025-06-28T14:48:14","guid":{"rendered":"https:\/\/uj.adatbank.ro\/lexikon\/termek\/bethlen-janos-bethleni-kisbuni-gr-bethlen-kisbun-ioan\/"},"modified":"2025-06-28T16:48:14","modified_gmt":"2025-06-28T14:48:14","slug":"bethlen-janos-bethleni-kisbuni-gr-bethlen-kisbun-ioan","status":"publish","type":"product","link":"https:\/\/uj.adatbank.ro\/lexikon\/termek\/bethlen-janos-bethleni-kisbuni-gr-bethlen-kisbun-ioan\/","title":{"rendered":"BETHLEN J\u00e1nos, bethleni, kisbuni gr., Bethlen Kisb\u00fan Ioan"},"content":{"rendered":"<p>Kisb\u00fan, 1613., \u2020 Nagyszeben, 1678. febr. 18. V\u00e9gakarata szerint fia Mikl\u00f3s a mv.-i V\u00e1rtemplom s\u00edrboltj\u00e1ba temette el (1678. m\u00e1rc. 6.): fejedelmi tan\u00e1csos, Erd\u00e9ly kancell\u00e1rja, f\u0151isp\u00e1n, t\u00f6rt\u00e9net\u00edr\u00f3. \u2013 Gr. B. Farkas (1560\u20131616) \u00e9s Kem\u00e9ny Anna fia, gr. B. Mikl\u00f3s (1642\u20131716) apja. Feles\u00e9ge: 1. V\u00e1radi Borb\u00e1la, gyermekeik: Mikl\u00f3s (1642\u20131716), P\u00e1l; 2. fricsi Fekete Kl\u00e1ra, \u00f6zv. Pekri Ferencn\u00e9, gyermekeik: S\u00e1muel (1663\u20131708) \u00e9s bethleni Bethlen Zs\u00f3fia (1654\u20131668). M\u00e1sodik feles\u00e9ge k\u00e9r\u00e9s\u00e9re a csal\u00e1di vagyont elosztott\u00e1k a gyermekek k\u00f6z\u00f6tt (1668): Mikl\u00f3s \u00e9s S\u00e1muel vajdaszentiv\u00e1nyi r\u00e9szbirtokot kapott. \u2013 Kezdetben a tudom\u00e1nyokban j\u00e1ratlan mostohaapja Macsk\u00e1si \/ Macsk\u00e1ssy Ferenc tan\u00edtotta, az \u0151 hat\u00e1s\u00e1ra az unit. hitr\u0151l \u00e1tt\u00e9rt a ref.-ra, majd kora neves pedag\u00f3gusa, Kereszt\u00fari P\u00e1l ir\u00e1ny\u00edtotta nevel\u00e9s\u00e9t. Tanulm\u00e1nyait Gyulafeh\u00e9rv\u00e1ron v\u00e9gezte. Nem tanult k\u00fclf\u00f6ld\u00f6n, de kora egyik legm\u0171veltebb erd\u00e9lyi f\u0151ura volt. Bonyh\u00e1n fel\u00e9p\u00edttette az \u00faj kast\u00e9lyt k\u00e9s\u0151 renesz\u00e1nsz st\u00edlusban (1675 k.), amelyet a csal\u00e1d lebontatott (1930. k.), v\u00e9grendelete szerint fia P\u00e1l \u00f6r\u00f6k\u00f6lte. \u00c1t\u00e9p\u00edtette \u00e9s kib\u0151v\u00edtette a kisb\u00fani kast\u00e9lyt (1640\u201342), ami m\u00e9g a II. vh. ut\u00e1n is viszonylag \u00e9p \u00e1llapotban volt \u00e9s \u00e1llami gazdas\u00e1gi irod\u00e1k m\u0171k\u00f6dtek benne, ma romosodik). R\u00e1k\u00f3czi Gy\u00f6rgy fejedelem kinevezte t\u00e1blai \u00fcln\u00f6kk\u00e9 (1648\u201358). Torda vm. f\u0151isp\u00e1nja (1651). Tagja volt annak a bizotts\u00e1gnak (1652\u201353), amelynek feladata volt az erd\u00e9lyi t\u00f6rv\u00e9nyek \u00f6sszegy\u0171jt\u00e9se \u00e9s rendszerez\u00e9se, az Approbatae Constitutiones \u00f6ssze\u00e1ll\u00edt\u00e1sa. R\u00e9szt vett I. R\u00e1k\u00f3czi Gy\u00f6rgy hadj\u00e1rat\u00e1ban. II. R\u00e1k\u00f3czi k\u00f6vete volt a lengyel kir. udvarban (1653), kinevezte Krakk\u00f3 v\u00e1ros m. parancsnok\u00e1v\u00e1 (1657. \u00e1pr. 27.- j\u00fal. 22.), majd visszat\u00e9rtek Erd\u00e9lybe a megal\u00e1z\u00f3 b\u00e9kek\u00f6t\u00e9s ut\u00e1n. K\u00fck\u00fcll\u0151 vm. f\u0151isp\u00e1nja (1656\u201362). Az ellenz\u00e9k vez\u00e9re lett, el\u00e9rte R\u00e1k\u00f3czi lev\u00e1lt\u00e1s\u00e1t a gyulafeh\u00e9rv\u00e1ri ogy.-en (1657. okt. 25.). Rh\u00e9dey Ferenc mellett a fejedelmi tan\u00e1cs tagja volt (1657), majd Kis-K\u00fck\u00fcll\u0151 vm. f\u0151isp\u00e1nj\u00e1v\u00e1 nevezt\u00e9k ki egy\u00fctt Pekri Ferenccel (1658\u201359). Tan\u00e1cs\u00far (1658\u2013) \u00e9s kancell\u00e1r (1658\u2013). R\u00e1k\u00f3czi Gy\u00f6rgy mellet \u00e1llt \u00fajj\u00e1v\u00e1laszt\u00e1sakor, buk\u00e1s\u00e1t k\u00f6vet\u0151en Barcsai \u00c1kos szolg\u00e1lat\u00e1ban \u00e1llt, a fejedelem f\u0151tan\u00e1csosa, Erd\u00e9lyorsz\u00e1g kancell\u00e1rja a sz\u00e1szsebesi ogy.-en v\u00e1lasztott\u00e1k meg (1659), \u00e9s Udvarhelysz\u00e9k f\u0151kapit\u00e1nya (1660\u201367). Kem\u00e9ny J\u00e1nos fejedelem mellett \u00e1llt, a nagysz\u0151ll\u0151si csataveszt\u00e9se ut\u00e1n G\u00f6rg\u00e9ny v\u00e1r\u00e1ba menek\u00fclt Haller G\u00e1borral \u00e9s Rh\u00e9dey Ferenccel, majd visszat\u00e9rt a t\u00f6r\u00f6kbar\u00e1t politik\u00e1hoz, \u00e1tadt\u00e1k a v\u00e1rat Apafi Mih\u00e1lynak, akinek h\u00edve lett. A g\u00f6rg\u00e9nyszentimrei ogy. (1662) meger\u0151s\u00edtette kancell\u00e1ri tiszts\u00e9g\u00e9ben, majd kinevezt\u00e9k Feh\u00e9r vm. f\u0151isp\u00e1nj\u00e1v\u00e1 (1662\u201378). Apafi fejedelem Ludast, Nagyteremit \u00e9s a k\u00f6r\u00fcl\u00f6tte l\u00e9v\u0151 j\u00f3sz\u00e1gokat neki adom\u00e1nyozta (1662). K\u00e9s\u0151bb a fejedelem tov\u00e1bbi adom\u00e1nyok gyarap\u00edtotta birtokait: Sz\u00e1sz\u00f6rm\u00e9nyest, H\u00e9jjasfalv\u00e1t, Nagy- \u00e9s Kisteremit, Teremi\u00fajfalut, Kiscsergedet, a vajdak\u00fati r\u00e9szbirtokot \u00e9s m\u00e9g m\u00e1s birtokokat, h\u00e1zakat kapott. Az udvarhelyi \u00e9s a marossz\u00e9ki unit. ekl\u00e9zsi\u00e1kat f\u00f6lforgatta, a templomokat elvette Erd\u0151szentgy\u00f6rgy\u00f6n, K\u0151rispatakon, B\u00f6z\u00f6d\u00f6n, Kis- \u00e9s Nagysolymosonban, Szenterzs\u00e9beten, Muzsn\u00e1ban, Teremiben, a jobb\u00e1gyait is ref. hitre t\u00e9r\u00edtette \u00e9s adom\u00e1nyokkal l\u00e1tta el a teremii ref. egyh\u00e1zat. Fejedelmi biztos volt a mv.-i tan\u00e1cs \u00e9s lakoss\u00e1g visz\u00e1lykod\u00e1s\u00e1nak kiegyenl\u00edt\u00e9se \u00e9rdek\u00e9ben l\u00e9trehozott bizotts\u00e1gban, ahol l\u00e9tre is j\u00f6tt az egyezs\u00e9g (1672. dec. 13). K\u00e9s\u0151bb elvesztette Apafi fejedelem bizalm\u00e1t, fi\u00e1val Mikl\u00f3ssal egy\u00fctt letart\u00f3ztatt\u00e1k Fogaras v\u00e1r\u00e1ban a B\u00e9ldi-f\u00e9le \u00f6sszeesk\u00fcv\u00e9s kapcs\u00e1n \u00e9s Keresdre intern\u00e1lt\u00e1k, m\u00edg amneszti\u00e1t kapott (1676. \u00e1rp. 23. \u2013 1677. m\u00e1rc. 31.). Igazi mec\u00e9n\u00e1sa volt kor\u00e1nak. R\u00e9szt vett az Erd\u00e9lyi M\u00fazeum-Egyes\u00fclet alap\u00edt\u00e1s\u00e1ban. A nagyenyedi f\u0151iskol\u00e1t, amely a t\u00f6r\u00f6k \u00e9s tat\u00e1r puszt\u00edt\u00e1sok el\u0151l Kv.-ra menek\u00fclt, az \u0151 tan\u00e1cs\u00e1ra vitt\u00e9k vissza \u00e9s annak f\u0151gondnoka (1665\u2013) lett, \u0151 alap\u00edtotta az udvarhelyi ref. koll.-ot \u00e9s a koll. k\u00f6nyvt\u00e1r\u00e1t (1670). Nagyobb alap\u00edtv\u00e1nnyal l\u00e1tta el a mv.-i schol\u00e1t is, 3000 forintos alap\u00edtv\u00e1nyt tett (1659\u201365). Meg\u00edrta Innocentia Transsylvaniae c. eml\u00e9kirat\u00e1t (1658. okt.), amelyben az el\u0151z\u0151 \u00e9vek (1657\u201358) esem\u00e9nyeit v\u00e1zolta. Meg\u00edrta t\u00f6rt\u00e9neti munk\u00e1j\u00e1t Rerum Transylvanicarum libri quator, Erd\u00e9ly t\u00f6rt\u00e9nete 1629\u201363 \u00e9s folytat\u00e1s\u00e1t Historia rerum Transsylvanicarum ab anno 1662\u201373, ami k\u00e9ziratban maradt. \u2013 <strong>F. m.:<\/strong> Innocentia Transsylvani\u00e1\u00e9 (Kv., 1659); Rerum Transylvanicarum, 1\u20134. (Szeben, 1663; Amsterdam, 1664; n\u00e9met\u00fcl. ford. Johann Tr\u00f6ster. N\u00fcrnberg, 1666); Historia rerum Transylvanicarum ab anno 1662\u201373, 1\u20132. (B\u00e9cs, 1782\u201383; Kv., 1789); Erd\u00e9ly t\u00f6rt\u00e9nete, 1629\u20131673 (Bp., 1993); <strong>antol\u00f3g.:<\/strong> Erd\u00e9lyi magyar eml\u00e9k\u00edr\u00f3k; Magyar gondolkod\u00f3k: 17. sz\u00e1zad (Bp., 1979). <br \/><strong>Irod.:<\/strong> \u00c1ll\u00f3- \u00e9s mozg\u00f3k\u00e9pek; \u00c1rva Bethlen K.; Bagyinszki; Bencz\u00e9di Albert: \u00dczenet Bonyh\u00e1nak (N\u00fa., 2005. aug. 23.); Bicsok\u2013Orb\u00e1n; Egyed \u00c1. 2013; Erd\u00e9lyi magyar eml\u00e9k\u00edr\u00f3k; Erd\u00e9lyi panteon; Fekete; Guly\u00e1s; Jankovics; Kakasy M\u00e1rton: Naplemente (Mv., 1931); Kem\u00e9ny J\u00e1nos fejedelems\u00e9ge = Erd\u00e9ly \u00f6r\u00f6ks\u00e9ge, 5.; K\u00e9nosi\u2013Uzoni 1., 2; Kornis; Kov\u00e1cs Andr\u00e1s; Kraus: Erd\u00e9lyi kr\u00f3nika; L\u00e9sty\u00e1n \u2013 templomok 1.; Lukinich; Lupa\u015f, Ioan: Studii, conferin\u0163e \u015fi comunic\u0103ri istorice (Buc., 1927\u201341); Maros megye; M\u00c9L; MNBK; MNL; Mo. f\u0151isp\u00e1njai; Nagy-Bod\u00f3 Tibor: A Bethlen-kast\u00e9ly, ahol a Rerum Transilvanica \u00edr\u00f3dott (K\u00f6zpont, 2016. m\u00e1j. 12\u201318.); Nagy-Bod\u00f3 Tibor: Egy elt\u0171nt kast\u00e9ly nyom\u00e1ban (N\u00fa., 2022. j\u00fan. 17.); Ny\u00e1r\u00e1d mente; P\u00e1l-Antal 2002; P\u00e1l-Antal 2006; P\u00e1l-Antal 2009; Sebesty\u00e9n M. 1995; SzOkl, 4; Szekeres Ad\u00e9l: Ludas a XV \u2013 XVIII. sz\u00e1zad k\u00f6z\u00f6tt (N\u00fa., 1996. m\u00e1rc. 13.); Sz\u00e9pr\u00e9ti: R\u00e9gi \u00e9s \u00faj vil\u00e1g; Sz\u00e9pr\u00e9ti Lilla: A kisbuni kast\u00e9ly (Erd\u00e9lyi Figyel\u0151, 3. sz., 1991); Szinnyei; Teleki Mih\u00e1ly udvartart\u00e1si napl\u00f3ja (1673\u20131681) (Kv., 2007); T\u00f3th Istv\u00e1n: A gyulafeh\u00e9rv\u00e1ri humanista k\u00f6lt\u00e9szet antol\u00f3gi\u00e1ja (Bp., 2001); \u00daIL; \u00daM\u00c9L; Vajdaszentiv\u00e1ny<\/br><\/p>\n","protected":false},"excerpt":{"rendered":"<p>Kisb\u00fan, 1613., \u2020 Nagyszeben, 1678. febr. 18. V\u00e9gakarata szerint fia Mikl\u00f3s a mv.-i V\u00e1rtemplom s\u00edrboltj\u00e1ba temette el (1678. m\u00e1rc. 6.): fejedelmi tan\u00e1csos, Erd\u00e9ly kancell\u00e1rja, f\u0151isp\u00e1n, t\u00f6rt\u00e9net\u00edr\u00f3. \u2013 Gr. B. Farkas (1560\u20131616) \u00e9s Kem\u00e9ny Anna fia, gr. B. Mikl\u00f3s (1642\u20131716) apja. Feles\u00e9ge: 1. V\u00e1radi Borb\u00e1la, gyermekeik: Mikl\u00f3s (1642\u20131716), P\u00e1l; 2. fricsi Fekete Kl\u00e1ra, \u00f6zv. Pekri Ferencn\u00e9, [&hellip;]<\/p>\n","protected":false},"featured_media":0,"comment_status":"open","ping_status":"closed","template":"","meta":[],"product_brand":[],"product_cat":[137],"product_tag":[],"class_list":{"0":"post-4631","1":"product","2":"type-product","3":"status-publish","5":"product_cat-maros-megyei-eletrajzi-lexikon","7":"first","8":"instock","9":"shipping-taxable","10":"product-type-simple"},"_links":{"self":[{"href":"https:\/\/uj.adatbank.ro\/lexikon\/wp-json\/wp\/v2\/product\/4631","targetHints":{"allow":["GET"]}}],"collection":[{"href":"https:\/\/uj.adatbank.ro\/lexikon\/wp-json\/wp\/v2\/product"}],"about":[{"href":"https:\/\/uj.adatbank.ro\/lexikon\/wp-json\/wp\/v2\/types\/product"}],"replies":[{"embeddable":true,"href":"https:\/\/uj.adatbank.ro\/lexikon\/wp-json\/wp\/v2\/comments?post=4631"}],"wp:attachment":[{"href":"https:\/\/uj.adatbank.ro\/lexikon\/wp-json\/wp\/v2\/media?parent=4631"}],"wp:term":[{"taxonomy":"product_brand","embeddable":true,"href":"https:\/\/uj.adatbank.ro\/lexikon\/wp-json\/wp\/v2\/product_brand?post=4631"},{"taxonomy":"product_cat","embeddable":true,"href":"https:\/\/uj.adatbank.ro\/lexikon\/wp-json\/wp\/v2\/product_cat?post=4631"},{"taxonomy":"product_tag","embeddable":true,"href":"https:\/\/uj.adatbank.ro\/lexikon\/wp-json\/wp\/v2\/product_tag?post=4631"}],"curies":[{"name":"wp","href":"https:\/\/api.w.org\/{rel}","templated":true}]}}