{"id":4633,"date":"2025-06-28T16:48:19","date_gmt":"2025-06-28T14:48:19","guid":{"rendered":"https:\/\/uj.adatbank.ro\/lexikon\/termek\/bethlen-jozsef-bethleni-gr\/"},"modified":"2025-06-28T16:48:19","modified_gmt":"2025-06-28T14:48:19","slug":"bethlen-jozsef-bethleni-gr","status":"publish","type":"product","link":"https:\/\/uj.adatbank.ro\/lexikon\/termek\/bethlen-jozsef-bethleni-gr\/","title":{"rendered":"BETHLEN J\u00f3zsef, bethleni gr."},"content":{"rendered":"<p>1757.?, \u2020 Nagyszeben, 1815. febr. 4., temetve Keresden: kincst\u00e1rnok. \u2013 Gr. B. G\u00e1bor (1712 \u2013 1768) \u00e9s gr. Khevenh\u00fcller-Matsch Maria Josepha fia. Feles\u00e9ge gr. Zichy Josepha. Gyermekeik: J\u00f3zsef; Aloizia gr. B. P\u00e1ln\u00e9; Josefa magyarcsesztvei br. Miske J\u00f3zsen\u00e9; Lip\u00f3t, Albert, Ter\u00e9zia, Ant\u00f3nia, Ferenc. \u2013 Cs. kir. kamar\u00e1s, kincst\u00e1rnok. Szt. Istv\u00e1n apostoli kir. jeles rendj\u00e9nek k\u00f6z\u00e9prend\u0171 keresztes v\u00edt\u00e9ze, b. t. t., az erd\u00e9lyi f\u0151korm\u00e1nyz\u00f3 tan\u00e1cs tan\u00e1csosa. <br \/><strong>Irod.:<\/strong> Gy\u00e1szjelent\u0151; Lev\u00e9lt\u00e1ri gy\u00e1szj.<\/br><\/p>\n","protected":false},"excerpt":{"rendered":"<p>1757.?, \u2020 Nagyszeben, 1815. febr. 4., temetve Keresden: kincst\u00e1rnok. \u2013 Gr. B. G\u00e1bor (1712 \u2013 1768) \u00e9s gr. Khevenh\u00fcller-Matsch Maria Josepha fia. Feles\u00e9ge gr. Zichy Josepha. Gyermekeik: J\u00f3zsef; Aloizia gr. B. P\u00e1ln\u00e9; Josefa magyarcsesztvei br. Miske J\u00f3zsen\u00e9; Lip\u00f3t, Albert, Ter\u00e9zia, Ant\u00f3nia, Ferenc. \u2013 Cs. kir. kamar\u00e1s, kincst\u00e1rnok. Szt. Istv\u00e1n apostoli kir. jeles rendj\u00e9nek k\u00f6z\u00e9prend\u0171 keresztes [&hellip;]<\/p>\n","protected":false},"featured_media":0,"comment_status":"open","ping_status":"closed","template":"","meta":[],"product_brand":[],"product_cat":[137],"product_tag":[],"class_list":{"0":"post-4633","1":"product","2":"type-product","3":"status-publish","5":"product_cat-maros-megyei-eletrajzi-lexikon","7":"first","8":"instock","9":"shipping-taxable","10":"product-type-simple"},"_links":{"self":[{"href":"https:\/\/uj.adatbank.ro\/lexikon\/wp-json\/wp\/v2\/product\/4633","targetHints":{"allow":["GET"]}}],"collection":[{"href":"https:\/\/uj.adatbank.ro\/lexikon\/wp-json\/wp\/v2\/product"}],"about":[{"href":"https:\/\/uj.adatbank.ro\/lexikon\/wp-json\/wp\/v2\/types\/product"}],"replies":[{"embeddable":true,"href":"https:\/\/uj.adatbank.ro\/lexikon\/wp-json\/wp\/v2\/comments?post=4633"}],"wp:attachment":[{"href":"https:\/\/uj.adatbank.ro\/lexikon\/wp-json\/wp\/v2\/media?parent=4633"}],"wp:term":[{"taxonomy":"product_brand","embeddable":true,"href":"https:\/\/uj.adatbank.ro\/lexikon\/wp-json\/wp\/v2\/product_brand?post=4633"},{"taxonomy":"product_cat","embeddable":true,"href":"https:\/\/uj.adatbank.ro\/lexikon\/wp-json\/wp\/v2\/product_cat?post=4633"},{"taxonomy":"product_tag","embeddable":true,"href":"https:\/\/uj.adatbank.ro\/lexikon\/wp-json\/wp\/v2\/product_tag?post=4633"}],"curies":[{"name":"wp","href":"https:\/\/api.w.org\/{rel}","templated":true}]}}