{"id":4634,"date":"2025-06-28T16:48:22","date_gmt":"2025-06-28T14:48:22","guid":{"rendered":"https:\/\/uj.adatbank.ro\/lexikon\/termek\/bethlen-kalman-bethleni-gr\/"},"modified":"2025-06-28T16:48:22","modified_gmt":"2025-06-28T14:48:22","slug":"bethlen-kalman-bethleni-gr","status":"publish","type":"product","link":"https:\/\/uj.adatbank.ro\/lexikon\/termek\/bethlen-kalman-bethleni-gr\/","title":{"rendered":"BETHLEN K\u00e1lm\u00e1n, bethleni gr."},"content":{"rendered":"<p>Marosgezse, 1883. \u00e1pr. 3. \u2020 Marosgezse, 1908. jan. 31. Tem. Marosgezse, 1908. febr. 3.: marosgezsei f\u00f6ldbirtokos. \u2013 B. S\u00e1ndor \u00e9s Nagy R\u00f3za term\u00e9szetes fia. <br \/><strong>Irod.:<\/strong> Gudenus<\/br><\/p>\n","protected":false},"excerpt":{"rendered":"<p>Marosgezse, 1883. \u00e1pr. 3. \u2020 Marosgezse, 1908. jan. 31. Tem. Marosgezse, 1908. febr. 3.: marosgezsei f\u00f6ldbirtokos. \u2013 B. S\u00e1ndor \u00e9s Nagy R\u00f3za term\u00e9szetes fia. Irod.: Gudenus<\/p>\n","protected":false},"featured_media":0,"comment_status":"open","ping_status":"closed","template":"","meta":[],"product_brand":[],"product_cat":[137],"product_tag":[],"class_list":{"0":"post-4634","1":"product","2":"type-product","3":"status-publish","5":"product_cat-maros-megyei-eletrajzi-lexikon","7":"first","8":"instock","9":"shipping-taxable","10":"product-type-simple"},"_links":{"self":[{"href":"https:\/\/uj.adatbank.ro\/lexikon\/wp-json\/wp\/v2\/product\/4634","targetHints":{"allow":["GET"]}}],"collection":[{"href":"https:\/\/uj.adatbank.ro\/lexikon\/wp-json\/wp\/v2\/product"}],"about":[{"href":"https:\/\/uj.adatbank.ro\/lexikon\/wp-json\/wp\/v2\/types\/product"}],"replies":[{"embeddable":true,"href":"https:\/\/uj.adatbank.ro\/lexikon\/wp-json\/wp\/v2\/comments?post=4634"}],"wp:attachment":[{"href":"https:\/\/uj.adatbank.ro\/lexikon\/wp-json\/wp\/v2\/media?parent=4634"}],"wp:term":[{"taxonomy":"product_brand","embeddable":true,"href":"https:\/\/uj.adatbank.ro\/lexikon\/wp-json\/wp\/v2\/product_brand?post=4634"},{"taxonomy":"product_cat","embeddable":true,"href":"https:\/\/uj.adatbank.ro\/lexikon\/wp-json\/wp\/v2\/product_cat?post=4634"},{"taxonomy":"product_tag","embeddable":true,"href":"https:\/\/uj.adatbank.ro\/lexikon\/wp-json\/wp\/v2\/product_tag?post=4634"}],"curies":[{"name":"wp","href":"https:\/\/api.w.org\/{rel}","templated":true}]}}