{"id":4635,"date":"2025-06-28T16:48:25","date_gmt":"2025-06-28T14:48:25","guid":{"rendered":"https:\/\/uj.adatbank.ro\/lexikon\/termek\/bethlen-kamillo-bethleni-gr\/"},"modified":"2025-06-28T16:48:25","modified_gmt":"2025-06-28T14:48:25","slug":"bethlen-kamillo-bethleni-gr","status":"publish","type":"product","link":"https:\/\/uj.adatbank.ro\/lexikon\/termek\/bethlen-kamillo-bethleni-gr\/","title":{"rendered":"BETHLEN Kamill\u00f3, bethleni gr."},"content":{"rendered":"<p>? \u2020 ? , Nagyteremiben volt sz\u00e9p fekv\u00e9s\u0171 kast\u00e9lya, amit d\u00edszkert \u00f6vezett (1860 k.). J\u00f3sz\u00e1gigazgat\u00f3ja Berde M\u00f3zes, 1848-as ogy.-i k\u00e9pvisel\u0151, erd\u00e9lyi korm\u00e1nybiztos, akit a szabads\u00e1gharc lever\u00e9se ut\u00e1n hal\u00e1lra \u00edt\u00e9lt\u00e9k, de kegyelmet kapott, de n\u00e9gy \u00e9vet volt a b\u00f6rt\u00f6nben. <br \/><strong>Irod.:<\/strong> Fekete<\/br><\/p>\n","protected":false},"excerpt":{"rendered":"<p>? \u2020 ? , Nagyteremiben volt sz\u00e9p fekv\u00e9s\u0171 kast\u00e9lya, amit d\u00edszkert \u00f6vezett (1860 k.). J\u00f3sz\u00e1gigazgat\u00f3ja Berde M\u00f3zes, 1848-as ogy.-i k\u00e9pvisel\u0151, erd\u00e9lyi korm\u00e1nybiztos, akit a szabads\u00e1gharc lever\u00e9se ut\u00e1n hal\u00e1lra \u00edt\u00e9lt\u00e9k, de kegyelmet kapott, de n\u00e9gy \u00e9vet volt a b\u00f6rt\u00f6nben. Irod.: Fekete<\/p>\n","protected":false},"featured_media":0,"comment_status":"open","ping_status":"closed","template":"","meta":[],"product_brand":[],"product_cat":[137],"product_tag":[],"class_list":{"0":"post-4635","1":"product","2":"type-product","3":"status-publish","5":"product_cat-maros-megyei-eletrajzi-lexikon","7":"first","8":"instock","9":"shipping-taxable","10":"product-type-simple"},"_links":{"self":[{"href":"https:\/\/uj.adatbank.ro\/lexikon\/wp-json\/wp\/v2\/product\/4635","targetHints":{"allow":["GET"]}}],"collection":[{"href":"https:\/\/uj.adatbank.ro\/lexikon\/wp-json\/wp\/v2\/product"}],"about":[{"href":"https:\/\/uj.adatbank.ro\/lexikon\/wp-json\/wp\/v2\/types\/product"}],"replies":[{"embeddable":true,"href":"https:\/\/uj.adatbank.ro\/lexikon\/wp-json\/wp\/v2\/comments?post=4635"}],"wp:attachment":[{"href":"https:\/\/uj.adatbank.ro\/lexikon\/wp-json\/wp\/v2\/media?parent=4635"}],"wp:term":[{"taxonomy":"product_brand","embeddable":true,"href":"https:\/\/uj.adatbank.ro\/lexikon\/wp-json\/wp\/v2\/product_brand?post=4635"},{"taxonomy":"product_cat","embeddable":true,"href":"https:\/\/uj.adatbank.ro\/lexikon\/wp-json\/wp\/v2\/product_cat?post=4635"},{"taxonomy":"product_tag","embeddable":true,"href":"https:\/\/uj.adatbank.ro\/lexikon\/wp-json\/wp\/v2\/product_tag?post=4635"}],"curies":[{"name":"wp","href":"https:\/\/api.w.org\/{rel}","templated":true}]}}