{"id":4637,"date":"2025-06-28T16:48:33","date_gmt":"2025-06-28T14:48:33","guid":{"rendered":"https:\/\/uj.adatbank.ro\/lexikon\/termek\/bethlen-karoly-bethleni-gr\/"},"modified":"2025-06-28T16:48:33","modified_gmt":"2025-06-28T14:48:33","slug":"bethlen-karoly-bethleni-gr","status":"publish","type":"product","link":"https:\/\/uj.adatbank.ro\/lexikon\/termek\/bethlen-karoly-bethleni-gr\/","title":{"rendered":"BETHLEN K\u00e1roly, bethleni gr."},"content":{"rendered":"<p>1784, ? \u2020 S\u00e1rpatak, 1837. szept. 16.: cs. kir. kamar\u00e1s. \u2013 Sz\u00fclei: B. P\u00e1l \u00e9s Kem\u00e9ny Krisztina. Feles\u00e9ge: hidv\u00e9gi gr. Mik\u00f3 Krisztina. Le\u00e1nya: Eszter, sz\u00e9ki gr. Teleki Lajosn\u00e9 (1814. jan. 6.-Kv., 1865. m\u00e1rc. 10.). <br \/><strong>Irod.:<\/strong> Lev\u00e9lt\u00e1ri gy\u00e1szj.<\/br><\/p>\n","protected":false},"excerpt":{"rendered":"<p>1784, ? \u2020 S\u00e1rpatak, 1837. szept. 16.: cs. kir. kamar\u00e1s. \u2013 Sz\u00fclei: B. P\u00e1l \u00e9s Kem\u00e9ny Krisztina. Feles\u00e9ge: hidv\u00e9gi gr. Mik\u00f3 Krisztina. Le\u00e1nya: Eszter, sz\u00e9ki gr. Teleki Lajosn\u00e9 (1814. jan. 6.-Kv., 1865. m\u00e1rc. 10.). Irod.: Lev\u00e9lt\u00e1ri gy\u00e1szj.<\/p>\n","protected":false},"featured_media":0,"comment_status":"open","ping_status":"closed","template":"","meta":[],"product_brand":[],"product_cat":[137],"product_tag":[],"class_list":{"0":"post-4637","1":"product","2":"type-product","3":"status-publish","5":"product_cat-maros-megyei-eletrajzi-lexikon","7":"first","8":"instock","9":"shipping-taxable","10":"product-type-simple"},"_links":{"self":[{"href":"https:\/\/uj.adatbank.ro\/lexikon\/wp-json\/wp\/v2\/product\/4637","targetHints":{"allow":["GET"]}}],"collection":[{"href":"https:\/\/uj.adatbank.ro\/lexikon\/wp-json\/wp\/v2\/product"}],"about":[{"href":"https:\/\/uj.adatbank.ro\/lexikon\/wp-json\/wp\/v2\/types\/product"}],"replies":[{"embeddable":true,"href":"https:\/\/uj.adatbank.ro\/lexikon\/wp-json\/wp\/v2\/comments?post=4637"}],"wp:attachment":[{"href":"https:\/\/uj.adatbank.ro\/lexikon\/wp-json\/wp\/v2\/media?parent=4637"}],"wp:term":[{"taxonomy":"product_brand","embeddable":true,"href":"https:\/\/uj.adatbank.ro\/lexikon\/wp-json\/wp\/v2\/product_brand?post=4637"},{"taxonomy":"product_cat","embeddable":true,"href":"https:\/\/uj.adatbank.ro\/lexikon\/wp-json\/wp\/v2\/product_cat?post=4637"},{"taxonomy":"product_tag","embeddable":true,"href":"https:\/\/uj.adatbank.ro\/lexikon\/wp-json\/wp\/v2\/product_tag?post=4637"}],"curies":[{"name":"wp","href":"https:\/\/api.w.org\/{rel}","templated":true}]}}