{"id":4639,"date":"2025-06-28T16:48:35","date_gmt":"2025-06-28T14:48:35","guid":{"rendered":"https:\/\/uj.adatbank.ro\/lexikon\/termek\/bethlen-kata-%c2%a7-arva-bethleni-gr-haller-laszlone-gr-teleki-jozsefne-arva\/"},"modified":"2025-06-28T16:48:35","modified_gmt":"2025-06-28T14:48:35","slug":"bethlen-kata-%c2%a7-arva-bethleni-gr-haller-laszlone-gr-teleki-jozsefne-arva","status":"publish","type":"product","link":"https:\/\/uj.adatbank.ro\/lexikon\/termek\/bethlen-kata-%c2%a7-arva-bethleni-gr-haller-laszlone-gr-teleki-jozsefne-arva\/","title":{"rendered":"BETHLEN Kata, \u00a7 \u00c1rva, bethleni gr., Haller L\u00e1szl\u00f3n\u00e9; gr. Teleki J\u00f3zsefn\u00e9, \u00c1rva"},"content":{"rendered":"<p>Bonyha, 1700. nov. 25., \u2020 Fogaras, 1759. j\u00fal. 29. Nyugszik a fogarasi ref. templom cinterm\u00e9ben: \u00edr\u00f3; mec\u00e9n\u00e1s. \u2013 B. S\u00e1muel (1663\u20131708) \u00e9s nagyborsai Nagy Borb\u00e1la (\u2020 1718) le\u00e1nya, nagyb\u00e1tyja B. J\u00e1nos, a t\u00f6rt\u00e9net\u00edr\u00f3. Nagyn\u00e9nje Teleki J\u00f3zsefnek (1738\u20131796). F\u00e9rje: 1. gr. Haller L\u00e1szl\u00f3 (1697\u20131719) feles\u00e9ge lett (1717. szept. 9. \u2013 19). Gyermekeik: P\u00e1l (1718\u20131794) \u00e9s Borb\u00e1la (1719\u20131770). F\u00e9rje hal\u00e1la ut\u00e1n elvett\u00e9k t\u0151le a gyermekeit \u00e9s s\u00f3gora, a katolikus Haller J\u00e1nos, a k\u00e9s\u0151bbi gubern\u00e1tor, gondnoks\u00e1ga al\u00e1 helyezt\u00e9k. 2. f\u00e9rje: esk\u00fcv\u0151: 1722, Teleki J\u00f3zsef (1675. k. \u2013 1732). \u2013 Sok csap\u00e1s \u00e9rte, elvesztette m\u00e1sodik f\u00e9rj\u00e9t is (1732), a gyerekeit\u0151l elszak\u00edtott\u00e1k, ez\u00e9rt nevezte mag\u00e1t \u00c1rva B. Kat\u00e1nak. \u00c9lete h\u00e1tralev\u0151 \u00e9veit Sorost\u00e9lyon, Fogarasban \u00e9s majd Olth\u00e9v\u00edzen t\u00f6lt\u00f6tte, a kast\u00e9ly tulajdonosa anyai \u00f6r\u00f6ks\u00e9gk\u00e9nt (1716\u2013). Ott templomot \u00e9p\u00edtetett (1748\u201349), els\u0151 papja Bod P\u00e9ter volt. \u00c9lete \u00e1lland\u00f3 \u00f6r\u00f6k\u00f6s\u00f6d\u00e9si perekkel telt. Elt\u00f6k\u00e9lten harcolt a ref. hit v\u00e9delm\u00e9\u00e9rt, k\u00fczdelmeit betegesked\u00e9se s\u00falyosb\u00edtotta. Kert\u00e9szetet l\u00e9tes\u00edtett, pap\u00edrmalm\u00e1ra \u00e9s \u00fcveghut\u00e1j\u00e1ra is fel\u00fcgyelt. Udvar\u00e1ban himz\u0151m\u0171helyeket rendezett be. Az itt k\u00e9sz\u00fclt egyh\u00e1zi jelleg\u0171 darabok fennmaradtak. Val\u00f3s\u00e1gos orvosi tanfolyamot v\u00e9gzett. Udvarh\u00e1z\u00e1ban tud\u00f3s embereket tartott, orvosokt\u00f3l tanult orvosl\u00e1st (K\u00f6les\u00e9ri S\u00e1muel orvos, Simonyi v Simoni M\u00e1rton okulista, Borosnyai Nagy M\u00e1rton botanikus, Erd\u00e9ly fl\u00f3r\u00e1j\u00e1nak ismer\u0151je). K\u00f6nyvt\u00e1r\u00e1ban sok orvosi k\u00f6nyv volt. A szem\u00e9szetben olyan \u00fcgyess\u00e9gre tett szert, hogy a h\u00e1lyogot eredm\u00e9nnyel gy\u00f3gy\u00edtotta. Gy\u00f3gyn\u00f6v\u00e9nyek erej\u00e9vel a szeg\u00e9nyeket gy\u00f3ggy\u00edtotta. Az els\u0151 m. medikak\u00e9nt is sz\u00e1montartott\u00e1k. \u00cdr\u00f3k \u00e9s tud\u00f3sok p\u00e1rtfog\u00f3ja volt. Feh\u00e9regyh\u00e1za r. k. templom\u00e1t jav\u00edtatta (1721). A Sz\u00e1mos m. ref. ifj\u00fat t\u00e1mogatott k\u00fclf\u00f6ldi tanulm\u00e1nyainak elv\u00e9gz\u00e9s\u00e9ben. A nagyenyedi, sz\u00e9kelyudvarhelyi \u00e9s mv.-i ref. koll.-oknak v\u00e9grendelet\u00e9ben k\u00e9t-k\u00e9t ezer forintot hagyott. Udvari papja Bod P\u00e9ter seg\u00edts\u00e9g\u00e9vel \u00e9rt\u00e9kes k\u00fcl\u00f6nlegss\u00e9geket tartalmaz\u00f3 k\u00f6nyvt\u00e1rat gy\u0171jt\u00f6tt (500 k\u00e9ziratos \u00e9s nyomtatott hungarik\u00e1t v\u00e1s\u00e1rolt meg). K\u00f6nyvt\u00e1r\u00e1nak katal\u00f3gus\u00e1t Bod P\u00e9ter \u00e1ll\u00edtotta \u00f6ssze, akinek szerepe volt \u00f6n\u00e9let\u00edr\u00e1s\u00e1nak megszerkeszt\u00e9s\u00e9\u00adhen is. K\u00f6nyvt\u00e1r\u00e1t a nagyenyedi Koll.-ra hagyta, amely le\u00e9gett \u00e9s a k\u00f6nyvt\u00e1r elpusztult (1847). Oktat\u00e1si k\u00e9rd\u00e9sekkel is foglalkozott. B\u00edr\u00e1lta a le\u00e1nynevel\u00e9s korabeli hi\u00e1nyoss\u00e1gait. \u00d6n\u00e9let\u00edr\u00e1s\u00e1ban \u00e9let\u00e9nek esem\u00e9nyeit, sze\u00adm\u00e9lyes s\u00e9relmeit t\u00e1rgyalja. A m\u0171be illesztett im\u00e1ds\u00e1gok \u00f6n\u00e1ll\u00f3an is megjelentek (V\u00e9delmez\u0151 er\u0151s pais. Szeben, 1759). Fennmaradt levelei irodalmi \u00e9rt\u00e9k\u0171ek. Eml\u00e9kt\u00e1bl\u00e1ja a fogarasi templom bej\u00e1rata mellett, melyet Bod P\u00e9ter fogalmazott. \u2013 <strong>F. m.:<\/strong> B\u00fajdos\u00e1snak eml\u00e9kezetk\u00f6ve (1733); V\u00e9delmez\u0151 er\u0151s pajzs (Nagyszeben, 1759); Gr\u00f3f Beltleni Bethlen Kata \u00e9let\u00e9nek maga \u00e1ltal val\u00f3 r\u00f6vid le\u00edr\u00e1sa (Kv., 1762); Sz\u00e9ki gr\u00f3f Teleki J\u00f3zsef \u00f6zvegye, B. K. gr\u00f3fn\u0151 \u00edr\u00e1sai \u00e9s levelez\u00e9se, I\u2014II. (Kiad. Sz\u00e1deczky-Kardoss Lajos; Bp., 1922); Bethlen Kata \u00f6n\u00e9let\u00edr\u00e1sa (Bp., 1963; 1984); \u00c1rva Bethlen Kata \u00edr\u00e1sai. (Kv., 1998); A Short Description of the Life of Countes Kata Bethlen by Herself : Written in Transylvania in the 1740\u2019s (Translated from de Original by Bernard Adams (Donington, 2004); <strong>antol\u00f3g.:<\/strong> \u00c9letemnek foly\u00e1sa = Erd\u00e9ly \u00f6r\u00f6ks\u00e9ge, 7.; H\u00e1rom ver\u00e9b hat szemmel: Antol\u00f3gia a magyar k\u00f6lt\u00e9szet rejtett \u00e9rt\u00e9keib\u0151l \u00e9s furcsas\u00e1gaib\u00f3l (Bp., 1977); Asszonyok t\u00fck\u00f6r: Antol\u00f3gia (Bp., 1977); Pages choisies de la litt\u00e9rature Hongroise des origines au milieu du XVIIIe siecle (Bp., 1981); Magyar eml\u00e9k\u00edr\u00f3k: 16\u201318. sz\u00e1zad (Bp., 1982); Magyar k\u00f6lt\u0151n\u0151k antol\u00f3gi\u00e1ja (Bp., 1997); Old Hungarian literary reader : 11th \u2013 18th centuries (Bp., 1985); Oka ezen \u00edr\u00e1snak&#8230;: XVIII. sz\u00e1zadi erd\u00e9lyi eml\u00e9k\u00edr\u00f3k (Kv., 2006.). <br \/><strong>Irod.:<\/strong> \u00c1ll\u00f3- \u00e9s mozg\u00f3k\u00e9pek; Castellum \u00c9rtes\u00edt\u0151 (2000, 3. sz.; 2005, 15\/2. sz.); \u00c1rva Bethlen K.; Bencz\u00e9di J\u00f3zsef: A sz\u00e9p\u00edr\u00f3 nagyasszony (\u00daj Kezdet, 11. sz., 2000. nov.); B\u00f6l\u00f6ni Domokos: A pomp\u00e1s bonyhai Castrum doloris \u00c1rva B. K. eml\u00e9k\u00e9re (N\u00fa., 1999. nov. 30.); Czirj\u00e1k 3; Csekonics; Ferenczi 1931; Gergely R\u00f3za: Egy asszony \u00edr\u00f3 a XVIII. sz\u00e1zadban ( V. Z., 1984. j\u00fal. 29); Hegyaljai Kiss G\u00e9za: \u00c1rva B. K. (Bp., 1923); Id\u0151t\u00e1r 1; Kov\u00e1cs Kiss Gy\u00f6ngy; L\u00e9sty\u00e1n \u2013 templomok; Lukinich; Magyary-Kossa 1. k., M\u00e1ln\u00e1si; Markos Andr\u00e1s: \u00c1rva B. K. aj\u00e1nd\u00e9kk\u00f6nyvei (K\u00f6nyvt\u00e1ri Szemle, 1. sz., 1972); M\u00c9L; MNB-K; Pataki; Petr\u0151czi \u00c9va: Az els\u0151 m. orvosn\u0151: \u00c1rva B. K. (N\u00fa., 1993. okt. 6.); RNL; Sz\u00e1deczky Kardoss Lajos: B. K. \u00edr\u00e1sai \u00e9s levelei (Bp. 1922); Sz\u00e9pr\u00e9ti: R\u00e9gi \u00e9s \u00faj vil\u00e1g; Sz\u00e9pr\u00e9ti Lilla: \u00c1rva B. K. (\u00daj \u00c9let, 21. sz., 1975.); Szinnyei; Testamentum; Tonk S\u00e1ndor: \u00c1rva B. K (N\u00fa., 2000. nov. 15); T\u00f3th Zsombor: \u00c1rva B. K. a makrancos h\u00f6lgy? (Korunk, 7. sz., 2005. j\u00fal.); Tr\u00f3cs\u00e1nyi 1988; \u00daM\u00c9L; V\u00e1s\u00e1rhelyi J\u00e1nos: \u00c1. B. K. \u00f6r\u00f6me: \u00c9letk\u00e9p a B. K. udvarh\u00e1zb\u00f3l (Kv., 1930); Weszpr\u00e9mi<\/br><\/p>\n","protected":false},"excerpt":{"rendered":"<p>Bonyha, 1700. nov. 25., \u2020 Fogaras, 1759. j\u00fal. 29. Nyugszik a fogarasi ref. templom cinterm\u00e9ben: \u00edr\u00f3; mec\u00e9n\u00e1s. \u2013 B. S\u00e1muel (1663\u20131708) \u00e9s nagyborsai Nagy Borb\u00e1la (\u2020 1718) le\u00e1nya, nagyb\u00e1tyja B. J\u00e1nos, a t\u00f6rt\u00e9net\u00edr\u00f3. Nagyn\u00e9nje Teleki J\u00f3zsefnek (1738\u20131796). F\u00e9rje: 1. gr. Haller L\u00e1szl\u00f3 (1697\u20131719) feles\u00e9ge lett (1717. szept. 9. \u2013 19). Gyermekeik: P\u00e1l (1718\u20131794) \u00e9s Borb\u00e1la [&hellip;]<\/p>\n","protected":false},"featured_media":0,"comment_status":"open","ping_status":"closed","template":"","meta":[],"product_brand":[],"product_cat":[137],"product_tag":[],"class_list":{"0":"post-4639","1":"product","2":"type-product","3":"status-publish","5":"product_cat-maros-megyei-eletrajzi-lexikon","7":"first","8":"instock","9":"shipping-taxable","10":"product-type-simple"},"_links":{"self":[{"href":"https:\/\/uj.adatbank.ro\/lexikon\/wp-json\/wp\/v2\/product\/4639","targetHints":{"allow":["GET"]}}],"collection":[{"href":"https:\/\/uj.adatbank.ro\/lexikon\/wp-json\/wp\/v2\/product"}],"about":[{"href":"https:\/\/uj.adatbank.ro\/lexikon\/wp-json\/wp\/v2\/types\/product"}],"replies":[{"embeddable":true,"href":"https:\/\/uj.adatbank.ro\/lexikon\/wp-json\/wp\/v2\/comments?post=4639"}],"wp:attachment":[{"href":"https:\/\/uj.adatbank.ro\/lexikon\/wp-json\/wp\/v2\/media?parent=4639"}],"wp:term":[{"taxonomy":"product_brand","embeddable":true,"href":"https:\/\/uj.adatbank.ro\/lexikon\/wp-json\/wp\/v2\/product_brand?post=4639"},{"taxonomy":"product_cat","embeddable":true,"href":"https:\/\/uj.adatbank.ro\/lexikon\/wp-json\/wp\/v2\/product_cat?post=4639"},{"taxonomy":"product_tag","embeddable":true,"href":"https:\/\/uj.adatbank.ro\/lexikon\/wp-json\/wp\/v2\/product_tag?post=4639"}],"curies":[{"name":"wp","href":"https:\/\/api.w.org\/{rel}","templated":true}]}}