{"id":4644,"date":"2025-06-28T16:48:43","date_gmt":"2025-06-28T14:48:43","guid":{"rendered":"https:\/\/uj.adatbank.ro\/lexikon\/termek\/bethlen-klara-bethleni-gr-teleki-mihalyne\/"},"modified":"2025-06-28T16:48:43","modified_gmt":"2025-06-28T14:48:43","slug":"bethlen-klara-bethleni-gr-teleki-mihalyne","status":"publish","type":"product","link":"https:\/\/uj.adatbank.ro\/lexikon\/termek\/bethlen-klara-bethleni-gr-teleki-mihalyne\/","title":{"rendered":"BETHLEN Kl\u00e1ra, bethleni gr. Teleki Mih\u00e1lyn\u00e9"},"content":{"rendered":"<p>1702, \u2020 1755\u00a0: B. Mikl\u00f3s (1642\u20131716) kancell\u00e1r \u00e9s Rh\u00e9dei J\u00falia l\u00e1nya, feles\u00e9g\u00fcl ment gr. Teleki Mih\u00e1ly, erd\u00e9lyi f\u0151korm\u00e1nysz\u00e9ki tan\u00e1csoshoz (1700. szept. 6. \u2013 1745) (h\u00e1zass\u00e1g 1721. aug. 5.). Temet\u00e9s\u00e9r\u0151l t\u00f6bb halotti besz\u00e9d maradt fenn. <br \/><strong>Irod.:<\/strong> \u00c1rva Bethlen K.; Halotti besz\u00e9dek; Lukinich; Gr. Bethlen Kl\u00e1ra fedeles pohara = M. m\u0171vel\u0151d\u00e9st\u00f6rt\u00e9net 4 (Bp., s. a.); P\u00e1pai P\u00e1riz Ferenc: Album amicorum<\/br><\/p>\n","protected":false},"excerpt":{"rendered":"<p>1702, \u2020 1755\u00a0: B. Mikl\u00f3s (1642\u20131716) kancell\u00e1r \u00e9s Rh\u00e9dei J\u00falia l\u00e1nya, feles\u00e9g\u00fcl ment gr. Teleki Mih\u00e1ly, erd\u00e9lyi f\u0151korm\u00e1nysz\u00e9ki tan\u00e1csoshoz (1700. szept. 6. \u2013 1745) (h\u00e1zass\u00e1g 1721. aug. 5.). Temet\u00e9s\u00e9r\u0151l t\u00f6bb halotti besz\u00e9d maradt fenn. Irod.: \u00c1rva Bethlen K.; Halotti besz\u00e9dek; Lukinich; Gr. Bethlen Kl\u00e1ra fedeles pohara = M. m\u0171vel\u0151d\u00e9st\u00f6rt\u00e9net 4 (Bp., s. a.); P\u00e1pai P\u00e1riz [&hellip;]<\/p>\n","protected":false},"featured_media":0,"comment_status":"open","ping_status":"closed","template":"","meta":[],"product_brand":[],"product_cat":[137],"product_tag":[],"class_list":{"0":"post-4644","1":"product","2":"type-product","3":"status-publish","5":"product_cat-maros-megyei-eletrajzi-lexikon","7":"first","8":"instock","9":"shipping-taxable","10":"product-type-simple"},"_links":{"self":[{"href":"https:\/\/uj.adatbank.ro\/lexikon\/wp-json\/wp\/v2\/product\/4644","targetHints":{"allow":["GET"]}}],"collection":[{"href":"https:\/\/uj.adatbank.ro\/lexikon\/wp-json\/wp\/v2\/product"}],"about":[{"href":"https:\/\/uj.adatbank.ro\/lexikon\/wp-json\/wp\/v2\/types\/product"}],"replies":[{"embeddable":true,"href":"https:\/\/uj.adatbank.ro\/lexikon\/wp-json\/wp\/v2\/comments?post=4644"}],"wp:attachment":[{"href":"https:\/\/uj.adatbank.ro\/lexikon\/wp-json\/wp\/v2\/media?parent=4644"}],"wp:term":[{"taxonomy":"product_brand","embeddable":true,"href":"https:\/\/uj.adatbank.ro\/lexikon\/wp-json\/wp\/v2\/product_brand?post=4644"},{"taxonomy":"product_cat","embeddable":true,"href":"https:\/\/uj.adatbank.ro\/lexikon\/wp-json\/wp\/v2\/product_cat?post=4644"},{"taxonomy":"product_tag","embeddable":true,"href":"https:\/\/uj.adatbank.ro\/lexikon\/wp-json\/wp\/v2\/product_tag?post=4644"}],"curies":[{"name":"wp","href":"https:\/\/api.w.org\/{rel}","templated":true}]}}