{"id":4647,"date":"2025-06-28T16:48:50","date_gmt":"2025-06-28T14:48:50","guid":{"rendered":"https:\/\/uj.adatbank.ro\/lexikon\/termek\/bethlen-krisztina-bethleni-gr-petrichevich-horvath-gyorgyne-herczeg-istvanne\/"},"modified":"2025-06-28T16:48:50","modified_gmt":"2025-06-28T14:48:50","slug":"bethlen-krisztina-bethleni-gr-petrichevich-horvath-gyorgyne-herczeg-istvanne","status":"publish","type":"product","link":"https:\/\/uj.adatbank.ro\/lexikon\/termek\/bethlen-krisztina-bethleni-gr-petrichevich-horvath-gyorgyne-herczeg-istvanne\/","title":{"rendered":"BETHLEN Krisztina, bethleni gr., Petrichevich Horv\u00e1th Gy\u00f6rgyn\u00e9, Herczeg Istv\u00e1nn\u00e9"},"content":{"rendered":"<p>? \u2020\u00a01660 k.: f\u00f6ldbirtokos. \u2013 B. Gergely (\u2020\u00a01612 el\u0151tt) \u00e9s losonci B\u00e1nffy Zsuzsanna le\u00e1nya. F\u00e9rje: 1. sz\u00e9plaki el\u0151tt) \u00e9s losonci B\u00e1nffy Zsuzsanna le\u00e1nya. F\u00e9rje: 1. sz\u00e9plaki Petrichevich Horv\u00e1th Gy\u00f6rgy (\u2020\u00a01640. jan 27.); 2. p\u00f3kai Herczeg Istv\u00e1n (\u2020 1656). Fiai: Horv\u00e1th Zsigmond \u00e9s Istv\u00e1n (\u2020 1656 el\u0151tt). Le\u00e1nyai: Horv\u00e1th Margit Mikes Gy\u00f6rgyn\u00e9 \u00e9s Kata Herczegh Andr\u00e1sn\u00e9, majd Als\u00f3 J\u00e1nosn\u00e9. \u2013 Els\u0151 f\u00e9rj\u00e9t\u0151l \u00f6r\u00f6k\u00f6lte a z\u00e1gori udvarh\u00e1zat a hozz\u00e1 tartoz\u00f3 birtokaival egy\u00fctt, a m\u00e1sodik f\u00e9rj\u00e9t\u0151l a p\u00f3kafalvi \u00e9s toldalagi birtok\u00e1t. T\u00f6bb v\u00e9grendeletet \u00edrt: V\u00e9grendelet\u00e9ben (P\u00f3kafalva, 1648. aug. 25.) a p\u00f3kai, sz\u00e9plaki \u00e9s segesv\u00e1ri birtokait \u00e9s ing\u00f3s\u00e1gait gyermekeire H. Zsigmond, Istv\u00e1n \u00e9s Margitra hagyta. H\u00e1z\u00e1t, valamint Torda-Aranyos, Kis-K\u00fck\u00fcll\u0151 \u00e9s Als\u00f3-Feh\u00e9r vm.-ben lev\u0151 birtokait, k\u00e9szp\u00e9nz\u00e9t, \u00e9kszereit, ez\u00fcstnem\u0171it \u00e9s m\u00e1s ing\u00f3s\u00e1g\u00e1t a p\u00f3kai, magyar\u00f3i, s\u00e1rpataki \u00e9s disznaj\u00f3i templomokra \u00e9s a szeg\u00e9nyek r\u00e9sz\u00e9re hagyom\u00e1nyozta. \u00d6zvegyk\u00e9nt \u00edrta v\u00e9grendelet\u00e9t Sz\u00e9plakon (1652. m\u00e1j. 11. \u00e9s 1656. m\u00e1j. 16.), Istv\u00e1n fia hal\u00e1la ut\u00e1n, vagyon\u00e1t Zsigmond fi\u00e1ra \u00e9s le\u00e1nyaira hagyta. Segesv\u00e1ron \u00edrta utols\u00f3 v\u00e9gakarat\u00e1t (1660. m\u00e1rc. 16), amely szerint le\u00e1nya Als\u00f3 J\u00e1nosn\u00e9 \u00e9s unok\u00e1ja, Horv\u00e1th Krisztina k\u00f6z\u00f6tt osztotta el \u0151si j\u00f3sz\u00e1g\u00e1t. <br \/><strong>Irod.:<\/strong> Erd\u00e9lyi testamentumok, 3.; Lukinich<\/br><\/p>\n","protected":false},"excerpt":{"rendered":"<p>? \u2020\u00a01660 k.: f\u00f6ldbirtokos. \u2013 B. Gergely (\u2020\u00a01612 el\u0151tt) \u00e9s losonci B\u00e1nffy Zsuzsanna le\u00e1nya. F\u00e9rje: 1. sz\u00e9plaki el\u0151tt) \u00e9s losonci B\u00e1nffy Zsuzsanna le\u00e1nya. F\u00e9rje: 1. sz\u00e9plaki Petrichevich Horv\u00e1th Gy\u00f6rgy (\u2020\u00a01640. jan 27.); 2. p\u00f3kai Herczeg Istv\u00e1n (\u2020 1656). Fiai: Horv\u00e1th Zsigmond \u00e9s Istv\u00e1n (\u2020 1656 el\u0151tt). Le\u00e1nyai: Horv\u00e1th Margit Mikes Gy\u00f6rgyn\u00e9 \u00e9s Kata Herczegh Andr\u00e1sn\u00e9, [&hellip;]<\/p>\n","protected":false},"featured_media":0,"comment_status":"open","ping_status":"closed","template":"","meta":[],"product_brand":[],"product_cat":[137],"product_tag":[],"class_list":{"0":"post-4647","1":"product","2":"type-product","3":"status-publish","5":"product_cat-maros-megyei-eletrajzi-lexikon","7":"first","8":"instock","9":"shipping-taxable","10":"product-type-simple"},"_links":{"self":[{"href":"https:\/\/uj.adatbank.ro\/lexikon\/wp-json\/wp\/v2\/product\/4647","targetHints":{"allow":["GET"]}}],"collection":[{"href":"https:\/\/uj.adatbank.ro\/lexikon\/wp-json\/wp\/v2\/product"}],"about":[{"href":"https:\/\/uj.adatbank.ro\/lexikon\/wp-json\/wp\/v2\/types\/product"}],"replies":[{"embeddable":true,"href":"https:\/\/uj.adatbank.ro\/lexikon\/wp-json\/wp\/v2\/comments?post=4647"}],"wp:attachment":[{"href":"https:\/\/uj.adatbank.ro\/lexikon\/wp-json\/wp\/v2\/media?parent=4647"}],"wp:term":[{"taxonomy":"product_brand","embeddable":true,"href":"https:\/\/uj.adatbank.ro\/lexikon\/wp-json\/wp\/v2\/product_brand?post=4647"},{"taxonomy":"product_cat","embeddable":true,"href":"https:\/\/uj.adatbank.ro\/lexikon\/wp-json\/wp\/v2\/product_cat?post=4647"},{"taxonomy":"product_tag","embeddable":true,"href":"https:\/\/uj.adatbank.ro\/lexikon\/wp-json\/wp\/v2\/product_tag?post=4647"}],"curies":[{"name":"wp","href":"https:\/\/api.w.org\/{rel}","templated":true}]}}