{"id":4648,"date":"2025-06-28T16:48:54","date_gmt":"2025-06-28T14:48:54","guid":{"rendered":"https:\/\/uj.adatbank.ro\/lexikon\/termek\/bethlen-krisztina-kendeffy-elekne-gr-no\/"},"modified":"2025-06-28T16:48:54","modified_gmt":"2025-06-28T14:48:54","slug":"bethlen-krisztina-kendeffy-elekne-gr-no","status":"publish","type":"product","link":"https:\/\/uj.adatbank.ro\/lexikon\/termek\/bethlen-krisztina-kendeffy-elekne-gr-no\/","title":{"rendered":"BETHLEN Krisztina, Kendeffy Elekn\u00e9, gr.-n\u0151"},"content":{"rendered":"<p>1744.? -Kv., 1807. \u00e1pr. 20. Erd\u0151szentgy\u00f6rgy\u00f6n temett\u00e9k a f\u00e9rje mell\u00e9: f\u0151\u00fari birtokos. \u2013 B. J\u00e1nos (\u2020 1787 k.) \u00e9s gr. Tholdalagi Borb\u00e1la le\u00e1nya. F\u00e9rje: malomvizi gr. Kendeffi Elek (\u2020 1783.). Gyermekeik: Kendeffy Zsuzs\u00e1nna sz\u00e9ki gr. Teleki Domokosn\u00e9; Borb\u00e1la malomvizi Kendeffy J\u00f3zsefn\u00e9; R\u00e1chel hadadi br. Wessel\u00e9nyi J\u00f3zsefn\u00e9; J\u00e1nos, feles\u00e9ge gr. Teleki Polix\u00e9na. \u2013 A mv.-i Szent Mikl\u00f3s utc\u00e1ban (ma Bolyai u. 30) emeletes k\u00e9s\u0151 barokk st\u00edlusu palot\u00e1t \u00e9p\u00edttett a csal\u00e1d t\u00e9li sz\u00e1ll\u00e1s\u00e1nak (1789), amit az el\u0151csarnokban elhelyezett c\u00edmer\u00e9t\u0151l megcsonk\u00edtott eml\u00e9kt\u00e1bla sz\u00f6vege is bizony\u00edt. Az erd\u0151szentgy\u00f6rgyi templomot Bethlen Zsuzsann\u00e1val hatalmas haranggal aj\u00e1nd\u00e9kozt\u00e1k meg (1797). K\u00e9s\u0151bb unok\u00e1ja, K. \u00c1d\u00e1m elcser\u00e9lte az erd\u00e9lyi Kir. T\u00e1bla birtok\u00e1ban l\u00e9v\u0151 k\u00e9t f\u0151t\u00e9ri h\u00e1zzal, az \u00e9p\u00fclet a Kir\u00e1lyi It\u00e9l\u0151t\u00e1bla sz\u00e9khelye lett (1827\u2013). Erd\u0151szentgy\u00f6rgyi meghagy\u00e1s\u00e1val (1799) a n\u00e9gy erd\u00e9lyi koll.-nak \u2013 k\u00f6zt\u00fck a mv.-i-nek is 1000\u20131000 frt.-ot adom\u00e1nyozott. A h\u00e1zasp\u00e1r az \u0151raljaboldogfalvi els\u0151 barokk kast\u00e9ly \u00e9p\u00edttet\u0151je, c\u00edmeres k\u0151t\u00e1bl\u00e1juk a kast\u00e9ly f\u0151bej\u00e1rata felett van. <br \/><strong>Irod.:<\/strong> Bicsok\u2013Orb\u00e1n; Bir\u00f3; Fodor S\u00e1ndor (S): Eml\u00e9kt\u00e1bl\u00e1k a Kendeffy-h\u00e1zon (N\u00fa., Sz\u00ednes Vil\u00e1g, 2008. okt. 25.); Gy\u00e1szjelent\u0151; Id\u0151t\u00e1r 1; Keresztes Gyula: A Kendeffy-h\u00e1z (N\u00fa., 1990. j\u00fan. 15.); Kornis; Kr\u00f3n. F\u00fcz. (1939. 4\/9); Lev\u00e9lt\u00e1ri gy\u00e1szj.; Lukinich; Mv. m\u0171v. v\u00e1r.; P\u00e1l-Antal 2009; Szentgy\u00f6rgyi; \u00daIL<\/br><\/p>\n","protected":false},"excerpt":{"rendered":"<p>1744.? -Kv., 1807. \u00e1pr. 20. Erd\u0151szentgy\u00f6rgy\u00f6n temett\u00e9k a f\u00e9rje mell\u00e9: f\u0151\u00fari birtokos. \u2013 B. J\u00e1nos (\u2020 1787 k.) \u00e9s gr. Tholdalagi Borb\u00e1la le\u00e1nya. F\u00e9rje: malomvizi gr. Kendeffi Elek (\u2020 1783.). Gyermekeik: Kendeffy Zsuzs\u00e1nna sz\u00e9ki gr. Teleki Domokosn\u00e9; Borb\u00e1la malomvizi Kendeffy J\u00f3zsefn\u00e9; R\u00e1chel hadadi br. Wessel\u00e9nyi J\u00f3zsefn\u00e9; J\u00e1nos, feles\u00e9ge gr. Teleki Polix\u00e9na. \u2013 A mv.-i Szent [&hellip;]<\/p>\n","protected":false},"featured_media":0,"comment_status":"open","ping_status":"closed","template":"","meta":[],"product_brand":[],"product_cat":[137],"product_tag":[],"class_list":{"0":"post-4648","1":"product","2":"type-product","3":"status-publish","5":"product_cat-maros-megyei-eletrajzi-lexikon","7":"first","8":"instock","9":"shipping-taxable","10":"product-type-simple"},"_links":{"self":[{"href":"https:\/\/uj.adatbank.ro\/lexikon\/wp-json\/wp\/v2\/product\/4648","targetHints":{"allow":["GET"]}}],"collection":[{"href":"https:\/\/uj.adatbank.ro\/lexikon\/wp-json\/wp\/v2\/product"}],"about":[{"href":"https:\/\/uj.adatbank.ro\/lexikon\/wp-json\/wp\/v2\/types\/product"}],"replies":[{"embeddable":true,"href":"https:\/\/uj.adatbank.ro\/lexikon\/wp-json\/wp\/v2\/comments?post=4648"}],"wp:attachment":[{"href":"https:\/\/uj.adatbank.ro\/lexikon\/wp-json\/wp\/v2\/media?parent=4648"}],"wp:term":[{"taxonomy":"product_brand","embeddable":true,"href":"https:\/\/uj.adatbank.ro\/lexikon\/wp-json\/wp\/v2\/product_brand?post=4648"},{"taxonomy":"product_cat","embeddable":true,"href":"https:\/\/uj.adatbank.ro\/lexikon\/wp-json\/wp\/v2\/product_cat?post=4648"},{"taxonomy":"product_tag","embeddable":true,"href":"https:\/\/uj.adatbank.ro\/lexikon\/wp-json\/wp\/v2\/product_tag?post=4648"}],"curies":[{"name":"wp","href":"https:\/\/api.w.org\/{rel}","templated":true}]}}