{"id":4656,"date":"2025-06-28T16:49:07","date_gmt":"2025-06-28T14:49:07","guid":{"rendered":"https:\/\/uj.adatbank.ro\/lexikon\/termek\/bethlen-leopold-bethlen-lipot-bethleni-gr\/"},"modified":"2025-06-28T16:49:07","modified_gmt":"2025-06-28T14:49:07","slug":"bethlen-leopold-bethlen-lipot-bethleni-gr","status":"publish","type":"product","link":"https:\/\/uj.adatbank.ro\/lexikon\/termek\/bethlen-leopold-bethlen-lipot-bethleni-gr\/","title":{"rendered":"BETHLEN Leopold, Bethlen Lip\u00f3t, bethleni gr."},"content":{"rendered":"<p>Nagyszeben, 1800. jan. 21. \u2020 Kv., 1861. \u00e1pr. 14.: cs. \u00e9s kir. kamar\u00e1s. \u2013 B. J\u00f3zsef (1757\u20131815) \u00e9s gr. Zichy Jozefa fia. Feles\u00e9ge Kienmayer Katalin br.-n\u0151 (\u2020 1859. m\u00e1j. 16.). Le\u00e1nyuk: Leopoldina. \u2013 Nagyteremiben volt f\u00f6ldbirtoka. Kir. hivatalos az erd\u00e9lyi 1848. \u00e9vi utols\u00f3 rendi ogy.-en (Kv., 1848. m\u00e1j. 29.-j\u00fal. 18.). Le\u00e1nyuk \u00f6r\u00f6k\u00f6lte a nagyteremii birtokot. Z\u00e1szl\u00f3t adom\u00e1nyoztak a radn\u00f3ti udvari k\u00e1poln\u00e1nak (1832). <br \/><strong>Irod.:<\/strong> Egyed: \u00c1. Erd\u00e9ly 1848. ogy.; Fekete; Gudenus; Keresztes 1995; Kakasy M\u00e1rton: Naplemente (Mv., 1931); Lukinich; Millenniumi ki\u00e1ll.<\/br><\/p>\n","protected":false},"excerpt":{"rendered":"<p>Nagyszeben, 1800. jan. 21. \u2020 Kv., 1861. \u00e1pr. 14.: cs. \u00e9s kir. kamar\u00e1s. \u2013 B. J\u00f3zsef (1757\u20131815) \u00e9s gr. Zichy Jozefa fia. Feles\u00e9ge Kienmayer Katalin br.-n\u0151 (\u2020 1859. m\u00e1j. 16.). Le\u00e1nyuk: Leopoldina. \u2013 Nagyteremiben volt f\u00f6ldbirtoka. Kir. hivatalos az erd\u00e9lyi 1848. \u00e9vi utols\u00f3 rendi ogy.-en (Kv., 1848. m\u00e1j. 29.-j\u00fal. 18.). Le\u00e1nyuk \u00f6r\u00f6k\u00f6lte a nagyteremii birtokot. [&hellip;]<\/p>\n","protected":false},"featured_media":0,"comment_status":"open","ping_status":"closed","template":"","meta":[],"product_brand":[],"product_cat":[137],"product_tag":[],"class_list":{"0":"post-4656","1":"product","2":"type-product","3":"status-publish","5":"product_cat-maros-megyei-eletrajzi-lexikon","7":"first","8":"instock","9":"shipping-taxable","10":"product-type-simple"},"_links":{"self":[{"href":"https:\/\/uj.adatbank.ro\/lexikon\/wp-json\/wp\/v2\/product\/4656","targetHints":{"allow":["GET"]}}],"collection":[{"href":"https:\/\/uj.adatbank.ro\/lexikon\/wp-json\/wp\/v2\/product"}],"about":[{"href":"https:\/\/uj.adatbank.ro\/lexikon\/wp-json\/wp\/v2\/types\/product"}],"replies":[{"embeddable":true,"href":"https:\/\/uj.adatbank.ro\/lexikon\/wp-json\/wp\/v2\/comments?post=4656"}],"wp:attachment":[{"href":"https:\/\/uj.adatbank.ro\/lexikon\/wp-json\/wp\/v2\/media?parent=4656"}],"wp:term":[{"taxonomy":"product_brand","embeddable":true,"href":"https:\/\/uj.adatbank.ro\/lexikon\/wp-json\/wp\/v2\/product_brand?post=4656"},{"taxonomy":"product_cat","embeddable":true,"href":"https:\/\/uj.adatbank.ro\/lexikon\/wp-json\/wp\/v2\/product_cat?post=4656"},{"taxonomy":"product_tag","embeddable":true,"href":"https:\/\/uj.adatbank.ro\/lexikon\/wp-json\/wp\/v2\/product_tag?post=4656"}],"curies":[{"name":"wp","href":"https:\/\/api.w.org\/{rel}","templated":true}]}}