{"id":4658,"date":"2025-06-28T16:49:10","date_gmt":"2025-06-28T14:49:10","guid":{"rendered":"https:\/\/uj.adatbank.ro\/lexikon\/termek\/bethlen-louise-erzsebet-%c2%a7-bethleni-gr-mariaffi-lujza-mariafyi-lujza-gr-maxai-v-maksai-mariaffy-albertne\/"},"modified":"2025-06-28T16:49:10","modified_gmt":"2025-06-28T14:49:10","slug":"bethlen-louise-erzsebet-%c2%a7-bethleni-gr-mariaffi-lujza-mariafyi-lujza-gr-maxai-v-maksai-mariaffy-albertne","status":"publish","type":"product","link":"https:\/\/uj.adatbank.ro\/lexikon\/termek\/bethlen-louise-erzsebet-%c2%a7-bethleni-gr-mariaffi-lujza-mariafyi-lujza-gr-maxai-v-maksai-mariaffy-albertne\/","title":{"rendered":"BETHLEN Louise Erzs\u00e9bet, \u00a7 bethleni gr., M\u00e1riaffi Lujza, M\u00e1riafyi Lujza, gr. maxai v. maksai M\u00e1riaffy Albertn\u00e9"},"content":{"rendered":"<p>1834. dec. 17., \u2020\u00a0Mv., 1900. nov. 23., Marosszentgy\u00f6rgy\u00f6n a csal\u00e1di s\u00edrkertbe temett\u00e9k: f\u00f6ldbirtokos, n\u0151egyleti eln\u00f6k. \u2013 B. G\u00e1bor (1811\u20131872) \u00e9s B. Kl\u00e1ra (\u20201893. dec. 6.) le\u00e1nya. F\u00e9rjhez ment maksai M\u00e1riaffi Alberthez (1866. dec. 15). Az EMKE mv.-i v\u00e1rosi n\u0151i v\u00e1lasztm\u00e1ny\u00e1nak alap\u00edt\u00f3tagja, aleln\u00f6ke (1886). A mv.-i n\u0151egyletben tev\u00e9kenykedett, a J\u00f3t\u00e9kony N\u0151egylet eln\u00f6kn\u0151je (1883\u20131900). Nev\u00e9hez f\u0171z\u0151dik nagyon sok eml\u00e9kezetes esem\u00e9ny. Seg\u00e9lyezte az egyleteket, elszeg\u00e9nyedett \u00fari csal\u00e1dokat, iskol\u00e1s gyermekeket ruh\u00e1zott fel. A falu ref. egyh\u00e1z\u00e1nak j\u00f3tev\u0151je. Marosszentgy\u00f6rgy\u00f6n iskol\u00e1t \u00e9p\u00edtetett egy\u00fctt 69 ref. h\u00edv\u0151vel k\u00f6z\u00f6sen, R\u00e1cz J\u00f3zsef \u00e9p\u00edt\u00e9sz tervezte \u00e9s kivitelezte, egy tanterem \u00e9s egy tan\u00edt\u00f3i lak\u00e1s volt benne (1881). <br \/><strong>Irod.:<\/strong> Bart\u00f3k L\u00e1szl\u00f3 : A mv.-i J\u00f3t\u00e9kony N\u0151egylet v\u00e1lasztm\u00e1ny\u00e1nak 1894 \u00e9vi jan. 1\u20131900 \u00e9v dec. 31-ig terjed\u0151 munk\u00e1lkod\u00e1s\u00e1r\u00f3l sz\u00f3l\u00f3 jelent\u00e9s (Mv., 1901); Bern\u00e1dy Gy\u00f6rgy: Polg\u00e1rmesteri expoz\u00e9 (Marosv\u00e1s\u00e1rhely, 1911. nov. 1.); Gomb\u00e1s; Gudenus; K\u00e1lm\u00e1n Attila: A M\u00e1riaffi csal\u00e1d t\u00f6rt\u00e9net\u00e9hez = Marosszentgy\u00f6rgy; Kempelen; Marosi-KZST; Moln\u00e1r G\u00e1bor: A Mv.-i J\u00f3t\u00e9kony N\u0151egylet (Marosv\u00e1s\u00e1rhely, 1911. nov. 1.); [Nekrol\u00f3g] (Sz\u00e9kely Lapok, 1900. nov. 24.); S\u00e1ndor; S\u00e2ngeorgiu de Mure\u015f \u2013 \u015ecoala<\/br><\/p>\n","protected":false},"excerpt":{"rendered":"<p>1834. dec. 17., \u2020\u00a0Mv., 1900. nov. 23., Marosszentgy\u00f6rgy\u00f6n a csal\u00e1di s\u00edrkertbe temett\u00e9k: f\u00f6ldbirtokos, n\u0151egyleti eln\u00f6k. \u2013 B. G\u00e1bor (1811\u20131872) \u00e9s B. Kl\u00e1ra (\u20201893. dec. 6.) le\u00e1nya. F\u00e9rjhez ment maksai M\u00e1riaffi Alberthez (1866. dec. 15). Az EMKE mv.-i v\u00e1rosi n\u0151i v\u00e1lasztm\u00e1ny\u00e1nak alap\u00edt\u00f3tagja, aleln\u00f6ke (1886). A mv.-i n\u0151egyletben tev\u00e9kenykedett, a J\u00f3t\u00e9kony N\u0151egylet eln\u00f6kn\u0151je (1883\u20131900). Nev\u00e9hez f\u0171z\u0151dik nagyon [&hellip;]<\/p>\n","protected":false},"featured_media":0,"comment_status":"open","ping_status":"closed","template":"","meta":[],"product_brand":[],"product_cat":[137],"product_tag":[],"class_list":{"0":"post-4658","1":"product","2":"type-product","3":"status-publish","5":"product_cat-maros-megyei-eletrajzi-lexikon","7":"first","8":"instock","9":"shipping-taxable","10":"product-type-simple"},"_links":{"self":[{"href":"https:\/\/uj.adatbank.ro\/lexikon\/wp-json\/wp\/v2\/product\/4658","targetHints":{"allow":["GET"]}}],"collection":[{"href":"https:\/\/uj.adatbank.ro\/lexikon\/wp-json\/wp\/v2\/product"}],"about":[{"href":"https:\/\/uj.adatbank.ro\/lexikon\/wp-json\/wp\/v2\/types\/product"}],"replies":[{"embeddable":true,"href":"https:\/\/uj.adatbank.ro\/lexikon\/wp-json\/wp\/v2\/comments?post=4658"}],"wp:attachment":[{"href":"https:\/\/uj.adatbank.ro\/lexikon\/wp-json\/wp\/v2\/media?parent=4658"}],"wp:term":[{"taxonomy":"product_brand","embeddable":true,"href":"https:\/\/uj.adatbank.ro\/lexikon\/wp-json\/wp\/v2\/product_brand?post=4658"},{"taxonomy":"product_cat","embeddable":true,"href":"https:\/\/uj.adatbank.ro\/lexikon\/wp-json\/wp\/v2\/product_cat?post=4658"},{"taxonomy":"product_tag","embeddable":true,"href":"https:\/\/uj.adatbank.ro\/lexikon\/wp-json\/wp\/v2\/product_tag?post=4658"}],"curies":[{"name":"wp","href":"https:\/\/api.w.org\/{rel}","templated":true}]}}