{"id":4659,"date":"2025-06-28T16:49:12","date_gmt":"2025-06-28T14:49:12","guid":{"rendered":"https:\/\/uj.adatbank.ro\/lexikon\/termek\/bethlen-margit-bethleni-gr-gr-teleki-gezane-banffy-gyorgyne\/"},"modified":"2025-06-28T16:49:12","modified_gmt":"2025-06-28T14:49:12","slug":"bethlen-margit-bethleni-gr-gr-teleki-gezane-banffy-gyorgyne","status":"publish","type":"product","link":"https:\/\/uj.adatbank.ro\/lexikon\/termek\/bethlen-margit-bethleni-gr-gr-teleki-gezane-banffy-gyorgyne\/","title":{"rendered":"BETHLEN Margit, bethleni gr., gr. Teleki G\u00e9z\u00e1n\u00e9, B\u00e1nffy Gy\u00f6rgyn\u00e9"},"content":{"rendered":"<p>Bethlen, 1858. jan. 18., \u2020\u00a0Bp., 1929. okt. 28. temetve Kv. nov. 2.: f\u00f6ldbirtokos. \u2013 B. P\u00e1l (1778\u20131859) \u00e9s B. M\u00e1ria le\u00e1nya. F\u00e9rje: 1. sz\u00e9ki Teleki G\u00e9za (1850\u20131882), gernyeszegi birtokos. Gyermekeik: T. Domokos, feles\u00e9ge Teleki Edina; G\u00e9za, feles\u00e9ge uzoni gr. B\u00e9ldi Margit; 2. losonczi br. B\u00e1nffy Gy\u00f6rgy (Kv., 1853. aug. 31. \u2013 B\u00e9cs v. Kv., 1889. m\u00e1rc. 31.; esk\u00fcv\u0151: 1887. m\u00e1rc. 5. \u2013). Gyermekeik: B. Judit (Kv., 1888-H\u00e1tszeg, 1949) gr. Bethlen \u00c1d\u00e1mn\u00e9; Zsuzsanna, malomvizi gr. Kendeffy G\u00e1born\u00e9. \u2013 Birtokos Gernyeszegen. A Bp.-i Orsz\u00e1gos \u00c1ltal\u00e1nos Ki\u00e1ll.-on nagy \u00e9rmet kapott (1885) a az 1882-iki cabernet bor\u00e1\u00e9rt. <br \/><strong>Irod.:<\/strong> 1885. \u00e9vi k\u00e1ll.; Gy\u00e1szjelent\u0151; Lev\u00e9lt\u00e1ri gy\u00e1szj.; Lukinich<\/br><\/p>\n","protected":false},"excerpt":{"rendered":"<p>Bethlen, 1858. jan. 18., \u2020\u00a0Bp., 1929. okt. 28. temetve Kv. nov. 2.: f\u00f6ldbirtokos. \u2013 B. P\u00e1l (1778\u20131859) \u00e9s B. M\u00e1ria le\u00e1nya. F\u00e9rje: 1. sz\u00e9ki Teleki G\u00e9za (1850\u20131882), gernyeszegi birtokos. Gyermekeik: T. Domokos, feles\u00e9ge Teleki Edina; G\u00e9za, feles\u00e9ge uzoni gr. B\u00e9ldi Margit; 2. losonczi br. B\u00e1nffy Gy\u00f6rgy (Kv., 1853. aug. 31. \u2013 B\u00e9cs v. Kv., 1889. [&hellip;]<\/p>\n","protected":false},"featured_media":0,"comment_status":"open","ping_status":"closed","template":"","meta":[],"product_brand":[],"product_cat":[137],"product_tag":[],"class_list":{"0":"post-4659","1":"product","2":"type-product","3":"status-publish","5":"product_cat-maros-megyei-eletrajzi-lexikon","7":"first","8":"instock","9":"shipping-taxable","10":"product-type-simple"},"_links":{"self":[{"href":"https:\/\/uj.adatbank.ro\/lexikon\/wp-json\/wp\/v2\/product\/4659","targetHints":{"allow":["GET"]}}],"collection":[{"href":"https:\/\/uj.adatbank.ro\/lexikon\/wp-json\/wp\/v2\/product"}],"about":[{"href":"https:\/\/uj.adatbank.ro\/lexikon\/wp-json\/wp\/v2\/types\/product"}],"replies":[{"embeddable":true,"href":"https:\/\/uj.adatbank.ro\/lexikon\/wp-json\/wp\/v2\/comments?post=4659"}],"wp:attachment":[{"href":"https:\/\/uj.adatbank.ro\/lexikon\/wp-json\/wp\/v2\/media?parent=4659"}],"wp:term":[{"taxonomy":"product_brand","embeddable":true,"href":"https:\/\/uj.adatbank.ro\/lexikon\/wp-json\/wp\/v2\/product_brand?post=4659"},{"taxonomy":"product_cat","embeddable":true,"href":"https:\/\/uj.adatbank.ro\/lexikon\/wp-json\/wp\/v2\/product_cat?post=4659"},{"taxonomy":"product_tag","embeddable":true,"href":"https:\/\/uj.adatbank.ro\/lexikon\/wp-json\/wp\/v2\/product_tag?post=4659"}],"curies":[{"name":"wp","href":"https:\/\/api.w.org\/{rel}","templated":true}]}}