{"id":4662,"date":"2025-06-28T16:49:20","date_gmt":"2025-06-28T14:49:20","guid":{"rendered":"https:\/\/uj.adatbank.ro\/lexikon\/termek\/bethlen-maria-gr-bethlen-sandorne\/"},"modified":"2025-06-28T16:49:20","modified_gmt":"2025-06-28T14:49:20","slug":"bethlen-maria-gr-bethlen-sandorne","status":"publish","type":"product","link":"https:\/\/uj.adatbank.ro\/lexikon\/termek\/bethlen-maria-gr-bethlen-sandorne\/","title":{"rendered":"BETHLEN M\u00e1ria, gr. Bethlen S\u00e1ndorn\u00e9"},"content":{"rendered":"<p>1882., \u2020\u00a01970.: f\u00f6ldbirtokos. \u2013 \u201eAz erd\u00e9lyi n\u00e9pm\u0171v\u00e9szet lelkes \u00e9s kiv\u00e9teles \u00e9kessz\u00f3l\u00e1s\u00fa apostola\u201d- \u00edrta r\u00f3la S\u00e9nyi L\u00e1szl\u00f3. Hat\u00e1sa \u00e9s b\u00e1tor\u00edt\u00e1sa k\u00f6vetkezt\u00e9ben sz\u00e1mos vid\u00e9ki telep\u00fcl\u00e9sen fellend\u00fclt a k\u00e9zimunkak\u00e9sz\u00edt\u00e9s: sz\u00f6v\u00e9s, varr\u00e1s, h\u00edmz\u00e9s. Term\u00e9keiket belf\u00f6ld\u00f6n \u00e9s a gr\u00f3n\u0151 \u00f6sszek\u00f6tet\u00e9sei r\u00e9v\u00e9n k\u00fclf\u00f6ld\u00f6n is \u00e9rt\u00e9kes\u00edtett\u00e9k. <br \/><strong>Irod.:<\/strong> Molter 3.<\/br><\/p>\n","protected":false},"excerpt":{"rendered":"<p>1882., \u2020\u00a01970.: f\u00f6ldbirtokos. \u2013 \u201eAz erd\u00e9lyi n\u00e9pm\u0171v\u00e9szet lelkes \u00e9s kiv\u00e9teles \u00e9kessz\u00f3l\u00e1s\u00fa apostola\u201d- \u00edrta r\u00f3la S\u00e9nyi L\u00e1szl\u00f3. Hat\u00e1sa \u00e9s b\u00e1tor\u00edt\u00e1sa k\u00f6vetkezt\u00e9ben sz\u00e1mos vid\u00e9ki telep\u00fcl\u00e9sen fellend\u00fclt a k\u00e9zimunkak\u00e9sz\u00edt\u00e9s: sz\u00f6v\u00e9s, varr\u00e1s, h\u00edmz\u00e9s. Term\u00e9keiket belf\u00f6ld\u00f6n \u00e9s a gr\u00f3n\u0151 \u00f6sszek\u00f6tet\u00e9sei r\u00e9v\u00e9n k\u00fclf\u00f6ld\u00f6n is \u00e9rt\u00e9kes\u00edtett\u00e9k. Irod.: Molter 3.<\/p>\n","protected":false},"featured_media":0,"comment_status":"open","ping_status":"closed","template":"","meta":[],"product_brand":[],"product_cat":[137],"product_tag":[],"class_list":{"0":"post-4662","1":"product","2":"type-product","3":"status-publish","5":"product_cat-maros-megyei-eletrajzi-lexikon","7":"first","8":"instock","9":"shipping-taxable","10":"product-type-simple"},"_links":{"self":[{"href":"https:\/\/uj.adatbank.ro\/lexikon\/wp-json\/wp\/v2\/product\/4662","targetHints":{"allow":["GET"]}}],"collection":[{"href":"https:\/\/uj.adatbank.ro\/lexikon\/wp-json\/wp\/v2\/product"}],"about":[{"href":"https:\/\/uj.adatbank.ro\/lexikon\/wp-json\/wp\/v2\/types\/product"}],"replies":[{"embeddable":true,"href":"https:\/\/uj.adatbank.ro\/lexikon\/wp-json\/wp\/v2\/comments?post=4662"}],"wp:attachment":[{"href":"https:\/\/uj.adatbank.ro\/lexikon\/wp-json\/wp\/v2\/media?parent=4662"}],"wp:term":[{"taxonomy":"product_brand","embeddable":true,"href":"https:\/\/uj.adatbank.ro\/lexikon\/wp-json\/wp\/v2\/product_brand?post=4662"},{"taxonomy":"product_cat","embeddable":true,"href":"https:\/\/uj.adatbank.ro\/lexikon\/wp-json\/wp\/v2\/product_cat?post=4662"},{"taxonomy":"product_tag","embeddable":true,"href":"https:\/\/uj.adatbank.ro\/lexikon\/wp-json\/wp\/v2\/product_tag?post=4662"}],"curies":[{"name":"wp","href":"https:\/\/api.w.org\/{rel}","templated":true}]}}