{"id":4665,"date":"2025-06-28T16:49:26","date_gmt":"2025-06-28T14:49:26","guid":{"rendered":"https:\/\/uj.adatbank.ro\/lexikon\/termek\/bethlen-mihaly-bethleni-2\/"},"modified":"2025-06-28T16:49:26","modified_gmt":"2025-06-28T14:49:26","slug":"bethlen-mihaly-bethleni-2","status":"publish","type":"product","link":"https:\/\/uj.adatbank.ro\/lexikon\/termek\/bethlen-mihaly-bethleni-2\/","title":{"rendered":"BETHLEN Mih\u00e1ly, bethleni"},"content":{"rendered":"<p>1619 k., \u2020\u00a01656. febr. 19. Nyugszik a keresdi csal\u00e1di kript\u00e1ban: f\u0151isp\u00e1n. \u2013 B. Gy\u00f6rgy (\u2020 1636) \u00e9s Csejthy Ilona fia. Feles\u00e9ge: 1. Sombory Borb\u00e1la; 2. Bornemissza Kata. H\u00e9t gyermeke k\u00f6z\u00fcl csak k\u00e9t l\u00e1ny \u00e9ri meg a feln\u0151tkort \u00e9s ezzel a B. Bal\u00e1zs \u00e1ga kihalt. B. Ferenc hal\u00e1la ut\u00e1n lett Feh\u00e9r megye f\u0151isp\u00e1nja hal\u00e1l\u00e1ig (1639\u201356). Fejedelmi kamar\u00e1s (1640) \u00e9s Doboka vm. f\u0151isp\u00e1nja is (1644). <br \/><strong>Irod.:<\/strong> Kraus: Erd\u00e9lyi kr\u00f3nika; Lukinich; Mo. f\u0151isp\u00e1njai; Wessel\u00e9nyi Istv\u00e1n<\/br><\/p>\n","protected":false},"excerpt":{"rendered":"<p>1619 k., \u2020\u00a01656. febr. 19. Nyugszik a keresdi csal\u00e1di kript\u00e1ban: f\u0151isp\u00e1n. \u2013 B. Gy\u00f6rgy (\u2020 1636) \u00e9s Csejthy Ilona fia. Feles\u00e9ge: 1. Sombory Borb\u00e1la; 2. Bornemissza Kata. H\u00e9t gyermeke k\u00f6z\u00fcl csak k\u00e9t l\u00e1ny \u00e9ri meg a feln\u0151tkort \u00e9s ezzel a B. Bal\u00e1zs \u00e1ga kihalt. B. Ferenc hal\u00e1la ut\u00e1n lett Feh\u00e9r megye f\u0151isp\u00e1nja hal\u00e1l\u00e1ig (1639\u201356). Fejedelmi [&hellip;]<\/p>\n","protected":false},"featured_media":0,"comment_status":"open","ping_status":"closed","template":"","meta":[],"product_brand":[],"product_cat":[137],"product_tag":[],"class_list":{"0":"post-4665","1":"product","2":"type-product","3":"status-publish","5":"product_cat-maros-megyei-eletrajzi-lexikon","7":"first","8":"instock","9":"shipping-taxable","10":"product-type-simple"},"_links":{"self":[{"href":"https:\/\/uj.adatbank.ro\/lexikon\/wp-json\/wp\/v2\/product\/4665","targetHints":{"allow":["GET"]}}],"collection":[{"href":"https:\/\/uj.adatbank.ro\/lexikon\/wp-json\/wp\/v2\/product"}],"about":[{"href":"https:\/\/uj.adatbank.ro\/lexikon\/wp-json\/wp\/v2\/types\/product"}],"replies":[{"embeddable":true,"href":"https:\/\/uj.adatbank.ro\/lexikon\/wp-json\/wp\/v2\/comments?post=4665"}],"wp:attachment":[{"href":"https:\/\/uj.adatbank.ro\/lexikon\/wp-json\/wp\/v2\/media?parent=4665"}],"wp:term":[{"taxonomy":"product_brand","embeddable":true,"href":"https:\/\/uj.adatbank.ro\/lexikon\/wp-json\/wp\/v2\/product_brand?post=4665"},{"taxonomy":"product_cat","embeddable":true,"href":"https:\/\/uj.adatbank.ro\/lexikon\/wp-json\/wp\/v2\/product_cat?post=4665"},{"taxonomy":"product_tag","embeddable":true,"href":"https:\/\/uj.adatbank.ro\/lexikon\/wp-json\/wp\/v2\/product_tag?post=4665"}],"curies":[{"name":"wp","href":"https:\/\/api.w.org\/{rel}","templated":true}]}}