{"id":4676,"date":"2025-06-28T16:49:47","date_gmt":"2025-06-28T14:49:47","guid":{"rendered":"https:\/\/uj.adatbank.ro\/lexikon\/termek\/bethlen-pal-bethleni-gr-2\/"},"modified":"2025-06-28T16:49:47","modified_gmt":"2025-06-28T14:49:47","slug":"bethlen-pal-bethleni-gr-2","status":"publish","type":"product","link":"https:\/\/uj.adatbank.ro\/lexikon\/termek\/bethlen-pal-bethleni-gr-2\/","title":{"rendered":"BETHLEN P\u00e1l, bethleni gr."},"content":{"rendered":"<p>1780.?, \u2020 Kv., 1827. j\u00fan. 28., a keresdi csal\u00e1di s\u00edrboltba, apja mell\u00e9 temett\u00e9k, a mv.-i V\u00e1rtemplomban b\u00facs\u00faztatt\u00e1k: f\u00f6ldbirtokos. \u2013 Feles\u00e9ge gr. Bethlen Lujza Alojza (\u2020 1825). Fiaik: P\u00e1l, Farkas. \u2013 A bonyhai kast\u00e9ly tulajdonosa, versenylovakat teny\u00e9sztett ott. <br \/><strong>Irod.:<\/strong> Gy\u00e1szjelent\u0151; Keresztes; Lev\u00e9lt\u00e1ri gy\u00e1szj.<\/br><\/p>\n","protected":false},"excerpt":{"rendered":"<p>1780.?, \u2020 Kv., 1827. j\u00fan. 28., a keresdi csal\u00e1di s\u00edrboltba, apja mell\u00e9 temett\u00e9k, a mv.-i V\u00e1rtemplomban b\u00facs\u00faztatt\u00e1k: f\u00f6ldbirtokos. \u2013 Feles\u00e9ge gr. Bethlen Lujza Alojza (\u2020 1825). Fiaik: P\u00e1l, Farkas. \u2013 A bonyhai kast\u00e9ly tulajdonosa, versenylovakat teny\u00e9sztett ott. Irod.: Gy\u00e1szjelent\u0151; Keresztes; Lev\u00e9lt\u00e1ri gy\u00e1szj.<\/p>\n","protected":false},"featured_media":0,"comment_status":"open","ping_status":"closed","template":"","meta":[],"product_brand":[],"product_cat":[137],"product_tag":[],"class_list":{"0":"post-4676","1":"product","2":"type-product","3":"status-publish","5":"product_cat-maros-megyei-eletrajzi-lexikon","7":"first","8":"instock","9":"shipping-taxable","10":"product-type-simple"},"_links":{"self":[{"href":"https:\/\/uj.adatbank.ro\/lexikon\/wp-json\/wp\/v2\/product\/4676","targetHints":{"allow":["GET"]}}],"collection":[{"href":"https:\/\/uj.adatbank.ro\/lexikon\/wp-json\/wp\/v2\/product"}],"about":[{"href":"https:\/\/uj.adatbank.ro\/lexikon\/wp-json\/wp\/v2\/types\/product"}],"replies":[{"embeddable":true,"href":"https:\/\/uj.adatbank.ro\/lexikon\/wp-json\/wp\/v2\/comments?post=4676"}],"wp:attachment":[{"href":"https:\/\/uj.adatbank.ro\/lexikon\/wp-json\/wp\/v2\/media?parent=4676"}],"wp:term":[{"taxonomy":"product_brand","embeddable":true,"href":"https:\/\/uj.adatbank.ro\/lexikon\/wp-json\/wp\/v2\/product_brand?post=4676"},{"taxonomy":"product_cat","embeddable":true,"href":"https:\/\/uj.adatbank.ro\/lexikon\/wp-json\/wp\/v2\/product_cat?post=4676"},{"taxonomy":"product_tag","embeddable":true,"href":"https:\/\/uj.adatbank.ro\/lexikon\/wp-json\/wp\/v2\/product_tag?post=4676"}],"curies":[{"name":"wp","href":"https:\/\/api.w.org\/{rel}","templated":true}]}}