{"id":4677,"date":"2025-06-28T16:49:48","date_gmt":"2025-06-28T14:49:48","guid":{"rendered":"https:\/\/uj.adatbank.ro\/lexikon\/termek\/bethlen-roza-horthy-jenone\/"},"modified":"2025-06-28T16:49:48","modified_gmt":"2025-06-28T14:49:48","slug":"bethlen-roza-horthy-jenone","status":"publish","type":"product","link":"https:\/\/uj.adatbank.ro\/lexikon\/termek\/bethlen-roza-horthy-jenone\/","title":{"rendered":"BETHLEN R\u00f3za, Horthy Jen\u0151n\u00e9"},"content":{"rendered":"<p>Bonyha, 1882. szept. 4. \u2020 H\u00e1tszeg, 1955. \u00e1pr. 29. \u2013 B. \u00c1rp\u00e1d \u00e9s Husz\u00e1r Margit l\u00e1nya. F\u00e9rje: nagyb\u00e1nyai Horthy Jen\u0151 (Kenderes, 1877. nov. 8. \u2013 Lausanne, Vaud, 1953. nov. 20.), H. Mikl\u00f3s korm\u00e1nyz\u00f3 testv\u00e9re. Esk\u00fcv\u0151: Bonyh\u00e1n (1906. okt. 20.) <br \/><strong>Irod.:<\/strong> B\u00f6l\u00f6ni Domokos: Mi lesz a bonyhai Bethlen-kast\u00e9ly sorsa? (N\u00fa., 2002. febr. 21.); Gudenus<\/br><\/p>\n","protected":false},"excerpt":{"rendered":"<p>Bonyha, 1882. szept. 4. \u2020 H\u00e1tszeg, 1955. \u00e1pr. 29. \u2013 B. \u00c1rp\u00e1d \u00e9s Husz\u00e1r Margit l\u00e1nya. F\u00e9rje: nagyb\u00e1nyai Horthy Jen\u0151 (Kenderes, 1877. nov. 8. \u2013 Lausanne, Vaud, 1953. nov. 20.), H. Mikl\u00f3s korm\u00e1nyz\u00f3 testv\u00e9re. Esk\u00fcv\u0151: Bonyh\u00e1n (1906. okt. 20.) Irod.: B\u00f6l\u00f6ni Domokos: Mi lesz a bonyhai Bethlen-kast\u00e9ly sorsa? (N\u00fa., 2002. febr. 21.); Gudenus<\/p>\n","protected":false},"featured_media":0,"comment_status":"open","ping_status":"closed","template":"","meta":[],"product_brand":[],"product_cat":[137],"product_tag":[],"class_list":{"0":"post-4677","1":"product","2":"type-product","3":"status-publish","5":"product_cat-maros-megyei-eletrajzi-lexikon","7":"first","8":"instock","9":"shipping-taxable","10":"product-type-simple"},"_links":{"self":[{"href":"https:\/\/uj.adatbank.ro\/lexikon\/wp-json\/wp\/v2\/product\/4677","targetHints":{"allow":["GET"]}}],"collection":[{"href":"https:\/\/uj.adatbank.ro\/lexikon\/wp-json\/wp\/v2\/product"}],"about":[{"href":"https:\/\/uj.adatbank.ro\/lexikon\/wp-json\/wp\/v2\/types\/product"}],"replies":[{"embeddable":true,"href":"https:\/\/uj.adatbank.ro\/lexikon\/wp-json\/wp\/v2\/comments?post=4677"}],"wp:attachment":[{"href":"https:\/\/uj.adatbank.ro\/lexikon\/wp-json\/wp\/v2\/media?parent=4677"}],"wp:term":[{"taxonomy":"product_brand","embeddable":true,"href":"https:\/\/uj.adatbank.ro\/lexikon\/wp-json\/wp\/v2\/product_brand?post=4677"},{"taxonomy":"product_cat","embeddable":true,"href":"https:\/\/uj.adatbank.ro\/lexikon\/wp-json\/wp\/v2\/product_cat?post=4677"},{"taxonomy":"product_tag","embeddable":true,"href":"https:\/\/uj.adatbank.ro\/lexikon\/wp-json\/wp\/v2\/product_tag?post=4677"}],"curies":[{"name":"wp","href":"https:\/\/api.w.org\/{rel}","templated":true}]}}