{"id":4678,"date":"2025-06-28T16:49:49","date_gmt":"2025-06-28T14:49:49","guid":{"rendered":"https:\/\/uj.adatbank.ro\/lexikon\/termek\/bethlen-samuel-bethleni-gr\/"},"modified":"2025-06-28T16:49:49","modified_gmt":"2025-06-28T14:49:49","slug":"bethlen-samuel-bethleni-gr","status":"publish","type":"product","link":"https:\/\/uj.adatbank.ro\/lexikon\/termek\/bethlen-samuel-bethleni-gr\/","title":{"rendered":"BETHLEN S\u00e1muel, bethleni gr."},"content":{"rendered":"<p>1695. k., \u2020 1755: tan\u00e1csos, t\u00e1blai \u00fcln\u00f6k. \u2013 Id. B. S\u00e1muel \u00e9s borsai Nagy Borb\u00e1la fia. \u00c1rva B. Kata testv\u00e9re. Feles\u00e9ge: 1. gr. L\u00e1z\u00e1r M\u00e1ria (\u2020 1732), 2. br. J\u00f3sika \u00c1gnes (esk\u00fcv\u0151: 1735), 3. br. Petrichevich-Horv\u00e1th Zsuzsanna (\u2020 1747), 4. gr. Nemes Kl\u00e1ra. \u00d6sszesen 9 gyermeke volt. \u2013 T\u00e1blai \u00fcln\u00f6k (1736\u2013). A mv.-i koll. gondnok\u00e1v\u00e1 v\u00e1lsztott\u00e1k (1743). Guberniumi tan\u00e1csos lett (1748\u2013), a kir. t\u00e1bla \u00fcln\u00f6ke. II. R\u00e1k\u00f3czi Ferenc fi\u00e1val, J\u00f3zseffel val\u00f3 \u00f6sszek\u00f6ttet\u00e9ssel gyanus\u00edtott\u00e1k \u00e9s elfogt\u00e1k de szabadon bocs\u00e1tott\u00e1k (1739). Az erd\u00e9lyi ref. ekl\u00e9zsi\u00e1k, koll.-ok \u00e9s iskol\u00e1k f\u0151kur\u00e1tora. A bonyhai egyh\u00e1z patr\u00f3nusa. <br \/><strong>Irod.:<\/strong> \u00c1ll\u00f3- \u00e9s mozg\u00f3k\u00e9pek; \u00c1rva Bethlen K.; Koncz; K\u00fck\u00fcll\u0151i Ref. Egyh\u00e1zm. 1.; Lukinich; Orb\u00e1n J\u00e1nos: T\u00e1blab\u00edr\u00e1k, f\u0151nemesek, pall\u00e9rok \u00e9s h\u00e1zak: V\u00e1rosk\u00e9p \u00e9s t\u00e1rsadalom v\u00e1ltoz\u00e1sai Mv.-en a Kir\u00e1lyi T\u00e1bla bek\u00f6lt\u00f6z\u00e9se ut\u00e1n [1754] = K\u00f6nyvek \u00e1ltal.; Wessel\u00e9nyi Istv\u00e1n<\/br><\/p>\n","protected":false},"excerpt":{"rendered":"<p>1695. k., \u2020 1755: tan\u00e1csos, t\u00e1blai \u00fcln\u00f6k. \u2013 Id. B. S\u00e1muel \u00e9s borsai Nagy Borb\u00e1la fia. \u00c1rva B. Kata testv\u00e9re. Feles\u00e9ge: 1. gr. L\u00e1z\u00e1r M\u00e1ria (\u2020 1732), 2. br. J\u00f3sika \u00c1gnes (esk\u00fcv\u0151: 1735), 3. br. Petrichevich-Horv\u00e1th Zsuzsanna (\u2020 1747), 4. gr. Nemes Kl\u00e1ra. \u00d6sszesen 9 gyermeke volt. \u2013 T\u00e1blai \u00fcln\u00f6k (1736\u2013). A mv.-i koll. gondnok\u00e1v\u00e1 [&hellip;]<\/p>\n","protected":false},"featured_media":0,"comment_status":"open","ping_status":"closed","template":"","meta":[],"product_brand":[],"product_cat":[137],"product_tag":[],"class_list":{"0":"post-4678","1":"product","2":"type-product","3":"status-publish","5":"product_cat-maros-megyei-eletrajzi-lexikon","7":"first","8":"instock","9":"shipping-taxable","10":"product-type-simple"},"_links":{"self":[{"href":"https:\/\/uj.adatbank.ro\/lexikon\/wp-json\/wp\/v2\/product\/4678","targetHints":{"allow":["GET"]}}],"collection":[{"href":"https:\/\/uj.adatbank.ro\/lexikon\/wp-json\/wp\/v2\/product"}],"about":[{"href":"https:\/\/uj.adatbank.ro\/lexikon\/wp-json\/wp\/v2\/types\/product"}],"replies":[{"embeddable":true,"href":"https:\/\/uj.adatbank.ro\/lexikon\/wp-json\/wp\/v2\/comments?post=4678"}],"wp:attachment":[{"href":"https:\/\/uj.adatbank.ro\/lexikon\/wp-json\/wp\/v2\/media?parent=4678"}],"wp:term":[{"taxonomy":"product_brand","embeddable":true,"href":"https:\/\/uj.adatbank.ro\/lexikon\/wp-json\/wp\/v2\/product_brand?post=4678"},{"taxonomy":"product_cat","embeddable":true,"href":"https:\/\/uj.adatbank.ro\/lexikon\/wp-json\/wp\/v2\/product_cat?post=4678"},{"taxonomy":"product_tag","embeddable":true,"href":"https:\/\/uj.adatbank.ro\/lexikon\/wp-json\/wp\/v2\/product_tag?post=4678"}],"curies":[{"name":"wp","href":"https:\/\/api.w.org\/{rel}","templated":true}]}}