{"id":4681,"date":"2025-06-28T16:49:53","date_gmt":"2025-06-28T14:49:53","guid":{"rendered":"https:\/\/uj.adatbank.ro\/lexikon\/termek\/bethlen-samuel-iktari-gr-2\/"},"modified":"2025-06-28T16:49:53","modified_gmt":"2025-06-28T14:49:53","slug":"bethlen-samuel-iktari-gr-2","status":"publish","type":"product","link":"https:\/\/uj.adatbank.ro\/lexikon\/termek\/bethlen-samuel-iktari-gr-2\/","title":{"rendered":"BETHLEN S\u00e1muel, ikt\u00e1ri, gr."},"content":{"rendered":"<p>1735.? \u2020 H\u00e9derf\u00e1ja, 1803. szept. 27.: birtokos, kir. t\u00e1blai \u00fcln\u00f6k. \u2013 S\u00e1muel \u00e9s v\u00e1rhegyi Keresztes Borb\u00e1la (1702\u20131795) fia. Feles\u00e9ge: borosjen\u0151i gr. Korda Zsuzs\u00e1nna. Fiaik: S\u00e1muel, Gy\u00f6rgy. \u2013 H\u00e9derf\u00e1ji birtokos. Fedezt\u00e9k a h\u00e9derf\u00e1ji templom jav\u00edt\u00e1sa k\u00f6lts\u00e9g\u00e9t (1778). J\u00f3r\u00e9szt adom\u00e1ny\u00e1b\u00f3l v\u00e1s\u00e1rolta meg a bonyhai ref. gy\u00fclekezet els\u0151 orgon\u00e1j\u00e1t (1803). Egyes forr\u00e1sok szerint a h\u00e9derf\u00e1ji udvarh\u00e1z \u00e9p\u00edttet\u0151i. <br \/><strong>Irod.:<\/strong> Ga\u00e1l: Kv. vonz\u00e1s\u00e1ban; H\u00e9derf\u00e1ja \u00e9s egyh\u00e1za; K\u00fck\u00fcll\u0151i Ref. Egyh\u00e1zm. 1., 2.; Lev\u00e9lt\u00e1ri gy\u00e1szj.<\/br><\/p>\n","protected":false},"excerpt":{"rendered":"<p>1735.? \u2020 H\u00e9derf\u00e1ja, 1803. szept. 27.: birtokos, kir. t\u00e1blai \u00fcln\u00f6k. \u2013 S\u00e1muel \u00e9s v\u00e1rhegyi Keresztes Borb\u00e1la (1702\u20131795) fia. Feles\u00e9ge: borosjen\u0151i gr. Korda Zsuzs\u00e1nna. Fiaik: S\u00e1muel, Gy\u00f6rgy. \u2013 H\u00e9derf\u00e1ji birtokos. Fedezt\u00e9k a h\u00e9derf\u00e1ji templom jav\u00edt\u00e1sa k\u00f6lts\u00e9g\u00e9t (1778). J\u00f3r\u00e9szt adom\u00e1ny\u00e1b\u00f3l v\u00e1s\u00e1rolta meg a bonyhai ref. gy\u00fclekezet els\u0151 orgon\u00e1j\u00e1t (1803). Egyes forr\u00e1sok szerint a h\u00e9derf\u00e1ji udvarh\u00e1z \u00e9p\u00edttet\u0151i. Irod.: [&hellip;]<\/p>\n","protected":false},"featured_media":0,"comment_status":"open","ping_status":"closed","template":"","meta":[],"product_brand":[],"product_cat":[137],"product_tag":[],"class_list":{"0":"post-4681","1":"product","2":"type-product","3":"status-publish","5":"product_cat-maros-megyei-eletrajzi-lexikon","7":"first","8":"instock","9":"shipping-taxable","10":"product-type-simple"},"_links":{"self":[{"href":"https:\/\/uj.adatbank.ro\/lexikon\/wp-json\/wp\/v2\/product\/4681","targetHints":{"allow":["GET"]}}],"collection":[{"href":"https:\/\/uj.adatbank.ro\/lexikon\/wp-json\/wp\/v2\/product"}],"about":[{"href":"https:\/\/uj.adatbank.ro\/lexikon\/wp-json\/wp\/v2\/types\/product"}],"replies":[{"embeddable":true,"href":"https:\/\/uj.adatbank.ro\/lexikon\/wp-json\/wp\/v2\/comments?post=4681"}],"wp:attachment":[{"href":"https:\/\/uj.adatbank.ro\/lexikon\/wp-json\/wp\/v2\/media?parent=4681"}],"wp:term":[{"taxonomy":"product_brand","embeddable":true,"href":"https:\/\/uj.adatbank.ro\/lexikon\/wp-json\/wp\/v2\/product_brand?post=4681"},{"taxonomy":"product_cat","embeddable":true,"href":"https:\/\/uj.adatbank.ro\/lexikon\/wp-json\/wp\/v2\/product_cat?post=4681"},{"taxonomy":"product_tag","embeddable":true,"href":"https:\/\/uj.adatbank.ro\/lexikon\/wp-json\/wp\/v2\/product_tag?post=4681"}],"curies":[{"name":"wp","href":"https:\/\/api.w.org\/{rel}","templated":true}]}}