{"id":4682,"date":"2025-06-28T16:49:54","date_gmt":"2025-06-28T14:49:54","guid":{"rendered":"https:\/\/uj.adatbank.ro\/lexikon\/termek\/bethlen-samuel-iktari-gr-3\/"},"modified":"2025-06-28T16:49:54","modified_gmt":"2025-06-28T14:49:54","slug":"bethlen-samuel-iktari-gr-3","status":"publish","type":"product","link":"https:\/\/uj.adatbank.ro\/lexikon\/termek\/bethlen-samuel-iktari-gr-3\/","title":{"rendered":"BETHLEN S\u00e1muel, ikt\u00e1ri, gr."},"content":{"rendered":"<p>? \u2020 ? : birtokos. \u2013 B. S\u00e1muel \u00e9s Korda Zsuzs\u00e1nna fia. Feles\u00e9ge: sim\u00e9nfalvi Sim\u00e9n Kl\u00e1ra (1781\u20131848). Gyermekeik: Domokos (1805\u20131866) \u00e9s Katalin (1814 v. 1810\u20131871), vel\u00fck az ikt\u00e1ri B. \u00e1g kihalt. \u2013 \u00c1talak\u00edtott\u00e1k a r\u00e9gi h\u00e9derf\u00e1ji udvarh\u00e1zat, b\u0151kez\u0171en t\u00e1mogatt\u00e1k a helyi ref. egyh\u00e1zat (1799). A k\u00f3r\u00f3dszentm\u00e1rtoni egyh\u00e1zk\u00f6zs\u00e9gnek \u00fariasztal k\u00e9szletet adom\u00e1nyozott (1799). <br \/><strong>Irod.:<\/strong> Bir\u00f3 J\u00f3zsef. A bonchidai B\u00e1nffy-kast\u00e9ly csal\u00e1di arck\u00e9pei = Lyka eml\u00e9kk.; Ga\u00e1l: Kv. vonz\u00e1s\u00e1ban; H\u00e9derf\u00e1ja \u00e9s egyh\u00e1za; K\u00fck\u00fcll\u0151i Ref. Egyh\u00e1zm. 2.<\/br><\/p>\n","protected":false},"excerpt":{"rendered":"<p>? \u2020 ? : birtokos. \u2013 B. S\u00e1muel \u00e9s Korda Zsuzs\u00e1nna fia. Feles\u00e9ge: sim\u00e9nfalvi Sim\u00e9n Kl\u00e1ra (1781\u20131848). Gyermekeik: Domokos (1805\u20131866) \u00e9s Katalin (1814 v. 1810\u20131871), vel\u00fck az ikt\u00e1ri B. \u00e1g kihalt. \u2013 \u00c1talak\u00edtott\u00e1k a r\u00e9gi h\u00e9derf\u00e1ji udvarh\u00e1zat, b\u0151kez\u0171en t\u00e1mogatt\u00e1k a helyi ref. egyh\u00e1zat (1799). A k\u00f3r\u00f3dszentm\u00e1rtoni egyh\u00e1zk\u00f6zs\u00e9gnek \u00fariasztal k\u00e9szletet adom\u00e1nyozott (1799). Irod.: Bir\u00f3 J\u00f3zsef. A [&hellip;]<\/p>\n","protected":false},"featured_media":0,"comment_status":"open","ping_status":"closed","template":"","meta":[],"product_brand":[],"product_cat":[137],"product_tag":[],"class_list":{"0":"post-4682","1":"product","2":"type-product","3":"status-publish","5":"product_cat-maros-megyei-eletrajzi-lexikon","7":"first","8":"instock","9":"shipping-taxable","10":"product-type-simple"},"_links":{"self":[{"href":"https:\/\/uj.adatbank.ro\/lexikon\/wp-json\/wp\/v2\/product\/4682","targetHints":{"allow":["GET"]}}],"collection":[{"href":"https:\/\/uj.adatbank.ro\/lexikon\/wp-json\/wp\/v2\/product"}],"about":[{"href":"https:\/\/uj.adatbank.ro\/lexikon\/wp-json\/wp\/v2\/types\/product"}],"replies":[{"embeddable":true,"href":"https:\/\/uj.adatbank.ro\/lexikon\/wp-json\/wp\/v2\/comments?post=4682"}],"wp:attachment":[{"href":"https:\/\/uj.adatbank.ro\/lexikon\/wp-json\/wp\/v2\/media?parent=4682"}],"wp:term":[{"taxonomy":"product_brand","embeddable":true,"href":"https:\/\/uj.adatbank.ro\/lexikon\/wp-json\/wp\/v2\/product_brand?post=4682"},{"taxonomy":"product_cat","embeddable":true,"href":"https:\/\/uj.adatbank.ro\/lexikon\/wp-json\/wp\/v2\/product_cat?post=4682"},{"taxonomy":"product_tag","embeddable":true,"href":"https:\/\/uj.adatbank.ro\/lexikon\/wp-json\/wp\/v2\/product_tag?post=4682"}],"curies":[{"name":"wp","href":"https:\/\/api.w.org\/{rel}","templated":true}]}}