{"id":4684,"date":"2025-06-28T16:50:00","date_gmt":"2025-06-28T14:50:00","guid":{"rendered":"https:\/\/uj.adatbank.ro\/lexikon\/termek\/bethlen-sandor-bethleni-gr-2\/"},"modified":"2025-06-28T16:50:00","modified_gmt":"2025-06-28T14:50:00","slug":"bethlen-sandor-bethleni-gr-2","status":"publish","type":"product","link":"https:\/\/uj.adatbank.ro\/lexikon\/termek\/bethlen-sandor-bethleni-gr-2\/","title":{"rendered":"BETHLEN S\u00e1ndor, bethleni gr."},"content":{"rendered":"<p>Marosgezse, 1850. m\u00e1rc. 30., \u2020 \u2020\u00a0Kv., 1910. nov. 8. temetve a marosgezsei csal\u00e1di s\u00edrkertbe: nagybirtokos, ogy. k\u00e9pvisel\u0151. \u2013 B. J\u00e1nos (1811\u20131879) \u00e9s gr. Teleki Zs\u00f3fia (1815. okt. 14. 1852. nov. 6.) fia. \u00c9lett\u00e1rsa Nagy R\u00f3za. Term\u00e9szetes fiai: S\u00e1ndor, K\u00e1lm\u00e1n. \u2013 Birtokos Marosgezs\u00e9n. Ogy. k\u00e9pvisel\u0151, als\u00f3feh\u00e9rv\u00e1rmegyei t\u00f6rv\u00e9nyhat\u00f3s\u00e1gi bizotts\u00e1gi tagja, egyh\u00e1zmegyei gondnok. EMKE alap\u00edt\u00f3 \u00e9s \u00f6r\u00f6k\u00f6s tag, 200 koron\u00e1s adom\u00e1nytev\u0151. <br \/><strong>Irod.:<\/strong> Gy\u00e1szjelent\u0151; Kempelen; Lukinich; S\u00e1ndor BOTTA Ioan, \u00a7 *Beszterceb\u00e1nya, 1880., \u2020 Mv., ?\u00a0: hivatalnok. \u2013 Apja banktisztvisel\u0151 volt. \u2013 A k\u00f6z\u00e9piskol\u00e1t Beszterceb\u00e1ny\u00e1n v\u00e9gezte, majd telekk\u00f6nyvi (1904) \u00e9s kezel\u0151tiszti vizsg\u00e1t tett (1918). Dolgozott a beszterceb\u00e1nyai telekk\u00f6nyvi hivataln\u00e1l (1899\u2013), majd a besztercenasz\u00f3di j\u00e1r\u00e1sb\u00edr\u00f3s\u00e1gon telekk\u00f6nyvi irodatiszt (1906\u201312), k\u00f6zben telekk\u00f6nyvi szak\u00e9rt\u0151nek nevezt\u00e9k ki. \u00dajb\u00f3l Beszterceb\u00e1ny\u00e1n m\u0171k\u00f6d\u00f6tt, majd Gyulafeh\u00e1rv\u00e1ron a telekk\u00f6nyvi hivatalhoz deleg\u00e1lt\u00e1k, innen Sz\u00e1szv\u00e1rosra ker\u00fclt, Kv.-on a Directoratul Generaln\u00e1l dolgozott mint szak\u00e9rt\u0151; Mv.-en telekk\u00f6nyvezet\u0151 igazgat\u00f3 (1922\u2013). <br \/><strong>Irod.:<\/strong> Ki kicsoda\u00a0?<\/br><\/p>\n","protected":false},"excerpt":{"rendered":"<p>Marosgezse, 1850. m\u00e1rc. 30., \u2020 \u2020\u00a0Kv., 1910. nov. 8. temetve a marosgezsei csal\u00e1di s\u00edrkertbe: nagybirtokos, ogy. k\u00e9pvisel\u0151. \u2013 B. J\u00e1nos (1811\u20131879) \u00e9s gr. Teleki Zs\u00f3fia (1815. okt. 14. 1852. nov. 6.) fia. \u00c9lett\u00e1rsa Nagy R\u00f3za. Term\u00e9szetes fiai: S\u00e1ndor, K\u00e1lm\u00e1n. \u2013 Birtokos Marosgezs\u00e9n. Ogy. k\u00e9pvisel\u0151, als\u00f3feh\u00e9rv\u00e1rmegyei t\u00f6rv\u00e9nyhat\u00f3s\u00e1gi bizotts\u00e1gi tagja, egyh\u00e1zmegyei gondnok. EMKE alap\u00edt\u00f3 \u00e9s \u00f6r\u00f6k\u00f6s tag, [&hellip;]<\/p>\n","protected":false},"featured_media":0,"comment_status":"open","ping_status":"closed","template":"","meta":[],"product_brand":[],"product_cat":[137],"product_tag":[],"class_list":{"0":"post-4684","1":"product","2":"type-product","3":"status-publish","5":"product_cat-maros-megyei-eletrajzi-lexikon","7":"first","8":"instock","9":"shipping-taxable","10":"product-type-simple"},"_links":{"self":[{"href":"https:\/\/uj.adatbank.ro\/lexikon\/wp-json\/wp\/v2\/product\/4684","targetHints":{"allow":["GET"]}}],"collection":[{"href":"https:\/\/uj.adatbank.ro\/lexikon\/wp-json\/wp\/v2\/product"}],"about":[{"href":"https:\/\/uj.adatbank.ro\/lexikon\/wp-json\/wp\/v2\/types\/product"}],"replies":[{"embeddable":true,"href":"https:\/\/uj.adatbank.ro\/lexikon\/wp-json\/wp\/v2\/comments?post=4684"}],"wp:attachment":[{"href":"https:\/\/uj.adatbank.ro\/lexikon\/wp-json\/wp\/v2\/media?parent=4684"}],"wp:term":[{"taxonomy":"product_brand","embeddable":true,"href":"https:\/\/uj.adatbank.ro\/lexikon\/wp-json\/wp\/v2\/product_brand?post=4684"},{"taxonomy":"product_cat","embeddable":true,"href":"https:\/\/uj.adatbank.ro\/lexikon\/wp-json\/wp\/v2\/product_cat?post=4684"},{"taxonomy":"product_tag","embeddable":true,"href":"https:\/\/uj.adatbank.ro\/lexikon\/wp-json\/wp\/v2\/product_tag?post=4684"}],"curies":[{"name":"wp","href":"https:\/\/api.w.org\/{rel}","templated":true}]}}