{"id":4688,"date":"2025-06-28T16:50:05","date_gmt":"2025-06-28T14:50:05","guid":{"rendered":"https:\/\/uj.adatbank.ro\/lexikon\/termek\/bethlen-sarolta-bethleni-br-otterstedt-karolyne\/"},"modified":"2025-06-28T16:50:05","modified_gmt":"2025-06-28T14:50:05","slug":"bethlen-sarolta-bethleni-br-otterstedt-karolyne","status":"publish","type":"product","link":"https:\/\/uj.adatbank.ro\/lexikon\/termek\/bethlen-sarolta-bethleni-br-otterstedt-karolyne\/","title":{"rendered":"BETHLEN Sarolta, bethleni, Br. Otterstedt K\u00e1rolyn\u00e9"},"content":{"rendered":"<p>1855.? \u2020 Marosszentgy\u00f6rgy, 1905. jan. 23.: f\u00f6ldbirtokos. \u2013 B. Mikl\u00f3s \u00e9s sz\u00e9plaki Petrichevich Horv\u00e1th Ida le\u00e1nya. Testv\u00e9rei: B. R\u00f3z\u00e1lia gr. Kun Istv\u00e1nn\u00e9; B. Emma; B. Anna. F\u00e9rje Otterstedt K\u00e1roly (1881), elv\u00e1ltak. \u2013 Marosszentgy\u00f6rgyi f\u00f6ldbirtokos. <br \/><strong>Irod.:<\/strong> Gudenus; gy\u00e1szjelent\u0151<\/br><\/p>\n","protected":false},"excerpt":{"rendered":"<p>1855.? \u2020 Marosszentgy\u00f6rgy, 1905. jan. 23.: f\u00f6ldbirtokos. \u2013 B. Mikl\u00f3s \u00e9s sz\u00e9plaki Petrichevich Horv\u00e1th Ida le\u00e1nya. Testv\u00e9rei: B. R\u00f3z\u00e1lia gr. Kun Istv\u00e1nn\u00e9; B. Emma; B. Anna. F\u00e9rje Otterstedt K\u00e1roly (1881), elv\u00e1ltak. \u2013 Marosszentgy\u00f6rgyi f\u00f6ldbirtokos. Irod.: Gudenus; gy\u00e1szjelent\u0151<\/p>\n","protected":false},"featured_media":0,"comment_status":"open","ping_status":"closed","template":"","meta":[],"product_brand":[],"product_cat":[137],"product_tag":[],"class_list":{"0":"post-4688","1":"product","2":"type-product","3":"status-publish","5":"product_cat-maros-megyei-eletrajzi-lexikon","7":"first","8":"instock","9":"shipping-taxable","10":"product-type-simple"},"_links":{"self":[{"href":"https:\/\/uj.adatbank.ro\/lexikon\/wp-json\/wp\/v2\/product\/4688","targetHints":{"allow":["GET"]}}],"collection":[{"href":"https:\/\/uj.adatbank.ro\/lexikon\/wp-json\/wp\/v2\/product"}],"about":[{"href":"https:\/\/uj.adatbank.ro\/lexikon\/wp-json\/wp\/v2\/types\/product"}],"replies":[{"embeddable":true,"href":"https:\/\/uj.adatbank.ro\/lexikon\/wp-json\/wp\/v2\/comments?post=4688"}],"wp:attachment":[{"href":"https:\/\/uj.adatbank.ro\/lexikon\/wp-json\/wp\/v2\/media?parent=4688"}],"wp:term":[{"taxonomy":"product_brand","embeddable":true,"href":"https:\/\/uj.adatbank.ro\/lexikon\/wp-json\/wp\/v2\/product_brand?post=4688"},{"taxonomy":"product_cat","embeddable":true,"href":"https:\/\/uj.adatbank.ro\/lexikon\/wp-json\/wp\/v2\/product_cat?post=4688"},{"taxonomy":"product_tag","embeddable":true,"href":"https:\/\/uj.adatbank.ro\/lexikon\/wp-json\/wp\/v2\/product_tag?post=4688"}],"curies":[{"name":"wp","href":"https:\/\/api.w.org\/{rel}","templated":true}]}}