{"id":4690,"date":"2025-06-28T16:50:10","date_gmt":"2025-06-28T14:50:10","guid":{"rendered":"https:\/\/uj.adatbank.ro\/lexikon\/termek\/bethlen-zsuzsanna-iktari-gr-teleki-samuelne\/"},"modified":"2025-06-28T16:50:10","modified_gmt":"2025-06-28T14:50:10","slug":"bethlen-zsuzsanna-iktari-gr-teleki-samuelne","status":"publish","type":"product","link":"https:\/\/uj.adatbank.ro\/lexikon\/termek\/bethlen-zsuzsanna-iktari-gr-teleki-samuelne\/","title":{"rendered":"BETHLEN Zsuzs\u00e1nna, ikt\u00e1ri gr., Teleki S\u00e1mueln\u00e9"},"content":{"rendered":"<p>Hadad, 1754. jan. 29. \u2020 Mv., 1797. okt. 10., a s\u00e1romberki Teleki-kript\u00e1ba temett\u00e9k okt. 15.: f\u00f6ldbirtokos, f\u0151\u00fari asszony, k\u00f6nyvgy\u0171jt\u0151. \u2013 B. Domokos \u00e9s hadadi br. Wessel\u00e9nyi M\u00e1ria (1736 \u2020 1755) le\u00e1nya. F\u00e9rje: Teleki S\u00e1muel (1739\u20131822), kancell\u00e1r. (Esk\u00fcv\u0151: Dr\u00e1g, 1769. nov. 13). S\u00e1romberk\u00e9n a meg\u00faj\u00edtott kuri\u00e1ban \u00e9ltek. Gyermekeik: 9 sz\u00fcletett, k\u00f6z\u00fcl csak h\u00e1rman \u00e9rt\u00e9k meg a feln\u0151tt kort: Domokos, M\u00e1ria Rh\u00e9dey \u00c1d\u00e1mn\u00e9 \u00e9s Ferenc. \u2013 Fiatal kora ellen\u00e9re gyakran egymaga int\u00e9zte a birtok \u00fcgyeit, vesz\u0151d\u00f6tt a csel\u00e9ds\u00e9ggel, sz\u00e1mtart\u00f3kkal, int\u00e9z\u0151kkel. Amikor f\u00e9rj\u00e9t a hivatali megb\u00edz\u00e1sok t\u00e1vol tartott\u00e1k a csal\u00e1dt\u00f3l, levelekben sz\u00e1molt be a felmer\u00fcl\u0151 probl\u00e9m\u00e1kr\u00f3l. A h\u00e1ztart\u00e1s, a gyermeknevel\u00e9s k\u00e9rd\u00e9sei mellett t\u00f6bb minden \u00e9rdekelte. Az els\u0151 m. \u00fajs\u00e1gnak, a Magyar H\u00edrmond\u00f3-nak, megrendel\u0151je, gy\u0171jtem\u00e9nybe foglalta a sz\u00e1mait, \u00e9s bek\u00f6ttette (1790). Egy p\u00e9ld\u00e1nyt k\u00fcl\u00f6n rendelt \u00e9s a f\u00e9rje t\u00e9k\u00e1j\u00e1ban k\u00f6zhaszn\u00e1latnak adta. K\u00f6nyveket is gy\u0171jt\u00f6tt \u00e9lete v\u00e9g\u00e9ig, a nagyanyj\u00e1t\u00f3l Rh\u00e9dei Zsuzsann\u00e1t\u00f3l \u00e9s anyai nagyn\u00e9nj\u00e9t\u0151l Wessel\u00e9nyi Kat\u00e1t\u00f3l \u00f6r\u00f6k\u00f6lt k\u00f6nyveket saj\u00e1t szerzem\u00e9nyekkel gyarap\u00edtotta. A mv.-i Teleki T\u00e9k\u00e1ban \u00f6rzik 2000 k\u00f6tetes m. nyelv\u0171 egyetlen, teljes eg\u00e9sz\u00e9ben fennmaradt n\u0151i, asszonyk\u00f6nyvt\u00e1r k\u00f6nyvgy\u0171jtem\u00e9ny\u00e9t, ezek: bibli\u00e1k, mindennapi olvasm\u00e1nyk\u00e9nt haszn\u00e1lt vall\u00e1sos m\u0171vek, t\u00f6rt\u00e9neti t\u00e1rgy\u00fa \u00e9s sz\u00e9pirodalmi jelleg\u0171 munk\u00e1k, vil\u00e1girodalmi ford\u00edt\u00e1sok, orvosi, gy\u00fcm\u00f6lcs- \u00e9s n\u00f6v\u00e9nytermeszt\u00e9si, \u00e1llatteny\u00e9szt\u00e9si, gyermeknevel\u00e9ssel foglalkoz\u00f3 szakk\u00f6nyvek, szak\u00e1csk\u00f6nyvek. Kis k\u00f6tetbe \u00edrta le saj\u00e1t receptjeit. F\u00e9rje ex libriszt rendelt k\u00f6nyveinek \u00e9s nyomtatott katal\u00f3gus\u00e1nak harmadik k\u00f6tet\u00e9ben k\u00fcl\u00f6n fejezetet szentelt ennek a gy\u0171jtem\u00e9nynek \u00e9s a mv.-i Teleki T\u00e9k\u00e1ban is a maguk egys\u00e9g\u00e9ben helyeztette a polcokra. B. Zs t\u00e9k\u00e1ja az erd\u00e9lyi k\u00f6nyv- \u00e9s k\u00f6nyvt\u00e1rt\u00f6rt\u00e9net figyelemre m\u00e9lt\u00f3 eml\u00e9ke, minthogy szinte h\u00e1rom n\u0151i k\u00f6nyvgy\u0171jt\u0151 gener\u00e1ci\u00f3 bibliofil \u00e9rdekl\u0151d\u00e9s\u00e9nek vet\u0171lete. <br \/><strong>Irod.:<\/strong> Albiz\u00e1l\u00e1s; Bibliotheca Telekiana (Tg. M., 1994), Castellum \u00c9rtes\u00edt\u0151 (2000, 3. sz.); De\u00e9 \u2013 L\u00e1szl\u00f3; De\u00e9 Nagy Anik\u00f3 1997; De\u00e9 Nagy Anik\u00f3 2001, De\u00e9 Nagy Anik\u00f3: A k\u00f6nyves Mv. (N\u00fa., 1997. j\u00fan. 25.); De\u00e9 \u2013 L\u00e1szl\u00f3; Lev\u00e9lt\u00e1ri gy\u00e1szj; Libraria (5., 2006); L\u00e1zok Kl\u00e1ra: Ikt\u00e1ri Bethlen Zsuzsanna tulajdonosbejegyz\u00e9ssel ell\u00e1tott k\u00f6nyvei = Sebesty\u00e9n-Spielmann; Lyka; Moln\u00e1r J\u00e1nos: M. k\u00f6nyvh\u00e1z (Pozsony-Pest, 1783); Nemes Gyula: A maross\u00e1rpataki Teleki kripta \u00e9rt\u00e9keit mentik (K\u00f6zpont, 2016. j\u00fan. 2\u20138.); P. V\u00e1s\u00e1rhelyi Judit: B. Zs. Bibli\u00e1ja = K\u00f6nyvek \u00e1ltal \u2026; S\u00e1romberke 1994; Teleki S\u00e1muel peregrin\u00e1ci\u00f3s napl\u00f3ja:<\/br><\/p>\n","protected":false},"excerpt":{"rendered":"<p>Hadad, 1754. jan. 29. \u2020 Mv., 1797. okt. 10., a s\u00e1romberki Teleki-kript\u00e1ba temett\u00e9k okt. 15.: f\u00f6ldbirtokos, f\u0151\u00fari asszony, k\u00f6nyvgy\u0171jt\u0151. \u2013 B. Domokos \u00e9s hadadi br. Wessel\u00e9nyi M\u00e1ria (1736 \u2020 1755) le\u00e1nya. F\u00e9rje: Teleki S\u00e1muel (1739\u20131822), kancell\u00e1r. (Esk\u00fcv\u0151: Dr\u00e1g, 1769. nov. 13). S\u00e1romberk\u00e9n a meg\u00faj\u00edtott kuri\u00e1ban \u00e9ltek. Gyermekeik: 9 sz\u00fcletett, k\u00f6z\u00fcl csak h\u00e1rman \u00e9rt\u00e9k meg a [&hellip;]<\/p>\n","protected":false},"featured_media":0,"comment_status":"open","ping_status":"closed","template":"","meta":[],"product_brand":[],"product_cat":[137],"product_tag":[],"class_list":{"0":"post-4690","1":"product","2":"type-product","3":"status-publish","5":"product_cat-maros-megyei-eletrajzi-lexikon","7":"first","8":"instock","9":"shipping-taxable","10":"product-type-simple"},"_links":{"self":[{"href":"https:\/\/uj.adatbank.ro\/lexikon\/wp-json\/wp\/v2\/product\/4690","targetHints":{"allow":["GET"]}}],"collection":[{"href":"https:\/\/uj.adatbank.ro\/lexikon\/wp-json\/wp\/v2\/product"}],"about":[{"href":"https:\/\/uj.adatbank.ro\/lexikon\/wp-json\/wp\/v2\/types\/product"}],"replies":[{"embeddable":true,"href":"https:\/\/uj.adatbank.ro\/lexikon\/wp-json\/wp\/v2\/comments?post=4690"}],"wp:attachment":[{"href":"https:\/\/uj.adatbank.ro\/lexikon\/wp-json\/wp\/v2\/media?parent=4690"}],"wp:term":[{"taxonomy":"product_brand","embeddable":true,"href":"https:\/\/uj.adatbank.ro\/lexikon\/wp-json\/wp\/v2\/product_brand?post=4690"},{"taxonomy":"product_cat","embeddable":true,"href":"https:\/\/uj.adatbank.ro\/lexikon\/wp-json\/wp\/v2\/product_cat?post=4690"},{"taxonomy":"product_tag","embeddable":true,"href":"https:\/\/uj.adatbank.ro\/lexikon\/wp-json\/wp\/v2\/product_tag?post=4690"}],"curies":[{"name":"wp","href":"https:\/\/api.w.org\/{rel}","templated":true}]}}