{"id":4691,"date":"2025-06-28T16:50:12","date_gmt":"2025-06-28T14:50:12","guid":{"rendered":"https:\/\/uj.adatbank.ro\/lexikon\/termek\/bethleni-antonius-transilvanus-ex-kukullo-bethleni-antal\/"},"modified":"2025-06-28T16:50:12","modified_gmt":"2025-06-28T14:50:12","slug":"bethleni-antonius-transilvanus-ex-kukullo-bethleni-antal","status":"publish","type":"product","link":"https:\/\/uj.adatbank.ro\/lexikon\/termek\/bethleni-antonius-transilvanus-ex-kukullo-bethleni-antal\/","title":{"rendered":"BETHLENI Antonius, Trans\u00edlvanus ex K\u00fck\u00fcll\u0151, Bethleni Antal"},"content":{"rendered":"<p>1743. m\u00e1rc. 31. \u2020\u00a01789. szept. 19.: r. k. pap. \u2013 A trencs\u00e9nyi gimn.-ban volt nov\u00edcius (1759\u2013). K\u00fck\u00fcll\u0151i jezsuita. Exjezsuita Fi\u00e1tfalv\u00e1n az erd\u00e9lyi egyh\u00e1zmegye k\u00f6tel\u00e9k\u00e9be f\u0151lv\u00e9tetett (1776. \u00e1pr. 14.). Kir\u00e1lyi beneficiatus (1779), sz\u00e9kelyudvarhelyi pl\u00e9b\u00e1nos (1781). <br \/><strong>Irod.:<\/strong> Adal\u00e9kok az erd\u00e9lyi jezsuita rendh\u00e1zak elt\u00f6rl\u00e9s\u00e9nek t\u00f6rt\u00e9net\u00e9hez (k\u00f6zli Temesv\u00e1ry J\u00e1nos; Bp, 1835); Jezsuita \u00e9vk.<\/br><\/p>\n","protected":false},"excerpt":{"rendered":"<p>1743. m\u00e1rc. 31. \u2020\u00a01789. szept. 19.: r. k. pap. \u2013 A trencs\u00e9nyi gimn.-ban volt nov\u00edcius (1759\u2013). K\u00fck\u00fcll\u0151i jezsuita. Exjezsuita Fi\u00e1tfalv\u00e1n az erd\u00e9lyi egyh\u00e1zmegye k\u00f6tel\u00e9k\u00e9be f\u0151lv\u00e9tetett (1776. \u00e1pr. 14.). Kir\u00e1lyi beneficiatus (1779), sz\u00e9kelyudvarhelyi pl\u00e9b\u00e1nos (1781). Irod.: Adal\u00e9kok az erd\u00e9lyi jezsuita rendh\u00e1zak elt\u00f6rl\u00e9s\u00e9nek t\u00f6rt\u00e9net\u00e9hez (k\u00f6zli Temesv\u00e1ry J\u00e1nos; Bp, 1835); Jezsuita \u00e9vk.<\/p>\n","protected":false},"featured_media":0,"comment_status":"open","ping_status":"closed","template":"","meta":[],"product_brand":[],"product_cat":[137],"product_tag":[],"class_list":{"0":"post-4691","1":"product","2":"type-product","3":"status-publish","5":"product_cat-maros-megyei-eletrajzi-lexikon","7":"first","8":"instock","9":"shipping-taxable","10":"product-type-simple"},"_links":{"self":[{"href":"https:\/\/uj.adatbank.ro\/lexikon\/wp-json\/wp\/v2\/product\/4691","targetHints":{"allow":["GET"]}}],"collection":[{"href":"https:\/\/uj.adatbank.ro\/lexikon\/wp-json\/wp\/v2\/product"}],"about":[{"href":"https:\/\/uj.adatbank.ro\/lexikon\/wp-json\/wp\/v2\/types\/product"}],"replies":[{"embeddable":true,"href":"https:\/\/uj.adatbank.ro\/lexikon\/wp-json\/wp\/v2\/comments?post=4691"}],"wp:attachment":[{"href":"https:\/\/uj.adatbank.ro\/lexikon\/wp-json\/wp\/v2\/media?parent=4691"}],"wp:term":[{"taxonomy":"product_brand","embeddable":true,"href":"https:\/\/uj.adatbank.ro\/lexikon\/wp-json\/wp\/v2\/product_brand?post=4691"},{"taxonomy":"product_cat","embeddable":true,"href":"https:\/\/uj.adatbank.ro\/lexikon\/wp-json\/wp\/v2\/product_cat?post=4691"},{"taxonomy":"product_tag","embeddable":true,"href":"https:\/\/uj.adatbank.ro\/lexikon\/wp-json\/wp\/v2\/product_tag?post=4691"}],"curies":[{"name":"wp","href":"https:\/\/api.w.org\/{rel}","templated":true}]}}