{"id":4692,"date":"2025-06-28T16:50:13","date_gmt":"2025-06-28T14:50:13","guid":{"rendered":"https:\/\/uj.adatbank.ro\/lexikon\/termek\/bethleni-gergely\/"},"modified":"2025-06-28T16:50:13","modified_gmt":"2025-06-28T14:50:13","slug":"bethleni-gergely","status":"publish","type":"product","link":"https:\/\/uj.adatbank.ro\/lexikon\/termek\/bethleni-gergely\/","title":{"rendered":"BETHLENI Gergely"},"content":{"rendered":"<p>Sz\u00e9kely isp\u00e1n (1442, j\u00fan. 23. \u2013 1446. m\u00e1rc. 15).: <br \/><strong>Irod.:<\/strong> Sz\u00e9kelyf\u00f6ld 1.<\/br><\/p>\n","protected":false},"excerpt":{"rendered":"<p>Sz\u00e9kely isp\u00e1n (1442, j\u00fan. 23. \u2013 1446. m\u00e1rc. 15).: Irod.: Sz\u00e9kelyf\u00f6ld 1.<\/p>\n","protected":false},"featured_media":0,"comment_status":"open","ping_status":"closed","template":"","meta":[],"product_brand":[],"product_cat":[137],"product_tag":[],"class_list":{"0":"post-4692","1":"product","2":"type-product","3":"status-publish","5":"product_cat-maros-megyei-eletrajzi-lexikon","7":"first","8":"instock","9":"shipping-taxable","10":"product-type-simple"},"_links":{"self":[{"href":"https:\/\/uj.adatbank.ro\/lexikon\/wp-json\/wp\/v2\/product\/4692","targetHints":{"allow":["GET"]}}],"collection":[{"href":"https:\/\/uj.adatbank.ro\/lexikon\/wp-json\/wp\/v2\/product"}],"about":[{"href":"https:\/\/uj.adatbank.ro\/lexikon\/wp-json\/wp\/v2\/types\/product"}],"replies":[{"embeddable":true,"href":"https:\/\/uj.adatbank.ro\/lexikon\/wp-json\/wp\/v2\/comments?post=4692"}],"wp:attachment":[{"href":"https:\/\/uj.adatbank.ro\/lexikon\/wp-json\/wp\/v2\/media?parent=4692"}],"wp:term":[{"taxonomy":"product_brand","embeddable":true,"href":"https:\/\/uj.adatbank.ro\/lexikon\/wp-json\/wp\/v2\/product_brand?post=4692"},{"taxonomy":"product_cat","embeddable":true,"href":"https:\/\/uj.adatbank.ro\/lexikon\/wp-json\/wp\/v2\/product_cat?post=4692"},{"taxonomy":"product_tag","embeddable":true,"href":"https:\/\/uj.adatbank.ro\/lexikon\/wp-json\/wp\/v2\/product_tag?post=4692"}],"curies":[{"name":"wp","href":"https:\/\/api.w.org\/{rel}","templated":true}]}}