{"id":4699,"date":"2025-06-28T16:50:29","date_gmt":"2025-06-28T14:50:29","guid":{"rendered":"https:\/\/uj.adatbank.ro\/lexikon\/termek\/bey-karoly-gr\/"},"modified":"2025-06-28T16:50:29","modified_gmt":"2025-06-28T14:50:29","slug":"bey-karoly-gr","status":"publish","type":"product","link":"https:\/\/uj.adatbank.ro\/lexikon\/termek\/bey-karoly-gr\/","title":{"rendered":"BEY K\u00e1roly, gr."},"content":{"rendered":"<p>? \u2020 ? : f\u0151nemes, t\u00e1bornok. \u2013 Feles\u00e9ge Bethlen Karolina (1753\u20131826. \u00e1pr. 4). \u2013 Az osztr\u00e1k cs\u00e1sz\u00e1ri hadsereg tisztje Mv. en polg\u00e1ri esk\u00fct tett (1806. jan. 30.) \u00e9s ad\u00f3t fizetett (1759\u20131810). A Teleki T\u00e9ka szorgalmas olvas\u00f3ja volt, aki napi 3\u20135 \u00f3r\u00e1t, \u00f6sszesen 523 \u00f3r\u00e1t olvasott (1813. m\u00e1j. 7.-nov. 24). <br \/><strong>Irod.:<\/strong> Mesaros Ovidia: C\u0103r\u0163i in limba francez\u0103 studiate la sala de lectur\u0103 a Bibliotecii Teleki in prima jum\u0103tate a sec. XIX-lea; P\u00e1l-Antal 2006, P\u00e1l-Antal 2009<\/br><\/p>\n","protected":false},"excerpt":{"rendered":"<p>? \u2020 ? : f\u0151nemes, t\u00e1bornok. \u2013 Feles\u00e9ge Bethlen Karolina (1753\u20131826. \u00e1pr. 4). \u2013 Az osztr\u00e1k cs\u00e1sz\u00e1ri hadsereg tisztje Mv. en polg\u00e1ri esk\u00fct tett (1806. jan. 30.) \u00e9s ad\u00f3t fizetett (1759\u20131810). A Teleki T\u00e9ka szorgalmas olvas\u00f3ja volt, aki napi 3\u20135 \u00f3r\u00e1t, \u00f6sszesen 523 \u00f3r\u00e1t olvasott (1813. m\u00e1j. 7.-nov. 24). Irod.: Mesaros Ovidia: C\u0103r\u0163i in limba [&hellip;]<\/p>\n","protected":false},"featured_media":0,"comment_status":"open","ping_status":"closed","template":"","meta":[],"product_brand":[],"product_cat":[137],"product_tag":[],"class_list":{"0":"post-4699","1":"product","2":"type-product","3":"status-publish","5":"product_cat-maros-megyei-eletrajzi-lexikon","7":"first","8":"instock","9":"shipping-taxable","10":"product-type-simple"},"_links":{"self":[{"href":"https:\/\/uj.adatbank.ro\/lexikon\/wp-json\/wp\/v2\/product\/4699","targetHints":{"allow":["GET"]}}],"collection":[{"href":"https:\/\/uj.adatbank.ro\/lexikon\/wp-json\/wp\/v2\/product"}],"about":[{"href":"https:\/\/uj.adatbank.ro\/lexikon\/wp-json\/wp\/v2\/types\/product"}],"replies":[{"embeddable":true,"href":"https:\/\/uj.adatbank.ro\/lexikon\/wp-json\/wp\/v2\/comments?post=4699"}],"wp:attachment":[{"href":"https:\/\/uj.adatbank.ro\/lexikon\/wp-json\/wp\/v2\/media?parent=4699"}],"wp:term":[{"taxonomy":"product_brand","embeddable":true,"href":"https:\/\/uj.adatbank.ro\/lexikon\/wp-json\/wp\/v2\/product_brand?post=4699"},{"taxonomy":"product_cat","embeddable":true,"href":"https:\/\/uj.adatbank.ro\/lexikon\/wp-json\/wp\/v2\/product_cat?post=4699"},{"taxonomy":"product_tag","embeddable":true,"href":"https:\/\/uj.adatbank.ro\/lexikon\/wp-json\/wp\/v2\/product_tag?post=4699"}],"curies":[{"name":"wp","href":"https:\/\/api.w.org\/{rel}","templated":true}]}}