{"id":4701,"date":"2025-06-28T16:50:32","date_gmt":"2025-06-28T14:50:32","guid":{"rendered":"https:\/\/uj.adatbank.ro\/lexikon\/termek\/bezeredy-gyozo\/"},"modified":"2025-06-28T16:50:32","modified_gmt":"2025-06-28T14:50:32","slug":"bezeredy-gyozo","status":"publish","type":"product","link":"https:\/\/uj.adatbank.ro\/lexikon\/termek\/bezeredy-gyozo\/","title":{"rendered":"BEZER\u00c9DY Gy\u0151z\u0151"},"content":{"rendered":"<p>? \u2020\u00a0? : lev\u00e9lt\u00e1ros. \u2013 MT vm.-i f\u0151lev\u00e9lt\u00e1ros, dr. \u2013 <strong>F. m.:<\/strong> <strong>t\u00e1rssz.:<\/strong> Bi\u00e1s Istv\u00e1n: Mv.-i oklev\u00e9lki\u00e1ll\u00edt\u00e1s t\u00e1rgymutat\u00f3ja (Mv., 1944). <br \/><strong>Irod.:<\/strong> F\u00fcl\u00f6p-Ferenc<\/br><\/p>\n","protected":false},"excerpt":{"rendered":"<p>? \u2020\u00a0? : lev\u00e9lt\u00e1ros. \u2013 MT vm.-i f\u0151lev\u00e9lt\u00e1ros, dr. \u2013 F. m.: t\u00e1rssz.: Bi\u00e1s Istv\u00e1n: Mv.-i oklev\u00e9lki\u00e1ll\u00edt\u00e1s t\u00e1rgymutat\u00f3ja (Mv., 1944). Irod.: F\u00fcl\u00f6p-Ferenc<\/p>\n","protected":false},"featured_media":0,"comment_status":"open","ping_status":"closed","template":"","meta":[],"product_brand":[],"product_cat":[137],"product_tag":[],"class_list":{"0":"post-4701","1":"product","2":"type-product","3":"status-publish","5":"product_cat-maros-megyei-eletrajzi-lexikon","7":"first","8":"instock","9":"shipping-taxable","10":"product-type-simple"},"_links":{"self":[{"href":"https:\/\/uj.adatbank.ro\/lexikon\/wp-json\/wp\/v2\/product\/4701","targetHints":{"allow":["GET"]}}],"collection":[{"href":"https:\/\/uj.adatbank.ro\/lexikon\/wp-json\/wp\/v2\/product"}],"about":[{"href":"https:\/\/uj.adatbank.ro\/lexikon\/wp-json\/wp\/v2\/types\/product"}],"replies":[{"embeddable":true,"href":"https:\/\/uj.adatbank.ro\/lexikon\/wp-json\/wp\/v2\/comments?post=4701"}],"wp:attachment":[{"href":"https:\/\/uj.adatbank.ro\/lexikon\/wp-json\/wp\/v2\/media?parent=4701"}],"wp:term":[{"taxonomy":"product_brand","embeddable":true,"href":"https:\/\/uj.adatbank.ro\/lexikon\/wp-json\/wp\/v2\/product_brand?post=4701"},{"taxonomy":"product_cat","embeddable":true,"href":"https:\/\/uj.adatbank.ro\/lexikon\/wp-json\/wp\/v2\/product_cat?post=4701"},{"taxonomy":"product_tag","embeddable":true,"href":"https:\/\/uj.adatbank.ro\/lexikon\/wp-json\/wp\/v2\/product_tag?post=4701"}],"curies":[{"name":"wp","href":"https:\/\/api.w.org\/{rel}","templated":true}]}}