{"id":4702,"date":"2025-06-28T16:50:34","date_gmt":"2025-06-28T14:50:34","guid":{"rendered":"https:\/\/uj.adatbank.ro\/lexikon\/termek\/bias-albert-dersi\/"},"modified":"2025-06-28T16:50:34","modified_gmt":"2025-06-28T14:50:34","slug":"bias-albert-dersi","status":"publish","type":"product","link":"https:\/\/uj.adatbank.ro\/lexikon\/termek\/bias-albert-dersi\/","title":{"rendered":"BI\u00c1S Albert, dersi"},"content":{"rendered":"<p>1842. m\u00e1j. 29., \u2020 1883. v. 1884.: borb\u00e9lymester. \u2013 Fia: Istv\u00e1n (1877. \u2013 1950). Feles\u00e9ge Andr\u00e1ssy Borb\u00e1la (\u2020 1893). \u2013 Borb\u00e9lymesters\u00e9get tanult \u00e9s elhagyta Mv.-t \u00e9s Nagydiszn\u00f3dra k\u00f6lt\u00f6z\u00f6tt ott sz\u00fclettek fiai Istv\u00e1n \u00e9s Albert. <br \/><strong>Irod.:<\/strong> Kempelen; P\u00e1lmay<\/br><\/p>\n","protected":false},"excerpt":{"rendered":"<p>1842. m\u00e1j. 29., \u2020 1883. v. 1884.: borb\u00e9lymester. \u2013 Fia: Istv\u00e1n (1877. \u2013 1950). Feles\u00e9ge Andr\u00e1ssy Borb\u00e1la (\u2020 1893). \u2013 Borb\u00e9lymesters\u00e9get tanult \u00e9s elhagyta Mv.-t \u00e9s Nagydiszn\u00f3dra k\u00f6lt\u00f6z\u00f6tt ott sz\u00fclettek fiai Istv\u00e1n \u00e9s Albert. Irod.: Kempelen; P\u00e1lmay<\/p>\n","protected":false},"featured_media":0,"comment_status":"open","ping_status":"closed","template":"","meta":[],"product_brand":[],"product_cat":[137],"product_tag":[],"class_list":{"0":"post-4702","1":"product","2":"type-product","3":"status-publish","5":"product_cat-maros-megyei-eletrajzi-lexikon","7":"first","8":"instock","9":"shipping-taxable","10":"product-type-simple"},"_links":{"self":[{"href":"https:\/\/uj.adatbank.ro\/lexikon\/wp-json\/wp\/v2\/product\/4702","targetHints":{"allow":["GET"]}}],"collection":[{"href":"https:\/\/uj.adatbank.ro\/lexikon\/wp-json\/wp\/v2\/product"}],"about":[{"href":"https:\/\/uj.adatbank.ro\/lexikon\/wp-json\/wp\/v2\/types\/product"}],"replies":[{"embeddable":true,"href":"https:\/\/uj.adatbank.ro\/lexikon\/wp-json\/wp\/v2\/comments?post=4702"}],"wp:attachment":[{"href":"https:\/\/uj.adatbank.ro\/lexikon\/wp-json\/wp\/v2\/media?parent=4702"}],"wp:term":[{"taxonomy":"product_brand","embeddable":true,"href":"https:\/\/uj.adatbank.ro\/lexikon\/wp-json\/wp\/v2\/product_brand?post=4702"},{"taxonomy":"product_cat","embeddable":true,"href":"https:\/\/uj.adatbank.ro\/lexikon\/wp-json\/wp\/v2\/product_cat?post=4702"},{"taxonomy":"product_tag","embeddable":true,"href":"https:\/\/uj.adatbank.ro\/lexikon\/wp-json\/wp\/v2\/product_tag?post=4702"}],"curies":[{"name":"wp","href":"https:\/\/api.w.org\/{rel}","templated":true}]}}