{"id":4703,"date":"2025-06-28T16:50:35","date_gmt":"2025-06-28T14:50:35","guid":{"rendered":"https:\/\/uj.adatbank.ro\/lexikon\/termek\/bias-bela\/"},"modified":"2025-06-28T16:50:35","modified_gmt":"2025-06-28T14:50:35","slug":"bias-bela","status":"publish","type":"product","link":"https:\/\/uj.adatbank.ro\/lexikon\/termek\/bias-bela\/","title":{"rendered":"BI\u00c1S B\u00e9la"},"content":{"rendered":"<p>Mv., 1913. j\u00fal. 19., \u2020\u00a0? : lev\u00e9lt\u00e1ros. \u2013 B. Istv\u00e1n fia. Amikor megalakult a Maros tartom\u00e1nyi \u00e1llami lev\u00e9lt\u00e1r (1952) lev\u00e9lt\u00e1rosk\u00e9nt alkalmazt\u00e1k. De nem sok\u00e1ig tev\u00e9kenykedett ott egy \u00e9v ut\u00e1n megv\u00e1ltak t\u0151le elmezavara miatt (1953). <br \/><strong>Irod.:<\/strong> P\u00e1l-Antal 2003<\/br><\/p>\n","protected":false},"excerpt":{"rendered":"<p>Mv., 1913. j\u00fal. 19., \u2020\u00a0? : lev\u00e9lt\u00e1ros. \u2013 B. Istv\u00e1n fia. Amikor megalakult a Maros tartom\u00e1nyi \u00e1llami lev\u00e9lt\u00e1r (1952) lev\u00e9lt\u00e1rosk\u00e9nt alkalmazt\u00e1k. De nem sok\u00e1ig tev\u00e9kenykedett ott egy \u00e9v ut\u00e1n megv\u00e1ltak t\u0151le elmezavara miatt (1953). Irod.: P\u00e1l-Antal 2003<\/p>\n","protected":false},"featured_media":0,"comment_status":"open","ping_status":"closed","template":"","meta":[],"product_brand":[],"product_cat":[137],"product_tag":[],"class_list":{"0":"post-4703","1":"product","2":"type-product","3":"status-publish","5":"product_cat-maros-megyei-eletrajzi-lexikon","7":"first","8":"instock","9":"shipping-taxable","10":"product-type-simple"},"_links":{"self":[{"href":"https:\/\/uj.adatbank.ro\/lexikon\/wp-json\/wp\/v2\/product\/4703","targetHints":{"allow":["GET"]}}],"collection":[{"href":"https:\/\/uj.adatbank.ro\/lexikon\/wp-json\/wp\/v2\/product"}],"about":[{"href":"https:\/\/uj.adatbank.ro\/lexikon\/wp-json\/wp\/v2\/types\/product"}],"replies":[{"embeddable":true,"href":"https:\/\/uj.adatbank.ro\/lexikon\/wp-json\/wp\/v2\/comments?post=4703"}],"wp:attachment":[{"href":"https:\/\/uj.adatbank.ro\/lexikon\/wp-json\/wp\/v2\/media?parent=4703"}],"wp:term":[{"taxonomy":"product_brand","embeddable":true,"href":"https:\/\/uj.adatbank.ro\/lexikon\/wp-json\/wp\/v2\/product_brand?post=4703"},{"taxonomy":"product_cat","embeddable":true,"href":"https:\/\/uj.adatbank.ro\/lexikon\/wp-json\/wp\/v2\/product_cat?post=4703"},{"taxonomy":"product_tag","embeddable":true,"href":"https:\/\/uj.adatbank.ro\/lexikon\/wp-json\/wp\/v2\/product_tag?post=4703"}],"curies":[{"name":"wp","href":"https:\/\/api.w.org\/{rel}","templated":true}]}}