{"id":4704,"date":"2025-06-28T16:50:38","date_gmt":"2025-06-28T14:50:38","guid":{"rendered":"https:\/\/uj.adatbank.ro\/lexikon\/termek\/bias-istvan-dersi\/"},"modified":"2025-06-28T16:50:38","modified_gmt":"2025-06-28T14:50:38","slug":"bias-istvan-dersi","status":"publish","type":"product","link":"https:\/\/uj.adatbank.ro\/lexikon\/termek\/bias-istvan-dersi\/","title":{"rendered":"BI\u00c1S Istv\u00e1n, dersi"},"content":{"rendered":"<p>1804. m\u00e1rc. 11., \u2020\u00a0Mv., 1859. dec. 31.: szab\u00f3mester. \u2013 B. I. nagyapja, az els\u0151 a csal\u00e1db\u00f3l, aki Mv.-re k\u00f6lt\u00f6z\u00f6tt. Feles\u00e9ge: Kutlik Anna (1820\u20131859). \u2013 Az 1848\/49-es szabads\u00e1gharcban nemzet\u0151r. <br \/><strong>Irod.:<\/strong> Kempelen; P\u00e1l-Antal 2003; P\u00e1lmay; P\u00e1lmay J\u00f3zsef<\/br><\/p>\n","protected":false},"excerpt":{"rendered":"<p>1804. m\u00e1rc. 11., \u2020\u00a0Mv., 1859. dec. 31.: szab\u00f3mester. \u2013 B. I. nagyapja, az els\u0151 a csal\u00e1db\u00f3l, aki Mv.-re k\u00f6lt\u00f6z\u00f6tt. Feles\u00e9ge: Kutlik Anna (1820\u20131859). \u2013 Az 1848\/49-es szabads\u00e1gharcban nemzet\u0151r. Irod.: Kempelen; P\u00e1l-Antal 2003; P\u00e1lmay; P\u00e1lmay J\u00f3zsef<\/p>\n","protected":false},"featured_media":0,"comment_status":"open","ping_status":"closed","template":"","meta":[],"product_brand":[],"product_cat":[137],"product_tag":[],"class_list":{"0":"post-4704","1":"product","2":"type-product","3":"status-publish","5":"product_cat-maros-megyei-eletrajzi-lexikon","7":"first","8":"instock","9":"shipping-taxable","10":"product-type-simple"},"_links":{"self":[{"href":"https:\/\/uj.adatbank.ro\/lexikon\/wp-json\/wp\/v2\/product\/4704","targetHints":{"allow":["GET"]}}],"collection":[{"href":"https:\/\/uj.adatbank.ro\/lexikon\/wp-json\/wp\/v2\/product"}],"about":[{"href":"https:\/\/uj.adatbank.ro\/lexikon\/wp-json\/wp\/v2\/types\/product"}],"replies":[{"embeddable":true,"href":"https:\/\/uj.adatbank.ro\/lexikon\/wp-json\/wp\/v2\/comments?post=4704"}],"wp:attachment":[{"href":"https:\/\/uj.adatbank.ro\/lexikon\/wp-json\/wp\/v2\/media?parent=4704"}],"wp:term":[{"taxonomy":"product_brand","embeddable":true,"href":"https:\/\/uj.adatbank.ro\/lexikon\/wp-json\/wp\/v2\/product_brand?post=4704"},{"taxonomy":"product_cat","embeddable":true,"href":"https:\/\/uj.adatbank.ro\/lexikon\/wp-json\/wp\/v2\/product_cat?post=4704"},{"taxonomy":"product_tag","embeddable":true,"href":"https:\/\/uj.adatbank.ro\/lexikon\/wp-json\/wp\/v2\/product_tag?post=4704"}],"curies":[{"name":"wp","href":"https:\/\/api.w.org\/{rel}","templated":true}]}}