{"id":4705,"date":"2025-06-28T16:50:40","date_gmt":"2025-06-28T14:50:40","guid":{"rendered":"https:\/\/uj.adatbank.ro\/lexikon\/termek\/bias-istvan-dersi-2\/"},"modified":"2025-06-28T16:50:40","modified_gmt":"2025-06-28T14:50:40","slug":"bias-istvan-dersi-2","status":"publish","type":"product","link":"https:\/\/uj.adatbank.ro\/lexikon\/termek\/bias-istvan-dersi-2\/","title":{"rendered":"BI\u00c1S Istv\u00e1n, dersi"},"content":{"rendered":"<p>1837. dec. 22., \u2020\u00a0Mv., 1916. m\u00e1j. 2.: \u00fcgyv\u00e9d. \u2013 Feles\u00e9ge: Kov\u00e1cs M\u00e1ria (1844-?), nevel\u0151anyja Mih\u00e1ly Istv\u00e1nn\u00e9, Kassai M\u00e1ria (1801- Mv., 1885. jan. 16.). Gyermekei: B. Albert, feles\u00e9ge: Vajay Anna; B. Istv\u00e1n, feles\u00e9ge jobb\u00e1gytelki Bak\u00f3 Erzs\u00e9bet (1884- Mv., 1937. jan. 20.). \u2013 Mv.-en, unit. egyh\u00e1zi tan\u00e1csos, a mo.-i unit. egyh\u00e1z F\u0151tan\u00e1cs\u00e1nak tagja. A Ref. Koll.-nak jelent\u0151s adom\u00e1nyt tett. T\u00e1mogatta \u00f6ccse \u00e1rv\u00e1n maradt fiait Istv\u00e1nt \u00e9s Albertet. <br \/><strong>Irod.:<\/strong> Gy\u00e1szjelent\u0151; Kempelen; P\u00e1l-Antal 2003; P\u00e1lmay J\u00f3zsef<\/br><\/p>\n","protected":false},"excerpt":{"rendered":"<p>1837. dec. 22., \u2020\u00a0Mv., 1916. m\u00e1j. 2.: \u00fcgyv\u00e9d. \u2013 Feles\u00e9ge: Kov\u00e1cs M\u00e1ria (1844-?), nevel\u0151anyja Mih\u00e1ly Istv\u00e1nn\u00e9, Kassai M\u00e1ria (1801- Mv., 1885. jan. 16.). Gyermekei: B. Albert, feles\u00e9ge: Vajay Anna; B. Istv\u00e1n, feles\u00e9ge jobb\u00e1gytelki Bak\u00f3 Erzs\u00e9bet (1884- Mv., 1937. jan. 20.). \u2013 Mv.-en, unit. egyh\u00e1zi tan\u00e1csos, a mo.-i unit. egyh\u00e1z F\u0151tan\u00e1cs\u00e1nak tagja. A Ref. Koll.-nak jelent\u0151s [&hellip;]<\/p>\n","protected":false},"featured_media":0,"comment_status":"open","ping_status":"closed","template":"","meta":[],"product_brand":[],"product_cat":[137],"product_tag":[],"class_list":{"0":"post-4705","1":"product","2":"type-product","3":"status-publish","5":"product_cat-maros-megyei-eletrajzi-lexikon","7":"first","8":"instock","9":"shipping-taxable","10":"product-type-simple"},"_links":{"self":[{"href":"https:\/\/uj.adatbank.ro\/lexikon\/wp-json\/wp\/v2\/product\/4705","targetHints":{"allow":["GET"]}}],"collection":[{"href":"https:\/\/uj.adatbank.ro\/lexikon\/wp-json\/wp\/v2\/product"}],"about":[{"href":"https:\/\/uj.adatbank.ro\/lexikon\/wp-json\/wp\/v2\/types\/product"}],"replies":[{"embeddable":true,"href":"https:\/\/uj.adatbank.ro\/lexikon\/wp-json\/wp\/v2\/comments?post=4705"}],"wp:attachment":[{"href":"https:\/\/uj.adatbank.ro\/lexikon\/wp-json\/wp\/v2\/media?parent=4705"}],"wp:term":[{"taxonomy":"product_brand","embeddable":true,"href":"https:\/\/uj.adatbank.ro\/lexikon\/wp-json\/wp\/v2\/product_brand?post=4705"},{"taxonomy":"product_cat","embeddable":true,"href":"https:\/\/uj.adatbank.ro\/lexikon\/wp-json\/wp\/v2\/product_cat?post=4705"},{"taxonomy":"product_tag","embeddable":true,"href":"https:\/\/uj.adatbank.ro\/lexikon\/wp-json\/wp\/v2\/product_tag?post=4705"}],"curies":[{"name":"wp","href":"https:\/\/api.w.org\/{rel}","templated":true}]}}