{"id":4706,"date":"2025-06-28T16:50:41","date_gmt":"2025-06-28T14:50:41","guid":{"rendered":"https:\/\/uj.adatbank.ro\/lexikon\/termek\/bibarcfalvi-istvan-bibartzfalvi-istvan\/"},"modified":"2025-06-28T16:50:41","modified_gmt":"2025-06-28T14:50:41","slug":"bibarcfalvi-istvan-bibartzfalvi-istvan","status":"publish","type":"product","link":"https:\/\/uj.adatbank.ro\/lexikon\/termek\/bibarcfalvi-istvan-bibartzfalvi-istvan\/","title":{"rendered":"BIBARCFALVI Istv\u00e1n, Bibartzfalvi Istv\u00e1n"},"content":{"rendered":"<p>? \u2020\u00a0? : tan\u00edt\u00f3. \u2013 Ny\u00e1r\u00e1dszentsimonban mester (1700\u20131703); l\u00e9vita Ny\u00e1r\u00e1dkar\u00e1csonyfalv\u00e1n (1734\u20131737), Sz\u00e9kelyb\u00f3sban (1761\u20131764, 1770\u20131781). <br \/><strong>Irod.:<\/strong> Imreh Barna<\/br><\/p>\n","protected":false},"excerpt":{"rendered":"<p>? \u2020\u00a0? : tan\u00edt\u00f3. \u2013 Ny\u00e1r\u00e1dszentsimonban mester (1700\u20131703); l\u00e9vita Ny\u00e1r\u00e1dkar\u00e1csonyfalv\u00e1n (1734\u20131737), Sz\u00e9kelyb\u00f3sban (1761\u20131764, 1770\u20131781). Irod.: Imreh Barna<\/p>\n","protected":false},"featured_media":0,"comment_status":"open","ping_status":"closed","template":"","meta":[],"product_brand":[],"product_cat":[137],"product_tag":[],"class_list":{"0":"post-4706","1":"product","2":"type-product","3":"status-publish","5":"product_cat-maros-megyei-eletrajzi-lexikon","7":"first","8":"instock","9":"shipping-taxable","10":"product-type-simple"},"_links":{"self":[{"href":"https:\/\/uj.adatbank.ro\/lexikon\/wp-json\/wp\/v2\/product\/4706","targetHints":{"allow":["GET"]}}],"collection":[{"href":"https:\/\/uj.adatbank.ro\/lexikon\/wp-json\/wp\/v2\/product"}],"about":[{"href":"https:\/\/uj.adatbank.ro\/lexikon\/wp-json\/wp\/v2\/types\/product"}],"replies":[{"embeddable":true,"href":"https:\/\/uj.adatbank.ro\/lexikon\/wp-json\/wp\/v2\/comments?post=4706"}],"wp:attachment":[{"href":"https:\/\/uj.adatbank.ro\/lexikon\/wp-json\/wp\/v2\/media?parent=4706"}],"wp:term":[{"taxonomy":"product_brand","embeddable":true,"href":"https:\/\/uj.adatbank.ro\/lexikon\/wp-json\/wp\/v2\/product_brand?post=4706"},{"taxonomy":"product_cat","embeddable":true,"href":"https:\/\/uj.adatbank.ro\/lexikon\/wp-json\/wp\/v2\/product_cat?post=4706"},{"taxonomy":"product_tag","embeddable":true,"href":"https:\/\/uj.adatbank.ro\/lexikon\/wp-json\/wp\/v2\/product_tag?post=4706"}],"curies":[{"name":"wp","href":"https:\/\/api.w.org\/{rel}","templated":true}]}}