{"id":4708,"date":"2025-06-28T16:50:45","date_gmt":"2025-06-28T14:50:45","guid":{"rendered":"https:\/\/uj.adatbank.ro\/lexikon\/termek\/bibarcfalvi-szabo-janos-bibartzfalvi-szabo-janos\/"},"modified":"2025-06-28T16:50:45","modified_gmt":"2025-06-28T14:50:45","slug":"bibarcfalvi-szabo-janos-bibartzfalvi-szabo-janos","status":"publish","type":"product","link":"https:\/\/uj.adatbank.ro\/lexikon\/termek\/bibarcfalvi-szabo-janos-bibartzfalvi-szabo-janos\/","title":{"rendered":"BIBARCFALVI SZAB\u00d3 J\u00e1nos, Bibartzfalvi Szab\u00f3 J\u00e1nos"},"content":{"rendered":"<p>? \u2020\u00a0? : ref. lelk\u00e9sz. \u2013 Nagyenyeden subscrib\u00e1lt (1739). Harderwijkben (1748\u2013) \u00e9s Utrechtben (1750) peregrin\u00e1lt. Lelk\u00e9sz volt V\u00e1mosg\u00e1lfalv\u00e1n (1751\u201358), Magyarkir\u00e1lyfalv\u00e1n (1762\u201369) \u00e9s Radn\u00f3ton szolg\u00e1lt (1769\u201371). <br \/><strong>Irod.:<\/strong> K\u00fck\u00fcll\u0151i Ref. Egyh\u00e1zm. 3., 4.<\/br><\/p>\n","protected":false},"excerpt":{"rendered":"<p>? \u2020\u00a0? : ref. lelk\u00e9sz. \u2013 Nagyenyeden subscrib\u00e1lt (1739). Harderwijkben (1748\u2013) \u00e9s Utrechtben (1750) peregrin\u00e1lt. Lelk\u00e9sz volt V\u00e1mosg\u00e1lfalv\u00e1n (1751\u201358), Magyarkir\u00e1lyfalv\u00e1n (1762\u201369) \u00e9s Radn\u00f3ton szolg\u00e1lt (1769\u201371). Irod.: K\u00fck\u00fcll\u0151i Ref. Egyh\u00e1zm. 3., 4.<\/p>\n","protected":false},"featured_media":0,"comment_status":"open","ping_status":"closed","template":"","meta":[],"product_brand":[],"product_cat":[137],"product_tag":[],"class_list":{"0":"post-4708","1":"product","2":"type-product","3":"status-publish","5":"product_cat-maros-megyei-eletrajzi-lexikon","7":"first","8":"instock","9":"shipping-taxable","10":"product-type-simple"},"_links":{"self":[{"href":"https:\/\/uj.adatbank.ro\/lexikon\/wp-json\/wp\/v2\/product\/4708","targetHints":{"allow":["GET"]}}],"collection":[{"href":"https:\/\/uj.adatbank.ro\/lexikon\/wp-json\/wp\/v2\/product"}],"about":[{"href":"https:\/\/uj.adatbank.ro\/lexikon\/wp-json\/wp\/v2\/types\/product"}],"replies":[{"embeddable":true,"href":"https:\/\/uj.adatbank.ro\/lexikon\/wp-json\/wp\/v2\/comments?post=4708"}],"wp:attachment":[{"href":"https:\/\/uj.adatbank.ro\/lexikon\/wp-json\/wp\/v2\/media?parent=4708"}],"wp:term":[{"taxonomy":"product_brand","embeddable":true,"href":"https:\/\/uj.adatbank.ro\/lexikon\/wp-json\/wp\/v2\/product_brand?post=4708"},{"taxonomy":"product_cat","embeddable":true,"href":"https:\/\/uj.adatbank.ro\/lexikon\/wp-json\/wp\/v2\/product_cat?post=4708"},{"taxonomy":"product_tag","embeddable":true,"href":"https:\/\/uj.adatbank.ro\/lexikon\/wp-json\/wp\/v2\/product_tag?post=4708"}],"curies":[{"name":"wp","href":"https:\/\/api.w.org\/{rel}","templated":true}]}}