{"id":4716,"date":"2025-06-28T16:50:58","date_gmt":"2025-06-28T14:50:58","guid":{"rendered":"https:\/\/uj.adatbank.ro\/lexikon\/termek\/biedermann-zsuzsanna\/"},"modified":"2025-06-28T16:50:58","modified_gmt":"2025-06-28T14:50:58","slug":"biedermann-zsuzsanna","status":"publish","type":"product","link":"https:\/\/uj.adatbank.ro\/lexikon\/termek\/biedermann-zsuzsanna\/","title":{"rendered":"BIEDERMANN Zsuzs\u00e1nna"},"content":{"rendered":"<p>1983.? \u2020\u00a0Bp., 2022. m\u00e1j. 6.: k\u00f6zgazd\u00e1sz.- Dr. B. Zs. \u201ea Magyar Tudom\u00e1nyos Akad\u00e9mia KRTK Vil\u00e1ggazdas\u00e1gi Int\u00e9zet tudom\u00e1nyos munkat\u00e1rsa, a Budapesti Nemzeti K\u00f6zszolg\u00e1lati Egyetem adjunktusa, a Budapesti Nemzeti K\u00f6zszolg\u00e1lati Egyetem adjunktusa 2022. m\u00e1jus 6-\u00e1n, \u00e9let\u00e9nek 39. \u00e9v\u00e9ben, s\u00falyos betegs\u00e9g ut\u00e1n elhunyt. \u2019\u2019 Mv.-en a ref. temet\u0151ben nyugszik. <br \/><strong>Irod.:<\/strong> Nekrol\u00f3g (N\u00fa., 2022. m\u00e1j. 24.)<\/br><\/p>\n","protected":false},"excerpt":{"rendered":"<p>1983.? \u2020\u00a0Bp., 2022. m\u00e1j. 6.: k\u00f6zgazd\u00e1sz.- Dr. B. Zs. \u201ea Magyar Tudom\u00e1nyos Akad\u00e9mia KRTK Vil\u00e1ggazdas\u00e1gi Int\u00e9zet tudom\u00e1nyos munkat\u00e1rsa, a Budapesti Nemzeti K\u00f6zszolg\u00e1lati Egyetem adjunktusa, a Budapesti Nemzeti K\u00f6zszolg\u00e1lati Egyetem adjunktusa 2022. m\u00e1jus 6-\u00e1n, \u00e9let\u00e9nek 39. \u00e9v\u00e9ben, s\u00falyos betegs\u00e9g ut\u00e1n elhunyt. \u2019\u2019 Mv.-en a ref. temet\u0151ben nyugszik. Irod.: Nekrol\u00f3g (N\u00fa., 2022. m\u00e1j. 24.)<\/p>\n","protected":false},"featured_media":0,"comment_status":"open","ping_status":"closed","template":"","meta":[],"product_brand":[],"product_cat":[137],"product_tag":[],"class_list":{"0":"post-4716","1":"product","2":"type-product","3":"status-publish","5":"product_cat-maros-megyei-eletrajzi-lexikon","7":"first","8":"instock","9":"shipping-taxable","10":"product-type-simple"},"_links":{"self":[{"href":"https:\/\/uj.adatbank.ro\/lexikon\/wp-json\/wp\/v2\/product\/4716","targetHints":{"allow":["GET"]}}],"collection":[{"href":"https:\/\/uj.adatbank.ro\/lexikon\/wp-json\/wp\/v2\/product"}],"about":[{"href":"https:\/\/uj.adatbank.ro\/lexikon\/wp-json\/wp\/v2\/types\/product"}],"replies":[{"embeddable":true,"href":"https:\/\/uj.adatbank.ro\/lexikon\/wp-json\/wp\/v2\/comments?post=4716"}],"wp:attachment":[{"href":"https:\/\/uj.adatbank.ro\/lexikon\/wp-json\/wp\/v2\/media?parent=4716"}],"wp:term":[{"taxonomy":"product_brand","embeddable":true,"href":"https:\/\/uj.adatbank.ro\/lexikon\/wp-json\/wp\/v2\/product_brand?post=4716"},{"taxonomy":"product_cat","embeddable":true,"href":"https:\/\/uj.adatbank.ro\/lexikon\/wp-json\/wp\/v2\/product_cat?post=4716"},{"taxonomy":"product_tag","embeddable":true,"href":"https:\/\/uj.adatbank.ro\/lexikon\/wp-json\/wp\/v2\/product_tag?post=4716"}],"curies":[{"name":"wp","href":"https:\/\/api.w.org\/{rel}","templated":true}]}}