{"id":4717,"date":"2025-06-28T16:51:00","date_gmt":"2025-06-28T14:51:00","guid":{"rendered":"https:\/\/uj.adatbank.ro\/lexikon\/termek\/bieliczki-katalin\/"},"modified":"2025-06-28T16:51:00","modified_gmt":"2025-06-28T14:51:00","slug":"bieliczki-katalin","status":"publish","type":"product","link":"https:\/\/uj.adatbank.ro\/lexikon\/termek\/bieliczki-katalin\/","title":{"rendered":"BIELICZKI Katalin"},"content":{"rendered":"<p>Hajd\u00faszoboszl\u00f3, 1920. szept. 2., \u2020 Dics\u0151szentm\u00e1rton, 1990.: sz\u00edn\u00e9szn\u0151, seg\u00e9drendez\u0151.- A kv.-i Szent Gy\u0151rgyi Istv\u00e1n Sz\u00ednm\u0171v\u00e9szeti F\u0151iskol\u00e1n v\u00e9gzett. F\u0151iskol\u00e1s kor\u00e1ban Hodgesn\u00e9t alak\u00edtotta Kanin: \u00d3cskavas nagyban c. darabj\u00e1ban. A mv.-i Sz\u00e9kely Sz\u00ednh\u00e1z sz\u00edn\u00e9sze (1951\u2013). Elborult elm\u00e9vel halt meg. \u2013 <strong>F. sz.:<\/strong> 1. summ\u00e1sl\u00e1ny (M\u00f3ricz Zs.: Uri muri); Asszony (Gorkij: Kispolg\u00e1rok); Klopovna (Gogoly: A revizor, 1952); 1. asszony (Kiss-Kov\u00e1ts: Vihar a havason, 1952); Florea (L. Demetrius: Mai emberek, 1953); Madame Epava Evdokoa Petrovna (Gorbatov: Ap\u00e1k ifj\u00fas\u00e1ga, 1953); J\u00f3 mulat\u00e1st (1953); Fatime (Huszka J.: G\u00fcl Baba); Vannak m\u00e9g hib\u00e1k (1954); Az \u00e9nekesn\u0151 (Iszajev-Galics: Nem mag\u00e1n\u00fcgy); K\u00f6v\u00e9r n\u0151 (Kipphardt: Shakespeare kerestetik, 1955); \u00d6regasszony (Abruzov: M\u00e1sodik szerelem (1955); B\u00e1bi m\u00e9zeskal\u00e1csos kofa (Szirmai A: M\u00e9zeskal\u00e1cs, 1956); Liza csel\u00e9d (M. Gorkij: Vassza Zseleznova, 1957); Siposn\u00e9 (Sarkadi I.: Szeptember, 1957); M\u00e9hes Gy\u00f6rgy: Sz\u00e9na vagy szalma (1959); Dorina (V. Stoenescu: Szerelmes levelek, 1960); Gy\u00e1szol\u00f3 (Garcia Lorca: Bernarda Alba h\u00e1za); <strong>seg\u00e9drendez\u0151<\/strong> Borisz Lavrenyov: Lesz\u00e1mol\u00e1s; Iszajev-Galics: Nem mag\u00e1n\u00fcgy; Illy\u00e9s Gyula: F\u00e1klyal\u00e1ng; Gorkij: Vasza Zseleznova; Moliere: Tartuffe. <br \/><strong>Irod.:<\/strong> Enyedi; Horv\u00e1th Bea; Kov\u00e1cs Levente<\/br><\/p>\n","protected":false},"excerpt":{"rendered":"<p>Hajd\u00faszoboszl\u00f3, 1920. szept. 2., \u2020 Dics\u0151szentm\u00e1rton, 1990.: sz\u00edn\u00e9szn\u0151, seg\u00e9drendez\u0151.- A kv.-i Szent Gy\u0151rgyi Istv\u00e1n Sz\u00ednm\u0171v\u00e9szeti F\u0151iskol\u00e1n v\u00e9gzett. F\u0151iskol\u00e1s kor\u00e1ban Hodgesn\u00e9t alak\u00edtotta Kanin: \u00d3cskavas nagyban c. darabj\u00e1ban. A mv.-i Sz\u00e9kely Sz\u00ednh\u00e1z sz\u00edn\u00e9sze (1951\u2013). Elborult elm\u00e9vel halt meg. \u2013 F. sz.: 1. summ\u00e1sl\u00e1ny (M\u00f3ricz Zs.: Uri muri); Asszony (Gorkij: Kispolg\u00e1rok); Klopovna (Gogoly: A revizor, 1952); 1. asszony [&hellip;]<\/p>\n","protected":false},"featured_media":0,"comment_status":"open","ping_status":"closed","template":"","meta":[],"product_brand":[],"product_cat":[137],"product_tag":[],"class_list":{"0":"post-4717","1":"product","2":"type-product","3":"status-publish","5":"product_cat-maros-megyei-eletrajzi-lexikon","7":"first","8":"instock","9":"shipping-taxable","10":"product-type-simple"},"_links":{"self":[{"href":"https:\/\/uj.adatbank.ro\/lexikon\/wp-json\/wp\/v2\/product\/4717","targetHints":{"allow":["GET"]}}],"collection":[{"href":"https:\/\/uj.adatbank.ro\/lexikon\/wp-json\/wp\/v2\/product"}],"about":[{"href":"https:\/\/uj.adatbank.ro\/lexikon\/wp-json\/wp\/v2\/types\/product"}],"replies":[{"embeddable":true,"href":"https:\/\/uj.adatbank.ro\/lexikon\/wp-json\/wp\/v2\/comments?post=4717"}],"wp:attachment":[{"href":"https:\/\/uj.adatbank.ro\/lexikon\/wp-json\/wp\/v2\/media?parent=4717"}],"wp:term":[{"taxonomy":"product_brand","embeddable":true,"href":"https:\/\/uj.adatbank.ro\/lexikon\/wp-json\/wp\/v2\/product_brand?post=4717"},{"taxonomy":"product_cat","embeddable":true,"href":"https:\/\/uj.adatbank.ro\/lexikon\/wp-json\/wp\/v2\/product_cat?post=4717"},{"taxonomy":"product_tag","embeddable":true,"href":"https:\/\/uj.adatbank.ro\/lexikon\/wp-json\/wp\/v2\/product_tag?post=4717"}],"curies":[{"name":"wp","href":"https:\/\/api.w.org\/{rel}","templated":true}]}}