{"id":4718,"date":"2025-06-28T16:51:04","date_gmt":"2025-06-28T14:51:04","guid":{"rendered":"https:\/\/uj.adatbank.ro\/lexikon\/termek\/bielz-eduard-albert-%c2%a7\/"},"modified":"2025-06-28T16:51:04","modified_gmt":"2025-06-28T14:51:04","slug":"bielz-eduard-albert-%c2%a7","status":"publish","type":"product","link":"https:\/\/uj.adatbank.ro\/lexikon\/termek\/bielz-eduard-albert-%c2%a7\/","title":{"rendered":"BIELZ Edu\u00e1rd Albert, \u00a7"},"content":{"rendered":"<p>Nagyszeben, 1827. febr. 4., \u2020 Nagyszeben, 1898. m\u00e1j. 26.: zool\u00f3gus. \u2013 A nagyv\u00e1radi jogakad.-n v\u00e9gezte tanulm\u00e1nyait (\u20131848). A kamarai erd\u00e9szeti igazgat\u00f3s\u00e1g tisztvisel\u0151je (1848\u2013), az osztr\u00e1k hadsereg hadnagyak\u00e9nt vett r\u00e9szt a m. szabads\u00e1gharc elleni k\u00fczdelemben (1848\u201349). A Nagyszebeni Term. tud. Egyes. tagja (1849\u2013). A d\u00e9vai ker\u00fcleti t\u00f6rv\u00e9nysz\u00e9ken fogalmaz\u00f3 (1850\u2013), majd Dobr\u00e1n ker. albiztos, a nagyszebeni p\u00e9nz\u00fcgy-igazgat\u00f3s\u00e1gon fogalmaz\u00f3 (1851\u2013), majd Mv.-en kereskedelmi albiztos. Nagyszebenben p\u00e9nz\u00fcgyi titk\u00e1r (1867\u2013), az Orsz. KSH-n\u00e1l min. titk\u00e1r (1869\u2013), Nagyszebenben tanfel\u00fcgyel\u0151 (1873\u2013). Az MTA tagja (1. 1873). L\u00e1t\u00e1s\u00e1nak elveszt\u00e9se miatt nyugd\u00edjask\u00e9nt \u00e9lt sz\u00fcl\u0151v\u00e1ros\u00e1ban (1878\u2013). Jelent\u0151sek az Erd\u00e9ly csiga-, kagyl\u00f3-, hal-, gerinces- \u00e9s bog\u00e1rfaun\u00e1\u00adj\u00e1ra vonatkoz\u00f3 kutat\u00e1sai. A nagyszebeni Transsilvania c. lap szerk. (1861\u201363). A kv.-i egy. t. doktora (1896). \u2013 <strong>F. m.:<\/strong> Beitr\u00e4ge zur Kenntniss der Land- und S\u00fcsswasser-Mollusken Siebenb\u00fcrgens (Nagy\u00adszeben, 1851; 2. kiad.: Fauna der Land- und S\u00fcsswassermollusken Siebenb\u00fcrgens. Nagy\u00adszeben, 1867); Uebersicht der lebenden Fische Siebenb\u00fcrgens (Nagyszeben, 1853); Karte der geognostischen Verh\u00e4ltnisse des Grossf\u00fcrstenthums Siebenb\u00fcrgen (Nagysze\u00adben, 1854); Karte der Verbreitung der Salzquellen und des Steinzalzes in Siebenb\u00fcr\u00adgen&#8230; (Nagyszeben, 1854); Fauna der Wirbelthiere Siebenb\u00fcrgens (Nagyszeben, 1856; 3. kiad. 1888); Systematisches Verzeichniss der Land- und S\u00fcsswasser-Mollusken des \u00f6sterreichischen Kaiserstaates (Nagyszeben, 1865); Kurzgefasste Erdbeschreibung von Siebenb\u00fcrgen (Nagyszeben, 1856; 2. kiad., 1857); Handbuch der Landes-kunde Sieben\u00adb\u00fcrgens (Nagyszeben, 1857); Fauna der Wirbelthiere Siebenb\u00fcrgens (Nagyszeben, 1867); Reisehandbuch f\u00fcr Siebenb\u00fcrgen (Nagyszeben, 1881; 2. b\u0151v. kiad. Wien, 1885); Siebenb\u00fcrgens K\u00e4ferfauna&#8230; (Nagyszeben, 1887); Die Gesteine Siebenb\u00fcrgens (Nagysze\u00adben, 1889). <br \/><strong>Irod.:<\/strong> \u00daM\u00c9L<\/br><\/p>\n","protected":false},"excerpt":{"rendered":"<p>Nagyszeben, 1827. febr. 4., \u2020 Nagyszeben, 1898. m\u00e1j. 26.: zool\u00f3gus. \u2013 A nagyv\u00e1radi jogakad.-n v\u00e9gezte tanulm\u00e1nyait (\u20131848). A kamarai erd\u00e9szeti igazgat\u00f3s\u00e1g tisztvisel\u0151je (1848\u2013), az osztr\u00e1k hadsereg hadnagyak\u00e9nt vett r\u00e9szt a m. szabads\u00e1gharc elleni k\u00fczdelemben (1848\u201349). A Nagyszebeni Term. tud. Egyes. tagja (1849\u2013). A d\u00e9vai ker\u00fcleti t\u00f6rv\u00e9nysz\u00e9ken fogalmaz\u00f3 (1850\u2013), majd Dobr\u00e1n ker. albiztos, a nagyszebeni p\u00e9nz\u00fcgy-igazgat\u00f3s\u00e1gon [&hellip;]<\/p>\n","protected":false},"featured_media":0,"comment_status":"open","ping_status":"closed","template":"","meta":[],"product_brand":[],"product_cat":[137],"product_tag":[],"class_list":{"0":"post-4718","1":"product","2":"type-product","3":"status-publish","5":"product_cat-maros-megyei-eletrajzi-lexikon","7":"first","8":"instock","9":"shipping-taxable","10":"product-type-simple"},"_links":{"self":[{"href":"https:\/\/uj.adatbank.ro\/lexikon\/wp-json\/wp\/v2\/product\/4718","targetHints":{"allow":["GET"]}}],"collection":[{"href":"https:\/\/uj.adatbank.ro\/lexikon\/wp-json\/wp\/v2\/product"}],"about":[{"href":"https:\/\/uj.adatbank.ro\/lexikon\/wp-json\/wp\/v2\/types\/product"}],"replies":[{"embeddable":true,"href":"https:\/\/uj.adatbank.ro\/lexikon\/wp-json\/wp\/v2\/comments?post=4718"}],"wp:attachment":[{"href":"https:\/\/uj.adatbank.ro\/lexikon\/wp-json\/wp\/v2\/media?parent=4718"}],"wp:term":[{"taxonomy":"product_brand","embeddable":true,"href":"https:\/\/uj.adatbank.ro\/lexikon\/wp-json\/wp\/v2\/product_brand?post=4718"},{"taxonomy":"product_cat","embeddable":true,"href":"https:\/\/uj.adatbank.ro\/lexikon\/wp-json\/wp\/v2\/product_cat?post=4718"},{"taxonomy":"product_tag","embeddable":true,"href":"https:\/\/uj.adatbank.ro\/lexikon\/wp-json\/wp\/v2\/product_tag?post=4718"}],"curies":[{"name":"wp","href":"https:\/\/api.w.org\/{rel}","templated":true}]}}