{"id":4720,"date":"2025-06-28T16:51:12","date_gmt":"2025-06-28T14:51:12","guid":{"rendered":"https:\/\/uj.adatbank.ro\/lexikon\/termek\/bignio-bela\/"},"modified":"2025-06-28T16:51:12","modified_gmt":"2025-06-28T14:51:12","slug":"bignio-bela","status":"publish","type":"product","link":"https:\/\/uj.adatbank.ro\/lexikon\/termek\/bignio-bela\/","title":{"rendered":"BIGNIO B\u00e9la"},"content":{"rendered":"<p>? \u2020\u00a0? : k\u00f6rorvos. \u2013 Marosludason orvos (1896), feles\u00e9ge is uo. k\u00f6rorvos. <br \/><strong>Irod.:<\/strong> A Magyar Orvosok \u00e9s Term\u00e9szetvizsg\u00e1l\u00f3k 1896. szept 12-\u00e9n Bp.-en tartott XVIII v\u00e1ndorgy\u0171l\u00e9s\u00e9nek t\u00f6rt\u00e9neti v\u00e1zlatai \u00e9s munk\u00e1latai (Bp., 1896)<\/br><\/p>\n","protected":false},"excerpt":{"rendered":"<p>? \u2020\u00a0? : k\u00f6rorvos. \u2013 Marosludason orvos (1896), feles\u00e9ge is uo. k\u00f6rorvos. Irod.: A Magyar Orvosok \u00e9s Term\u00e9szetvizsg\u00e1l\u00f3k 1896. szept 12-\u00e9n Bp.-en tartott XVIII v\u00e1ndorgy\u0171l\u00e9s\u00e9nek t\u00f6rt\u00e9neti v\u00e1zlatai \u00e9s munk\u00e1latai (Bp., 1896)<\/p>\n","protected":false},"featured_media":0,"comment_status":"open","ping_status":"closed","template":"","meta":[],"product_brand":[],"product_cat":[137],"product_tag":[],"class_list":{"0":"post-4720","1":"product","2":"type-product","3":"status-publish","5":"product_cat-maros-megyei-eletrajzi-lexikon","7":"first","8":"instock","9":"shipping-taxable","10":"product-type-simple"},"_links":{"self":[{"href":"https:\/\/uj.adatbank.ro\/lexikon\/wp-json\/wp\/v2\/product\/4720","targetHints":{"allow":["GET"]}}],"collection":[{"href":"https:\/\/uj.adatbank.ro\/lexikon\/wp-json\/wp\/v2\/product"}],"about":[{"href":"https:\/\/uj.adatbank.ro\/lexikon\/wp-json\/wp\/v2\/types\/product"}],"replies":[{"embeddable":true,"href":"https:\/\/uj.adatbank.ro\/lexikon\/wp-json\/wp\/v2\/comments?post=4720"}],"wp:attachment":[{"href":"https:\/\/uj.adatbank.ro\/lexikon\/wp-json\/wp\/v2\/media?parent=4720"}],"wp:term":[{"taxonomy":"product_brand","embeddable":true,"href":"https:\/\/uj.adatbank.ro\/lexikon\/wp-json\/wp\/v2\/product_brand?post=4720"},{"taxonomy":"product_cat","embeddable":true,"href":"https:\/\/uj.adatbank.ro\/lexikon\/wp-json\/wp\/v2\/product_cat?post=4720"},{"taxonomy":"product_tag","embeddable":true,"href":"https:\/\/uj.adatbank.ro\/lexikon\/wp-json\/wp\/v2\/product_tag?post=4720"}],"curies":[{"name":"wp","href":"https:\/\/api.w.org\/{rel}","templated":true}]}}