{"id":4721,"date":"2025-06-28T16:51:14","date_gmt":"2025-06-28T14:51:14","guid":{"rendered":"https:\/\/uj.adatbank.ro\/lexikon\/termek\/bihacsy-d-karoly\/"},"modified":"2025-06-28T16:51:14","modified_gmt":"2025-06-28T14:51:14","slug":"bihacsy-d-karoly","status":"publish","type":"product","link":"https:\/\/uj.adatbank.ro\/lexikon\/termek\/bihacsy-d-karoly\/","title":{"rendered":"BIHACSY D. K\u00e1roly"},"content":{"rendered":"<p>1923.?, \u2020 Mv., 2009. m\u00e1j. 12.: tan\u00e1r. \u2013 A mv.-i Filharm\u00f3nia k\u00f3rus\u00e1nak tagja, tenor sz\u00f3lamban \u00e9nekelt. <br \/><strong>Irod.:<\/strong> [Nekrol\u00f3g] (N\u00fa., 2009. m\u00e1j. 14.); inf. Elekes M\u00e1rta zenetan\u00e1rn\u0151t\u0151l<\/br><\/p>\n","protected":false},"excerpt":{"rendered":"<p>1923.?, \u2020 Mv., 2009. m\u00e1j. 12.: tan\u00e1r. \u2013 A mv.-i Filharm\u00f3nia k\u00f3rus\u00e1nak tagja, tenor sz\u00f3lamban \u00e9nekelt. Irod.: [Nekrol\u00f3g] (N\u00fa., 2009. m\u00e1j. 14.); inf. Elekes M\u00e1rta zenetan\u00e1rn\u0151t\u0151l<\/p>\n","protected":false},"featured_media":0,"comment_status":"open","ping_status":"closed","template":"","meta":[],"product_brand":[],"product_cat":[137],"product_tag":[],"class_list":{"0":"post-4721","1":"product","2":"type-product","3":"status-publish","5":"product_cat-maros-megyei-eletrajzi-lexikon","7":"first","8":"instock","9":"shipping-taxable","10":"product-type-simple"},"_links":{"self":[{"href":"https:\/\/uj.adatbank.ro\/lexikon\/wp-json\/wp\/v2\/product\/4721","targetHints":{"allow":["GET"]}}],"collection":[{"href":"https:\/\/uj.adatbank.ro\/lexikon\/wp-json\/wp\/v2\/product"}],"about":[{"href":"https:\/\/uj.adatbank.ro\/lexikon\/wp-json\/wp\/v2\/types\/product"}],"replies":[{"embeddable":true,"href":"https:\/\/uj.adatbank.ro\/lexikon\/wp-json\/wp\/v2\/comments?post=4721"}],"wp:attachment":[{"href":"https:\/\/uj.adatbank.ro\/lexikon\/wp-json\/wp\/v2\/media?parent=4721"}],"wp:term":[{"taxonomy":"product_brand","embeddable":true,"href":"https:\/\/uj.adatbank.ro\/lexikon\/wp-json\/wp\/v2\/product_brand?post=4721"},{"taxonomy":"product_cat","embeddable":true,"href":"https:\/\/uj.adatbank.ro\/lexikon\/wp-json\/wp\/v2\/product_cat?post=4721"},{"taxonomy":"product_tag","embeddable":true,"href":"https:\/\/uj.adatbank.ro\/lexikon\/wp-json\/wp\/v2\/product_tag?post=4721"}],"curies":[{"name":"wp","href":"https:\/\/api.w.org\/{rel}","templated":true}]}}