{"id":4724,"date":"2025-06-28T16:51:19","date_gmt":"2025-06-28T14:51:19","guid":{"rendered":"https:\/\/uj.adatbank.ro\/lexikon\/termek\/bihari-imre-bihari-emeric\/"},"modified":"2025-06-28T16:51:19","modified_gmt":"2025-06-28T14:51:19","slug":"bihari-imre-bihari-emeric","status":"publish","type":"product","link":"https:\/\/uj.adatbank.ro\/lexikon\/termek\/bihari-imre-bihari-emeric\/","title":{"rendered":"BIHARI Imre, Bihari Emeric"},"content":{"rendered":"<p>Temesv\u00e1r, ? \u2020\u00a0? : \u0151rnagy. \u2013 Asztalos (1947\u2013). A mv.-i securitate f\u0151hadnagya (1953. m\u00e1j. 15.), sz\u00e1zados, a nyomoz\u00f3 oszt\u00e1ly f\u0151n\u00f6ke (1954. j\u00fan. 1.), \u0151rnagy (1958). <br \/><strong>Irod.:<\/strong> Bartos 2012; L\u0151rincz J\u00e1nos: G\u00e1lyarabok nyomdokain (N\u00fa., 1998. \u00e1pr. 10.); T\u00f3falvi 4.<\/br><\/p>\n","protected":false},"excerpt":{"rendered":"<p>Temesv\u00e1r, ? \u2020\u00a0? : \u0151rnagy. \u2013 Asztalos (1947\u2013). A mv.-i securitate f\u0151hadnagya (1953. m\u00e1j. 15.), sz\u00e1zados, a nyomoz\u00f3 oszt\u00e1ly f\u0151n\u00f6ke (1954. j\u00fan. 1.), \u0151rnagy (1958). Irod.: Bartos 2012; L\u0151rincz J\u00e1nos: G\u00e1lyarabok nyomdokain (N\u00fa., 1998. \u00e1pr. 10.); T\u00f3falvi 4.<\/p>\n","protected":false},"featured_media":0,"comment_status":"open","ping_status":"closed","template":"","meta":[],"product_brand":[],"product_cat":[137],"product_tag":[],"class_list":{"0":"post-4724","1":"product","2":"type-product","3":"status-publish","5":"product_cat-maros-megyei-eletrajzi-lexikon","7":"first","8":"instock","9":"shipping-taxable","10":"product-type-simple"},"_links":{"self":[{"href":"https:\/\/uj.adatbank.ro\/lexikon\/wp-json\/wp\/v2\/product\/4724","targetHints":{"allow":["GET"]}}],"collection":[{"href":"https:\/\/uj.adatbank.ro\/lexikon\/wp-json\/wp\/v2\/product"}],"about":[{"href":"https:\/\/uj.adatbank.ro\/lexikon\/wp-json\/wp\/v2\/types\/product"}],"replies":[{"embeddable":true,"href":"https:\/\/uj.adatbank.ro\/lexikon\/wp-json\/wp\/v2\/comments?post=4724"}],"wp:attachment":[{"href":"https:\/\/uj.adatbank.ro\/lexikon\/wp-json\/wp\/v2\/media?parent=4724"}],"wp:term":[{"taxonomy":"product_brand","embeddable":true,"href":"https:\/\/uj.adatbank.ro\/lexikon\/wp-json\/wp\/v2\/product_brand?post=4724"},{"taxonomy":"product_cat","embeddable":true,"href":"https:\/\/uj.adatbank.ro\/lexikon\/wp-json\/wp\/v2\/product_cat?post=4724"},{"taxonomy":"product_tag","embeddable":true,"href":"https:\/\/uj.adatbank.ro\/lexikon\/wp-json\/wp\/v2\/product_tag?post=4724"}],"curies":[{"name":"wp","href":"https:\/\/api.w.org\/{rel}","templated":true}]}}