{"id":4730,"date":"2025-06-28T16:51:30","date_gmt":"2025-06-28T14:51:30","guid":{"rendered":"https:\/\/uj.adatbank.ro\/lexikon\/termek\/bikfalvi-alias-menyhart-janos\/"},"modified":"2025-06-28T16:51:30","modified_gmt":"2025-06-28T14:51:30","slug":"bikfalvi-alias-menyhart-janos","status":"publish","type":"product","link":"https:\/\/uj.adatbank.ro\/lexikon\/termek\/bikfalvi-alias-menyhart-janos\/","title":{"rendered":"BIKFALVI alias MENYH\u00c1RT J\u00e1nos"},"content":{"rendered":"<p>? \u2020\u00a0? : a kar\u00e1csonyfalvi \u00e9s folyfalvi eccla sz\u00e1m\u00e1ra confer\u00e1lt 1. egy aranyosan ez\u00fcstben foglalt szerecsendi\u00f3poharat.<\/br><\/p>\n","protected":false},"excerpt":{"rendered":"<p>? \u2020\u00a0? : a kar\u00e1csonyfalvi \u00e9s folyfalvi eccla sz\u00e1m\u00e1ra confer\u00e1lt 1. egy aranyosan ez\u00fcstben foglalt szerecsendi\u00f3poharat.<\/p>\n","protected":false},"featured_media":0,"comment_status":"open","ping_status":"closed","template":"","meta":[],"product_brand":[],"product_cat":[137],"product_tag":[],"class_list":{"0":"post-4730","1":"product","2":"type-product","3":"status-publish","5":"product_cat-maros-megyei-eletrajzi-lexikon","7":"first","8":"instock","9":"shipping-taxable","10":"product-type-simple"},"_links":{"self":[{"href":"https:\/\/uj.adatbank.ro\/lexikon\/wp-json\/wp\/v2\/product\/4730","targetHints":{"allow":["GET"]}}],"collection":[{"href":"https:\/\/uj.adatbank.ro\/lexikon\/wp-json\/wp\/v2\/product"}],"about":[{"href":"https:\/\/uj.adatbank.ro\/lexikon\/wp-json\/wp\/v2\/types\/product"}],"replies":[{"embeddable":true,"href":"https:\/\/uj.adatbank.ro\/lexikon\/wp-json\/wp\/v2\/comments?post=4730"}],"wp:attachment":[{"href":"https:\/\/uj.adatbank.ro\/lexikon\/wp-json\/wp\/v2\/media?parent=4730"}],"wp:term":[{"taxonomy":"product_brand","embeddable":true,"href":"https:\/\/uj.adatbank.ro\/lexikon\/wp-json\/wp\/v2\/product_brand?post=4730"},{"taxonomy":"product_cat","embeddable":true,"href":"https:\/\/uj.adatbank.ro\/lexikon\/wp-json\/wp\/v2\/product_cat?post=4730"},{"taxonomy":"product_tag","embeddable":true,"href":"https:\/\/uj.adatbank.ro\/lexikon\/wp-json\/wp\/v2\/product_tag?post=4730"}],"curies":[{"name":"wp","href":"https:\/\/api.w.org\/{rel}","templated":true}]}}