{"id":4733,"date":"2025-06-28T16:51:37","date_gmt":"2025-06-28T14:51:37","guid":{"rendered":"https:\/\/uj.adatbank.ro\/lexikon\/termek\/bikfalvi-janos-gyorgy\/"},"modified":"2025-06-28T16:51:37","modified_gmt":"2025-06-28T14:51:37","slug":"bikfalvi-janos-gyorgy","status":"publish","type":"product","link":"https:\/\/uj.adatbank.ro\/lexikon\/termek\/bikfalvi-janos-gyorgy\/","title":{"rendered":"BIKFALVI J\u00e1nos \/ Gy\u00f6rgy"},"content":{"rendered":"<p>? \u2020\u00a0? : tan\u00edt\u00f3. \u2013 Sz\u00e9kelyudvarhelyen subscrib\u00e1lt (1742), majd Mv.-en tov\u00e1bb tanult (1748). Kutyfalv\u00e1n (1751\u201352) \u00e9s Radn\u00f3ton volt rektor (1754\u201357), Bern\u00e1don l\u00e9vita (1766\u201398). <br \/><strong>Irod.:<\/strong> K\u00fck\u00fcll\u0151i Ref. Egyh\u00e1zm. 1., 3., 4.<\/br><\/p>\n","protected":false},"excerpt":{"rendered":"<p>? \u2020\u00a0? : tan\u00edt\u00f3. \u2013 Sz\u00e9kelyudvarhelyen subscrib\u00e1lt (1742), majd Mv.-en tov\u00e1bb tanult (1748). Kutyfalv\u00e1n (1751\u201352) \u00e9s Radn\u00f3ton volt rektor (1754\u201357), Bern\u00e1don l\u00e9vita (1766\u201398). Irod.: K\u00fck\u00fcll\u0151i Ref. Egyh\u00e1zm. 1., 3., 4.<\/p>\n","protected":false},"featured_media":0,"comment_status":"open","ping_status":"closed","template":"","meta":[],"product_brand":[],"product_cat":[137],"product_tag":[],"class_list":{"0":"post-4733","1":"product","2":"type-product","3":"status-publish","5":"product_cat-maros-megyei-eletrajzi-lexikon","7":"first","8":"instock","9":"shipping-taxable","10":"product-type-simple"},"_links":{"self":[{"href":"https:\/\/uj.adatbank.ro\/lexikon\/wp-json\/wp\/v2\/product\/4733","targetHints":{"allow":["GET"]}}],"collection":[{"href":"https:\/\/uj.adatbank.ro\/lexikon\/wp-json\/wp\/v2\/product"}],"about":[{"href":"https:\/\/uj.adatbank.ro\/lexikon\/wp-json\/wp\/v2\/types\/product"}],"replies":[{"embeddable":true,"href":"https:\/\/uj.adatbank.ro\/lexikon\/wp-json\/wp\/v2\/comments?post=4733"}],"wp:attachment":[{"href":"https:\/\/uj.adatbank.ro\/lexikon\/wp-json\/wp\/v2\/media?parent=4733"}],"wp:term":[{"taxonomy":"product_brand","embeddable":true,"href":"https:\/\/uj.adatbank.ro\/lexikon\/wp-json\/wp\/v2\/product_brand?post=4733"},{"taxonomy":"product_cat","embeddable":true,"href":"https:\/\/uj.adatbank.ro\/lexikon\/wp-json\/wp\/v2\/product_cat?post=4733"},{"taxonomy":"product_tag","embeddable":true,"href":"https:\/\/uj.adatbank.ro\/lexikon\/wp-json\/wp\/v2\/product_tag?post=4733"}],"curies":[{"name":"wp","href":"https:\/\/api.w.org\/{rel}","templated":true}]}}