{"id":4737,"date":"2025-06-28T16:51:44","date_gmt":"2025-06-28T14:51:44","guid":{"rendered":"https:\/\/uj.adatbank.ro\/lexikon\/termek\/binder-egon-erich\/"},"modified":"2025-06-28T16:51:44","modified_gmt":"2025-06-28T14:51:44","slug":"binder-egon-erich","status":"publish","type":"product","link":"https:\/\/uj.adatbank.ro\/lexikon\/termek\/binder-egon-erich\/","title":{"rendered":"BINDER Egon Erich"},"content":{"rendered":"<p>Sz\u00e1szr\u00e9genben, 1922. m\u00e1j. 5. \u2020 Vinkovici (Szlov\u00e1kia), 1945. jan. 17.: egys\u00e9gparancsnok. \u2013 A Waffen SS-ben parancsnok. A n\u00e9met hadsereg k\u00f6tel\u00e9k\u00e9ben harcolt, \u00e9s h\u0151si hal\u00e1lt halt a II. vh.-ban. <br \/><strong>Irod.:<\/strong> Reghin, militari<\/br><\/p>\n","protected":false},"excerpt":{"rendered":"<p>Sz\u00e1szr\u00e9genben, 1922. m\u00e1j. 5. \u2020 Vinkovici (Szlov\u00e1kia), 1945. jan. 17.: egys\u00e9gparancsnok. \u2013 A Waffen SS-ben parancsnok. A n\u00e9met hadsereg k\u00f6tel\u00e9k\u00e9ben harcolt, \u00e9s h\u0151si hal\u00e1lt halt a II. vh.-ban. Irod.: Reghin, militari<\/p>\n","protected":false},"featured_media":0,"comment_status":"open","ping_status":"closed","template":"","meta":[],"product_brand":[],"product_cat":[137],"product_tag":[],"class_list":{"0":"post-4737","1":"product","2":"type-product","3":"status-publish","5":"product_cat-maros-megyei-eletrajzi-lexikon","7":"first","8":"instock","9":"shipping-taxable","10":"product-type-simple"},"_links":{"self":[{"href":"https:\/\/uj.adatbank.ro\/lexikon\/wp-json\/wp\/v2\/product\/4737","targetHints":{"allow":["GET"]}}],"collection":[{"href":"https:\/\/uj.adatbank.ro\/lexikon\/wp-json\/wp\/v2\/product"}],"about":[{"href":"https:\/\/uj.adatbank.ro\/lexikon\/wp-json\/wp\/v2\/types\/product"}],"replies":[{"embeddable":true,"href":"https:\/\/uj.adatbank.ro\/lexikon\/wp-json\/wp\/v2\/comments?post=4737"}],"wp:attachment":[{"href":"https:\/\/uj.adatbank.ro\/lexikon\/wp-json\/wp\/v2\/media?parent=4737"}],"wp:term":[{"taxonomy":"product_brand","embeddable":true,"href":"https:\/\/uj.adatbank.ro\/lexikon\/wp-json\/wp\/v2\/product_brand?post=4737"},{"taxonomy":"product_cat","embeddable":true,"href":"https:\/\/uj.adatbank.ro\/lexikon\/wp-json\/wp\/v2\/product_cat?post=4737"},{"taxonomy":"product_tag","embeddable":true,"href":"https:\/\/uj.adatbank.ro\/lexikon\/wp-json\/wp\/v2\/product_tag?post=4737"}],"curies":[{"name":"wp","href":"https:\/\/api.w.org\/{rel}","templated":true}]}}