{"id":4739,"date":"2025-06-28T16:51:47","date_gmt":"2025-06-28T14:51:47","guid":{"rendered":"https:\/\/uj.adatbank.ro\/lexikon\/termek\/binder-georg-2\/"},"modified":"2025-06-28T16:51:47","modified_gmt":"2025-06-28T14:51:47","slug":"binder-georg-2","status":"publish","type":"product","link":"https:\/\/uj.adatbank.ro\/lexikon\/termek\/binder-georg-2\/","title":{"rendered":"BINDER Georg"},"content":{"rendered":"<p>Segesv\u00e1r, 1815. m\u00e1j. 9., \u2020 Segesv\u00e1r, 1888. \u00e1pr. 4.: tan\u00e1r, ev. lelk\u00e9sz. \u2013 Sz\u00fcl\u0151v\u00e1ros\u00e1ban, Kv.-on, B\u00e9csben, Berlinben tanult (1835\u201339); ezut\u00e1n a segesv\u00e1ri gimn.-ban tan\u00e1r (1844-ig); Sz\u00e1szvolk\u00e1nyban, H\u00e9genben majd Sz\u00e1szk\u00e9zden (1855\u2013) lelk\u00e9sz. F\u00f6ldrajzi \u00e9s t\u00f6rt\u00e9nelmi cikkeket \u00edrt erd\u00e9lyi \u00e9s k\u00fclf\u00f6ldi foly\u00f3iratokban; szerkesztette a Siebenb. Hausfreund c. napt\u00e1r h\u00e9t \u00e9vfolyam\u00e1t (Brass\u00f3, 1848\u201354). \u2013 <strong>F. m.:<\/strong> Leitfaden beim Unterrichte in der Erdbeschreibung in den Siebenb\u00fcrger-deutschen Statdt- und Landschulen (Kronstadt, 1842); \u00dcbersicht der gesamten Erdkunde f\u00fcr Schule und Haus (Kronstadt, 1844); Die H\u00f6henverh\u00e4ltniss Siebenb\u00fcrgens (Wien, 1851). <br \/><strong>Irod.:<\/strong> Szab\u00f3\u2013Sz\u00f6gi; Szinnyei; Szinnyei J.- Sz. J.; Todea\u2013F\u00fcl\u00f6p\u2013Avram<\/br><\/p>\n","protected":false},"excerpt":{"rendered":"<p>Segesv\u00e1r, 1815. m\u00e1j. 9., \u2020 Segesv\u00e1r, 1888. \u00e1pr. 4.: tan\u00e1r, ev. lelk\u00e9sz. \u2013 Sz\u00fcl\u0151v\u00e1ros\u00e1ban, Kv.-on, B\u00e9csben, Berlinben tanult (1835\u201339); ezut\u00e1n a segesv\u00e1ri gimn.-ban tan\u00e1r (1844-ig); Sz\u00e1szvolk\u00e1nyban, H\u00e9genben majd Sz\u00e1szk\u00e9zden (1855\u2013) lelk\u00e9sz. F\u00f6ldrajzi \u00e9s t\u00f6rt\u00e9nelmi cikkeket \u00edrt erd\u00e9lyi \u00e9s k\u00fclf\u00f6ldi foly\u00f3iratokban; szerkesztette a Siebenb. Hausfreund c. napt\u00e1r h\u00e9t \u00e9vfolyam\u00e1t (Brass\u00f3, 1848\u201354). \u2013 F. m.: Leitfaden beim [&hellip;]<\/p>\n","protected":false},"featured_media":0,"comment_status":"open","ping_status":"closed","template":"","meta":[],"product_brand":[],"product_cat":[137],"product_tag":[],"class_list":{"0":"post-4739","1":"product","2":"type-product","3":"status-publish","5":"product_cat-maros-megyei-eletrajzi-lexikon","7":"first","8":"instock","9":"shipping-taxable","10":"product-type-simple"},"_links":{"self":[{"href":"https:\/\/uj.adatbank.ro\/lexikon\/wp-json\/wp\/v2\/product\/4739","targetHints":{"allow":["GET"]}}],"collection":[{"href":"https:\/\/uj.adatbank.ro\/lexikon\/wp-json\/wp\/v2\/product"}],"about":[{"href":"https:\/\/uj.adatbank.ro\/lexikon\/wp-json\/wp\/v2\/types\/product"}],"replies":[{"embeddable":true,"href":"https:\/\/uj.adatbank.ro\/lexikon\/wp-json\/wp\/v2\/comments?post=4739"}],"wp:attachment":[{"href":"https:\/\/uj.adatbank.ro\/lexikon\/wp-json\/wp\/v2\/media?parent=4739"}],"wp:term":[{"taxonomy":"product_brand","embeddable":true,"href":"https:\/\/uj.adatbank.ro\/lexikon\/wp-json\/wp\/v2\/product_brand?post=4739"},{"taxonomy":"product_cat","embeddable":true,"href":"https:\/\/uj.adatbank.ro\/lexikon\/wp-json\/wp\/v2\/product_cat?post=4739"},{"taxonomy":"product_tag","embeddable":true,"href":"https:\/\/uj.adatbank.ro\/lexikon\/wp-json\/wp\/v2\/product_tag?post=4739"}],"curies":[{"name":"wp","href":"https:\/\/api.w.org\/{rel}","templated":true}]}}